{"id":14887,"date":"2025-09-27T10:52:00","date_gmt":"2025-09-27T09:52:00","guid":{"rendered":"https:\/\/thequeenhouse.co.uk\/?post_type=product&#038;p=14887"},"modified":"2025-09-27T11:06:11","modified_gmt":"2025-09-27T10:06:11","slug":"marmurinis-namu-interjero-padeklas-30cm-%f0%9f%96%a4-copy","status":"publish","type":"product","link":"https:\/\/thequeenhouse.co.uk\/lt\/produktas\/marmurinis-namu-interjero-padeklas-30cm-%f0%9f%96%a4-copy\/","title":{"rendered":"Namu Interjero Padeklas &#8211; \u201ePaslaptingos Nakties Atspindys\u201c \ud83d\udda4"},"content":{"rendered":"","protected":false},"excerpt":{"rendered":"<p data-start=\"100\" data-end=\"448\"><strong>Namu Interjero Padeklas &#8211; \u201ePaslaptingos Nakties Atspindys\u201c \ud83d\udda4<\/strong><\/p>\n<p data-start=\"100\" data-end=\"448\">Rank\u0173 darbo dekoratyvinis pad\u0117klas, kuris spinduliuoja prabanga ir i\u0161skirtinumu. Unikalus juodo pagrindo dizainas subtiliai papuo\u0161tas \u012flietu\u0328 tikr\u0173 detali\u0173 deriniu \u2013 prabangi\u0173 kvepal\u0173 buteliuku, batelio, dizainerio l\u016bpda\u017eio bei \u201eProsecco\u201c \u0161ampano elementais. Kiekviena detal\u0117 tarsi pasakoja savo istorij\u0105, suteikdama padeklui ypating\u0105 charakter\u012f.<\/p>\n<p data-start=\"450\" data-end=\"633\">\u012esp\u016bdingo 35 cm skersmens pad\u0117klas tampa ne tik prakti\u0161ku, bet ir stilingu interjero akcentu, galin\u010diu papuo\u0161ti J\u016bs\u0173 namus ar b\u016bti i\u0161skirtine dovana \u017emogui, kuris vertina unikalum\u0105.<\/p>\n","protected":false},"featured_media":14889,"comment_status":"open","ping_status":"closed","template":"","meta":[],"product_brand":[],"product_cat":[44,315,48],"product_tag":[],"class_list":{"0":"post-14887","1":"product","2":"type-product","3":"status-publish","4":"has-post-thumbnail","6":"product_cat-namams","7":"product_cat-namu-dekoracijos","8":"product_cat-padeklai","10":"first","11":"outofstock","12":"taxable","13":"shipping-taxable","14":"purchasable","15":"product-type-simple"},"_links":{"self":[{"href":"https:\/\/thequeenhouse.co.uk\/lt\/wp-json\/wp\/v2\/product\/14887","targetHints":{"allow":["GET"]}}],"collection":[{"href":"https:\/\/thequeenhouse.co.uk\/lt\/wp-json\/wp\/v2\/product"}],"about":[{"href":"https:\/\/thequeenhouse.co.uk\/lt\/wp-json\/wp\/v2\/types\/product"}],"replies":[{"embeddable":true,"href":"https:\/\/thequeenhouse.co.uk\/lt\/wp-json\/wp\/v2\/comments?post=14887"}],"wp:featuredmedia":[{"embeddable":true,"href":"https:\/\/thequeenhouse.co.uk\/lt\/wp-json\/wp\/v2\/media\/14889"}],"wp:attachment":[{"href":"https:\/\/thequeenhouse.co.uk\/lt\/wp-json\/wp\/v2\/media?parent=14887"}],"wp:term":[{"taxonomy":"product_brand","embeddable":true,"href":"https:\/\/thequeenhouse.co.uk\/lt\/wp-json\/wp\/v2\/product_brand?post=14887"},{"taxonomy":"product_cat","embeddable":true,"href":"https:\/\/thequeenhouse.co.uk\/lt\/wp-json\/wp\/v2\/product_cat?post=14887"},{"taxonomy":"product_tag","embeddable":true,"href":"https:\/\/thequeenhouse.co.uk\/lt\/wp-json\/wp\/v2\/product_tag?post=14887"}],"curies":[{"name":"wp","href":"https:\/\/api.w.org\/{rel}","templated":true}]}}