{"id":14932,"date":"2025-10-01T12:56:48","date_gmt":"2025-10-01T11:56:48","guid":{"rendered":"https:\/\/thequeenhouse.co.uk\/?post_type=product&#038;p=14932"},"modified":"2025-10-01T13:07:54","modified_gmt":"2025-10-01T12:07:54","slug":"namu-dekoracija-infinity-glow-copy","status":"publish","type":"product","link":"https:\/\/thequeenhouse.co.uk\/lt\/produktas\/namu-dekoracija-infinity-glow-copy\/","title":{"rendered":"Nam\u0173 Dekoracija &#8211; \u201eOpulent Glow\u201c"},"content":{"rendered":"<p><strong>\u201eOpulent Glow\u201c<\/strong> \u2013 tai juodos elegancijos ir aukso prabangos \u0161okis. Kiekviena linija pasakoja istorij\u0105 apie stili\u0173, gili\u0105 estetik\u0105 ir \u0161iuolaikin\u0119 rafinuot\u0105 aur\u0105. \u0160i dekoracija taps \u017evilgsnius traukian\u010diu centru, kuris nepasteb\u0117tas neliks.<\/p>\n","protected":false},"excerpt":{"rendered":"<p data-start=\"100\" data-end=\"448\"><strong>Nam\u0173 Dekoracija &#8211; \u201eOpulent Glow\u201c \ud83d\udda4<\/strong><\/p>\n<p data-start=\"340\" data-end=\"675\">Dr\u0105si, paslaptinga ir rafinuota \u2013 <strong>\u201eOpulent Glow\u201c<\/strong>. Tai dekoracija, kuri spinduliuoja stiprybe ir subtilia prabanga. Gili juoda keramika su aukso blyksniais suteikia interjerui i\u0161skirtinio charakterio, paversdama j\u016bs\u0173 namus modernaus meno galerija.<\/p>\n<p data-start=\"677\" data-end=\"743\"><strong data-start=\"924\" data-end=\"940\">I\u0161matavimai:<\/strong> auk\u0161tis \u2013 24,5 cm, plotis \u2013 16 cm.<\/p>\n","protected":false},"featured_media":14940,"comment_status":"open","ping_status":"closed","template":"","meta":[],"product_brand":[],"product_cat":[44,315,236],"product_tag":[],"class_list":{"0":"post-14932","1":"product","2":"type-product","3":"status-publish","4":"has-post-thumbnail","6":"product_cat-namams","7":"product_cat-namu-dekoracijos","8":"product_cat-populiaru","10":"first","11":"instock","12":"taxable","13":"shipping-taxable","14":"purchasable","15":"product-type-simple"},"_links":{"self":[{"href":"https:\/\/thequeenhouse.co.uk\/lt\/wp-json\/wp\/v2\/product\/14932","targetHints":{"allow":["GET"]}}],"collection":[{"href":"https:\/\/thequeenhouse.co.uk\/lt\/wp-json\/wp\/v2\/product"}],"about":[{"href":"https:\/\/thequeenhouse.co.uk\/lt\/wp-json\/wp\/v2\/types\/product"}],"replies":[{"embeddable":true,"href":"https:\/\/thequeenhouse.co.uk\/lt\/wp-json\/wp\/v2\/comments?post=14932"}],"wp:featuredmedia":[{"embeddable":true,"href":"https:\/\/thequeenhouse.co.uk\/lt\/wp-json\/wp\/v2\/media\/14940"}],"wp:attachment":[{"href":"https:\/\/thequeenhouse.co.uk\/lt\/wp-json\/wp\/v2\/media?parent=14932"}],"wp:term":[{"taxonomy":"product_brand","embeddable":true,"href":"https:\/\/thequeenhouse.co.uk\/lt\/wp-json\/wp\/v2\/product_brand?post=14932"},{"taxonomy":"product_cat","embeddable":true,"href":"https:\/\/thequeenhouse.co.uk\/lt\/wp-json\/wp\/v2\/product_cat?post=14932"},{"taxonomy":"product_tag","embeddable":true,"href":"https:\/\/thequeenhouse.co.uk\/lt\/wp-json\/wp\/v2\/product_tag?post=14932"}],"curies":[{"name":"wp","href":"https:\/\/api.w.org\/{rel}","templated":true}]}}