{"id":15481,"date":"2025-10-19T09:40:02","date_gmt":"2025-10-19T08:40:02","guid":{"rendered":"https:\/\/thequeenhouse.co.uk\/kaledinis-produktas\/"},"modified":"2025-10-19T11:49:00","modified_gmt":"2025-10-19T10:49:00","slug":"kaledinis-produktas","status":"publish","type":"product","link":"https:\/\/thequeenhouse.co.uk\/lt\/produktas\/kaledinis-produktas\/","title":{"rendered":"Vienas namuose ,,Taikos baland\u017eiai&#8221;"},"content":{"rendered":"","protected":false},"excerpt":{"rendered":"<p>Meil\u0117s ir \u0161velnumo simbolis<\/p>\n<p>Du subtil\u016bs dekoratyviniai baland\u017eiai \u2013 tai ne tik gra\u017ei interjero detal\u0117, bet ir prasminga dovana ypatingam \u017emogui. \u012eteikdami vien\u0105 i\u0161 \u0161i\u0173 baland\u017ei\u0173, j\u016bs i\u0161rei\u0161kiate meil\u0119, \u0161ilum\u0105, i\u0161tikimyb\u0119 ir d\u0117kingum\u0105, primindami, koks brangus yra \u017emogus, kuriam jis skirtas.<\/p>\n<p>\u0160ie baland\u017eiai simbolizuoja ramyb\u0119, vienyb\u0119 ir \u0161ird\u017ei\u0173 ry\u0161\u012f, tod\u0117l puikiai tinka tiek dovanai, tiek kaip \u0161ventinis Kal\u0117d\u0173 eglut\u0117s papuo\u0161imas, suteikiantis elegancijos ir jaukumo j\u016bs\u0173 namams.<\/p>\n<p>Tai \u2013 nedidel\u0117, bet labai \u0161velni ir prasminga dovana, kuri palieka \u0161irdyje \u0161ilumos\u00a0p\u0117dsak\u0105.<\/p>\n","protected":false},"featured_media":15456,"comment_status":"open","ping_status":"closed","template":"","meta":[],"product_brand":[],"product_cat":[174],"product_tag":[],"class_list":{"0":"post-15481","1":"product","2":"type-product","3":"status-publish","4":"has-post-thumbnail","6":"product_cat-christmas-lt","8":"first","9":"instock","10":"taxable","11":"shipping-taxable","12":"purchasable","13":"product-type-variable"},"_links":{"self":[{"href":"https:\/\/thequeenhouse.co.uk\/lt\/wp-json\/wp\/v2\/product\/15481","targetHints":{"allow":["GET"]}}],"collection":[{"href":"https:\/\/thequeenhouse.co.uk\/lt\/wp-json\/wp\/v2\/product"}],"about":[{"href":"https:\/\/thequeenhouse.co.uk\/lt\/wp-json\/wp\/v2\/types\/product"}],"replies":[{"embeddable":true,"href":"https:\/\/thequeenhouse.co.uk\/lt\/wp-json\/wp\/v2\/comments?post=15481"}],"wp:featuredmedia":[{"embeddable":true,"href":"https:\/\/thequeenhouse.co.uk\/lt\/wp-json\/wp\/v2\/media\/15456"}],"wp:attachment":[{"href":"https:\/\/thequeenhouse.co.uk\/lt\/wp-json\/wp\/v2\/media?parent=15481"}],"wp:term":[{"taxonomy":"product_brand","embeddable":true,"href":"https:\/\/thequeenhouse.co.uk\/lt\/wp-json\/wp\/v2\/product_brand?post=15481"},{"taxonomy":"product_cat","embeddable":true,"href":"https:\/\/thequeenhouse.co.uk\/lt\/wp-json\/wp\/v2\/product_cat?post=15481"},{"taxonomy":"product_tag","embeddable":true,"href":"https:\/\/thequeenhouse.co.uk\/lt\/wp-json\/wp\/v2\/product_tag?post=15481"}],"curies":[{"name":"wp","href":"https:\/\/api.w.org\/{rel}","templated":true}]}}