{"id":15491,"date":"2025-10-18T14:55:11","date_gmt":"2025-10-18T13:55:11","guid":{"rendered":"https:\/\/thequeenhouse.co.uk\/tray-set-enchanted-emerald\/"},"modified":"2025-10-19T11:37:14","modified_gmt":"2025-10-19T10:37:14","slug":"tray-set-enchanted-emerald","status":"publish","type":"product","link":"https:\/\/thequeenhouse.co.uk\/lt\/produktas\/tray-set-enchanted-emerald\/","title":{"rendered":"Tray\/Set ,,Enchanted Emerald&#8221;"},"content":{"rendered":"","protected":false},"excerpt":{"rendered":"<p>Atrask i\u0161skirtin\u012f rank\u0173 darbo pad\u0117kl\u0105, kuris taps nepriekai\u0161tingu tavo nam\u0173 akcentu. Giliai \u017ealsvai m\u0117lyna, tarsi vandenyno gelm\u0119 primenanti spalva su \u0161velniais juodo ir balt\u0173 bang\u0173 ra\u0161tais sukuria prabangos, ramyb\u0117s ir paslapties poj\u016bt\u012f. Kiekvienas pad\u0117klas \u2013 unikalus meno k\u016brinys, kuriame atsispindi kruop\u0161tus meistryst\u0117s darbas ir k\u016brybi\u0161kumas.<\/p>\n<p>\u0160is pad\u0117klas puikiai dera tiek moderniame, tiek klasikiniame interjere \u2013 jis gali b\u016bti naudojamas kaip dekoratyvinis akcentas, \u017evaki\u0173 ar g\u0117li\u0173 pagrindas, arba tiesiog kaip stilinga detal\u0117 kavos staliukui.<\/p>\n<p>Norint sukurti piln\u0105, nepriekai\u0161tingai derant\u012f rinkin\u012f, \u0161\u012f pad\u0117kl\u0105 galima \u012fsigyti kartu su:<br \/>\n\u2728 Diamond Queen 650 g \u017evake<br \/>\n\ud83c\udf38 Keramikine g\u0117le su auksiniais akcentais<\/p>\n<p>Tai \u2013 elegancijos, i\u0161skirtinumo ir rank\u0173 darbo \u017eavesio derinys, kuris neabejotinai papuo\u0161 tavo namus arba taps puikia dovana\u00a0mylimam\u00a0\u017emogui.<\/p>\n","protected":false},"featured_media":15400,"comment_status":"open","ping_status":"closed","template":"","meta":[],"product_brand":[],"product_cat":[44,315,48],"product_tag":[],"class_list":{"0":"post-15491","1":"product","2":"type-product","3":"status-publish","4":"has-post-thumbnail","6":"product_cat-namams","7":"product_cat-namu-dekoracijos","8":"product_cat-padeklai","10":"first","11":"outofstock","12":"taxable","13":"shipping-taxable","14":"purchasable","15":"product-type-variable"},"_links":{"self":[{"href":"https:\/\/thequeenhouse.co.uk\/lt\/wp-json\/wp\/v2\/product\/15491","targetHints":{"allow":["GET"]}}],"collection":[{"href":"https:\/\/thequeenhouse.co.uk\/lt\/wp-json\/wp\/v2\/product"}],"about":[{"href":"https:\/\/thequeenhouse.co.uk\/lt\/wp-json\/wp\/v2\/types\/product"}],"replies":[{"embeddable":true,"href":"https:\/\/thequeenhouse.co.uk\/lt\/wp-json\/wp\/v2\/comments?post=15491"}],"wp:featuredmedia":[{"embeddable":true,"href":"https:\/\/thequeenhouse.co.uk\/lt\/wp-json\/wp\/v2\/media\/15400"}],"wp:attachment":[{"href":"https:\/\/thequeenhouse.co.uk\/lt\/wp-json\/wp\/v2\/media?parent=15491"}],"wp:term":[{"taxonomy":"product_brand","embeddable":true,"href":"https:\/\/thequeenhouse.co.uk\/lt\/wp-json\/wp\/v2\/product_brand?post=15491"},{"taxonomy":"product_cat","embeddable":true,"href":"https:\/\/thequeenhouse.co.uk\/lt\/wp-json\/wp\/v2\/product_cat?post=15491"},{"taxonomy":"product_tag","embeddable":true,"href":"https:\/\/thequeenhouse.co.uk\/lt\/wp-json\/wp\/v2\/product_tag?post=15491"}],"curies":[{"name":"wp","href":"https:\/\/api.w.org\/{rel}","templated":true}]}}