{"id":15624,"date":"2025-10-20T15:29:00","date_gmt":"2025-10-20T14:29:00","guid":{"rendered":"https:\/\/thequeenhouse.co.uk\/prabangios-650-ml-vyno-taures-su-raudona-kojele\/"},"modified":"2025-10-20T15:32:37","modified_gmt":"2025-10-20T14:32:37","slug":"prabangios-650-ml-vyno-taures-su-raudona-kojele","status":"publish","type":"product","link":"https:\/\/thequeenhouse.co.uk\/lt\/produktas\/prabangios-650-ml-vyno-taures-su-raudona-kojele\/","title":{"rendered":"Prabangios 650 ml vyno taur\u0117s su raudona kojel\u0117"},"content":{"rendered":"","protected":false},"excerpt":{"rendered":"<p><span style=\"color: #ff0000;\"><strong>I\u0160ANKSTINIS U\u017dSAKYMAS &#8211; Pristatymas tarp Lapkri\u010dio 10-15 d.<\/strong><\/span><\/p>\n<p>Elegancija su i\u0161rai\u0161kingu akcentu<\/p>\n<p>Kiekvienas gurk\u0161nis vertas i\u0161skirtinumo. \u0160ios 650 ml taur\u0117s sujungia klasikin\u012f stili\u0173 ir modern\u0173 dizain\u0105 \u2013 skaidrus, eleganti\u0161kas vir\u0161us ir gundan\u010diai raudona kojel\u0117 suteikia i\u0161skirtinio \u017eavesio. Puikiai tinka vynui, Aperol ar kokteiliams \u2013 jos pripildys stal\u0105 prabangos, spalv\u0173 ir nuotaikos.  <\/p>\n<p>Idealu tiek jaukiam vakarui dviese, tiek draug\u0173 susitikimui \u2013 \u0161ios taur\u0117s traukia ak\u012f ir kuria atmosfer\u0105.<\/p>\n<p>\u2728 Sukurtos su\u017eav\u0117ti. Tobulos m\u0117gautis. <\/p>\n","protected":false},"featured_media":15620,"comment_status":"open","ping_status":"closed","template":"","meta":[],"product_brand":[],"product_cat":[44,236],"product_tag":[],"class_list":{"0":"post-15624","1":"product","2":"type-product","3":"status-publish","4":"has-post-thumbnail","6":"product_cat-namams","7":"product_cat-populiaru","9":"first","10":"outofstock","11":"taxable","12":"shipping-taxable","13":"purchasable","14":"product-type-variable"},"_links":{"self":[{"href":"https:\/\/thequeenhouse.co.uk\/lt\/wp-json\/wp\/v2\/product\/15624","targetHints":{"allow":["GET"]}}],"collection":[{"href":"https:\/\/thequeenhouse.co.uk\/lt\/wp-json\/wp\/v2\/product"}],"about":[{"href":"https:\/\/thequeenhouse.co.uk\/lt\/wp-json\/wp\/v2\/types\/product"}],"replies":[{"embeddable":true,"href":"https:\/\/thequeenhouse.co.uk\/lt\/wp-json\/wp\/v2\/comments?post=15624"}],"wp:featuredmedia":[{"embeddable":true,"href":"https:\/\/thequeenhouse.co.uk\/lt\/wp-json\/wp\/v2\/media\/15620"}],"wp:attachment":[{"href":"https:\/\/thequeenhouse.co.uk\/lt\/wp-json\/wp\/v2\/media?parent=15624"}],"wp:term":[{"taxonomy":"product_brand","embeddable":true,"href":"https:\/\/thequeenhouse.co.uk\/lt\/wp-json\/wp\/v2\/product_brand?post=15624"},{"taxonomy":"product_cat","embeddable":true,"href":"https:\/\/thequeenhouse.co.uk\/lt\/wp-json\/wp\/v2\/product_cat?post=15624"},{"taxonomy":"product_tag","embeddable":true,"href":"https:\/\/thequeenhouse.co.uk\/lt\/wp-json\/wp\/v2\/product_tag?post=15624"}],"curies":[{"name":"wp","href":"https:\/\/api.w.org\/{rel}","templated":true}]}}