{"id":15639,"date":"2025-10-24T12:29:35","date_gmt":"2025-10-24T11:29:35","guid":{"rendered":"https:\/\/thequeenhouse.co.uk\/?post_type=product&#038;p=15639"},"modified":"2025-10-24T12:37:13","modified_gmt":"2025-10-24T11:37:13","slug":"namu-dekoracija-opulent-glow-balta-copy","status":"publish","type":"product","link":"https:\/\/thequeenhouse.co.uk\/lt\/produktas\/namu-dekoracija-opulent-glow-balta-copy\/","title":{"rendered":"Rank\u0173 darbo pad\u0117klas \/ serviravimo lentel\u0117 \u201eEmerald River\u201c"},"content":{"rendered":"","protected":false},"excerpt":{"rendered":"<p data-start=\"367\" data-end=\"743\">\u0160is i\u0161skirtinis <strong data-start=\"383\" data-end=\"407\">rank\u0173 darbo pad\u0117klas<\/strong> \u2013 tikras stiliaus ir gamtos harmonijos derinys.<br data-start=\"455\" data-end=\"458\" \/>Nat\u016bralaus med\u017eio tekst\u016bra su <strong data-start=\"488\" data-end=\"535\">smaragdo \u017ealumo epoksidin\u0117s dervos \u201eupeliu\u201c<\/strong> sukuria \u012fsp\u016bding\u0105 kontrast\u0105, primenant\u012f tekan\u010dio vandens ramyb\u0119.<br data-start=\"600\" data-end=\"603\" \/>Kiekviena lentel\u0117 yra <strong data-start=\"625\" data-end=\"636\">unikali<\/strong> \u2013 pagaminta su meile, tod\u0117l dervos ra\u0161tas visada \u0161iek tiek skiriasi ir tampa nepakartojamu meno k\u016briniu.<\/p>\n<p data-start=\"745\" data-end=\"934\">\ud83e\uddc0 Puikiai tinka:<br data-start=\"762\" data-end=\"765\" \/>\u2013 serviruoti s\u016brius, vaisius ar u\u017ekand\u017eius;<br data-start=\"808\" data-end=\"811\" \/>\u2013 naudoti kaip stiling\u0105 stalo akcent\u0105 ar dekoratyvin\u012f pad\u0117kl\u0105;<br data-start=\"873\" data-end=\"876\" \/>\u2013 dovanoti kaip prabang\u0173, i\u0161skirtin\u012f rank\u0173 darbo gamin\u012f.<\/p>\n<p data-start=\"936\" data-end=\"1080\">\ud83d\udccf <strong data-start=\"939\" data-end=\"955\">I\u0161matavimai:<\/strong> 46 \u00d7 23 cm (18.11 \u00d7 9.05 in)<br data-start=\"984\" data-end=\"987\" \/>\ud83c\udf33 <strong data-start=\"990\" data-end=\"1004\">Med\u017eiagos:<\/strong> nat\u016brali mediena, epoksidin\u0117 derva<br data-start=\"1039\" data-end=\"1042\" \/>\ud83d\udca7 Lengvai valoma, ilgaam\u017e\u0117, tvirta.<\/p>\n<p data-start=\"1082\" data-end=\"1150\"><strong>Kiekviena detal\u0117 \u2013 sukurta tam, kad tavo stalas pasakot\u0173 istorij\u0105.<\/strong><\/p>\n<p data-start=\"677\" data-end=\"743\">\n","protected":false},"featured_media":15643,"comment_status":"open","ping_status":"closed","template":"","meta":[],"product_brand":[],"product_cat":[174,44,315],"product_tag":[],"class_list":{"0":"post-15639","1":"product","2":"type-product","3":"status-publish","4":"has-post-thumbnail","6":"product_cat-christmas-lt","7":"product_cat-namams","8":"product_cat-namu-dekoracijos","10":"first","11":"instock","12":"taxable","13":"shipping-taxable","14":"purchasable","15":"product-type-simple"},"_links":{"self":[{"href":"https:\/\/thequeenhouse.co.uk\/lt\/wp-json\/wp\/v2\/product\/15639","targetHints":{"allow":["GET"]}}],"collection":[{"href":"https:\/\/thequeenhouse.co.uk\/lt\/wp-json\/wp\/v2\/product"}],"about":[{"href":"https:\/\/thequeenhouse.co.uk\/lt\/wp-json\/wp\/v2\/types\/product"}],"replies":[{"embeddable":true,"href":"https:\/\/thequeenhouse.co.uk\/lt\/wp-json\/wp\/v2\/comments?post=15639"}],"wp:featuredmedia":[{"embeddable":true,"href":"https:\/\/thequeenhouse.co.uk\/lt\/wp-json\/wp\/v2\/media\/15643"}],"wp:attachment":[{"href":"https:\/\/thequeenhouse.co.uk\/lt\/wp-json\/wp\/v2\/media?parent=15639"}],"wp:term":[{"taxonomy":"product_brand","embeddable":true,"href":"https:\/\/thequeenhouse.co.uk\/lt\/wp-json\/wp\/v2\/product_brand?post=15639"},{"taxonomy":"product_cat","embeddable":true,"href":"https:\/\/thequeenhouse.co.uk\/lt\/wp-json\/wp\/v2\/product_cat?post=15639"},{"taxonomy":"product_tag","embeddable":true,"href":"https:\/\/thequeenhouse.co.uk\/lt\/wp-json\/wp\/v2\/product_tag?post=15639"}],"curies":[{"name":"wp","href":"https:\/\/api.w.org\/{rel}","templated":true}]}}