{"id":15667,"date":"2025-10-24T12:38:54","date_gmt":"2025-10-24T11:38:54","guid":{"rendered":"https:\/\/thequeenhouse.co.uk\/2026-naujuju-metu-sekmes-simbolis\/"},"modified":"2025-10-24T12:46:05","modified_gmt":"2025-10-24T11:46:05","slug":"2026-naujuju-metu-sekmes-simbolis","status":"publish","type":"product","link":"https:\/\/thequeenhouse.co.uk\/lt\/produktas\/2026-naujuju-metu-sekmes-simbolis\/","title":{"rendered":"2026 Nauj\u0173j\u0173 Met\u0173 S\u0117km\u0117s Simbolis"},"content":{"rendered":"","protected":false},"excerpt":{"rendered":"<div>\u012e\u017eenkite \u012f 2026-uosius metus su pasitik\u0117jimu, \u0161viesa ir geros energijos simboliu \u2013 rank\u0173 darbo laim\u0117s pasaga.<\/div>\n<div>Pasaga nuo sen\u0173 laik\u0173 laikoma s\u0117km\u0117s, apsaugos ir klest\u0117jimo \u017eenklu, o \u0161is i\u0161skirtinis k\u016brinys sukurtas tam, kad primint\u0173: kiekviena diena gali b\u016bti kupina stebukl\u0173, jei \u012f j\u0105 \u012f\u017eengi su \u0161ypsena ir tik\u0117jimu. <\/div>\n<div><\/div>\n<div>Kiekviena pasaga \u2013 kruop\u0161\u010diai sukurta rankomis.<br \/>Puikiai tiks kaip naujamet\u0117 dovana, nam\u0173 apsaugos simbolis ar stilingas interjero akcentas.<\/div>\n<div><\/div>\n<div>\ud83c\udfa8 Pasirinkite savo spalv\u0105 ir energij\u0105:<\/div>\n<div>Royal Blue \u2013 karali\u0161kam pasitik\u0117jimui ir ai\u0161kumui<\/div>\n<div>Electric Silver \u2013 \u0161viesai, naujai prad\u017eiai ir \u012fkv\u0117pimui<\/div>\n<div>Gold Brown \u2013 stabilumui, jaukumui ir gausai<\/div>\n<div>Emerald Green \u2013 augimui, sveikatai ir harmonijai<\/div>\n<div>Burgundy Red \u2013 meilei, j\u0117gai ir aistrai<\/div>\n<div>Royal Velvet \u2013 prabangai, sielos ramybei ir s\u0117kmei<\/div>\n<div><\/div>\n<div>\ud83e\uddf2Leiskite s\u0117kmei \u012f\u017eengti \u012f j\u016bs\u0173 namus 2026-aisiais!<\/div>\n<div>Kiekviena pasaga \u2013 unikali, pagaminta su \u0161irdimi ir gera energija.<\/div>\n","protected":false},"featured_media":15666,"comment_status":"open","ping_status":"closed","template":"","meta":[],"product_brand":[],"product_cat":[174],"product_tag":[],"class_list":{"0":"post-15667","1":"product","2":"type-product","3":"status-publish","4":"has-post-thumbnail","6":"product_cat-christmas-lt","8":"first","9":"instock","10":"taxable","11":"shipping-taxable","12":"purchasable","13":"product-type-variable"},"_links":{"self":[{"href":"https:\/\/thequeenhouse.co.uk\/lt\/wp-json\/wp\/v2\/product\/15667","targetHints":{"allow":["GET"]}}],"collection":[{"href":"https:\/\/thequeenhouse.co.uk\/lt\/wp-json\/wp\/v2\/product"}],"about":[{"href":"https:\/\/thequeenhouse.co.uk\/lt\/wp-json\/wp\/v2\/types\/product"}],"replies":[{"embeddable":true,"href":"https:\/\/thequeenhouse.co.uk\/lt\/wp-json\/wp\/v2\/comments?post=15667"}],"wp:featuredmedia":[{"embeddable":true,"href":"https:\/\/thequeenhouse.co.uk\/lt\/wp-json\/wp\/v2\/media\/15666"}],"wp:attachment":[{"href":"https:\/\/thequeenhouse.co.uk\/lt\/wp-json\/wp\/v2\/media?parent=15667"}],"wp:term":[{"taxonomy":"product_brand","embeddable":true,"href":"https:\/\/thequeenhouse.co.uk\/lt\/wp-json\/wp\/v2\/product_brand?post=15667"},{"taxonomy":"product_cat","embeddable":true,"href":"https:\/\/thequeenhouse.co.uk\/lt\/wp-json\/wp\/v2\/product_cat?post=15667"},{"taxonomy":"product_tag","embeddable":true,"href":"https:\/\/thequeenhouse.co.uk\/lt\/wp-json\/wp\/v2\/product_tag?post=15667"}],"curies":[{"name":"wp","href":"https:\/\/api.w.org\/{rel}","templated":true}]}}