{"id":15698,"date":"2025-10-24T12:47:20","date_gmt":"2025-10-24T11:47:20","guid":{"rendered":"https:\/\/thequeenhouse.co.uk\/?post_type=product&#038;p=15698"},"modified":"2025-10-24T13:12:52","modified_gmt":"2025-10-24T12:12:52","slug":"ranku-darbo-kaledinis-padeklas-ziemos-pasaka","status":"publish","type":"product","link":"https:\/\/thequeenhouse.co.uk\/lt\/produktas\/ranku-darbo-kaledinis-padeklas-ziemos-pasaka\/","title":{"rendered":"Rank\u0173 darbo kal\u0117dinis pad\u0117klas \u201e\u017diemos pasaka\u201c"},"content":{"rendered":"","protected":false},"excerpt":{"rendered":"<div>\ud83c\udf85 \u012ene\u0161kite \u0161ventin\u0117s \u0161ilumos ir jaukumo \u012f savo namus su \u0161iuo i\u0161skirtiniu rank\u0173 darbo dekoratyviniu pad\u0117klu \u2013 ma\u017eyte Kal\u0117d\u0173 pasaka, sukurta su meile ir d\u0117mesiu kiekvienai detalei.<\/div>\n<div><\/div>\n<div>Subtil\u016bs gamtos elementai \u2013 d\u017eiovinti apelsinai, cinamono lazdel\u0117s, kankor\u0117\u017eiai ir ledo spindesiu padabintos \u0161akel\u0117s \u2013 sukuria jauki\u0105 \u017eiemos nuotaik\u0105.<\/div>\n<div>L\u0117lyt\u0117 suteikia \u017eaismingo \u017eavesio, o eleganti\u0161kas i\u0161lietas green sage marmurinis pagrindas prideda rafinuotumo ir stiliaus.<\/div>\n<div><\/div>\n<div>\ud83c\udf81 Puikiai tinka kaip:<\/div>\n<div>\u2013 Kal\u0117din\u0117 stalo ar komodos dekoracija<\/div>\n<div>\u2013 Originali ir \u0161ilta dovana artimam \u017emogui<\/div>\n<div>\u2013 Jaukus akcentas nam\u0173 interjere ar darbo erdv\u0117je<\/div>\n<div><\/div>\n<div>\ud83d\udccfI\u0161matavimai: skersmuo ~35 cm<\/div>\n<div>\ud83d\udd6f Galima \u012fsigyti:<\/div>\n<div>\u2022Su \u017evake (pilnas dekoratyvinis rinkinys)<\/div>\n<div>\u2022Be \u017evak\u0117s (tik pad\u0117klas su dekoru)<\/div>\n<div><\/div>\n<div>Kiekvienas k\u016brinys yra unikalus, rank\u0173 darbo ir gaminamas ma\u017eais kiekiais.<\/div>\n<div><\/div>\n<div>Papuo\u0161kite savo namus \u0161ventiniu pasakos prisilietimu!<\/div>\n","protected":false},"featured_media":15731,"comment_status":"open","ping_status":"closed","template":"","meta":[],"product_brand":[],"product_cat":[174,44,315,48,236],"product_tag":[],"class_list":{"0":"post-15698","1":"product","2":"type-product","3":"status-publish","4":"has-post-thumbnail","6":"product_cat-christmas-lt","7":"product_cat-namams","8":"product_cat-namu-dekoracijos","9":"product_cat-padeklai","10":"product_cat-populiaru","12":"first","13":"outofstock","14":"taxable","15":"shipping-taxable","16":"purchasable","17":"product-type-variable"},"_links":{"self":[{"href":"https:\/\/thequeenhouse.co.uk\/lt\/wp-json\/wp\/v2\/product\/15698","targetHints":{"allow":["GET"]}}],"collection":[{"href":"https:\/\/thequeenhouse.co.uk\/lt\/wp-json\/wp\/v2\/product"}],"about":[{"href":"https:\/\/thequeenhouse.co.uk\/lt\/wp-json\/wp\/v2\/types\/product"}],"replies":[{"embeddable":true,"href":"https:\/\/thequeenhouse.co.uk\/lt\/wp-json\/wp\/v2\/comments?post=15698"}],"wp:featuredmedia":[{"embeddable":true,"href":"https:\/\/thequeenhouse.co.uk\/lt\/wp-json\/wp\/v2\/media\/15731"}],"wp:attachment":[{"href":"https:\/\/thequeenhouse.co.uk\/lt\/wp-json\/wp\/v2\/media?parent=15698"}],"wp:term":[{"taxonomy":"product_brand","embeddable":true,"href":"https:\/\/thequeenhouse.co.uk\/lt\/wp-json\/wp\/v2\/product_brand?post=15698"},{"taxonomy":"product_cat","embeddable":true,"href":"https:\/\/thequeenhouse.co.uk\/lt\/wp-json\/wp\/v2\/product_cat?post=15698"},{"taxonomy":"product_tag","embeddable":true,"href":"https:\/\/thequeenhouse.co.uk\/lt\/wp-json\/wp\/v2\/product_tag?post=15698"}],"curies":[{"name":"wp","href":"https:\/\/api.w.org\/{rel}","templated":true}]}}