{"id":15763,"date":"2025-10-24T18:40:18","date_gmt":"2025-10-24T17:40:18","guid":{"rendered":"https:\/\/thequeenhouse.co.uk\/?post_type=product&#038;p=15763"},"modified":"2025-10-24T18:45:08","modified_gmt":"2025-10-24T17:45:08","slug":"carra-c3-remineralizuojanti-dantu-pasta-copy","status":"publish","type":"product","link":"https:\/\/thequeenhouse.co.uk\/lt\/produktas\/carra-c3-remineralizuojanti-dantu-pasta-copy\/","title":{"rendered":"CARRA C4 &#8211; Burnos skalavimo skystis"},"content":{"rendered":"<p>Naudokite skalavimo skyst\u012f po valgymo arba kaip nurod\u0117 gydytojas.<\/p>\n<p><b>\u012esp\u0117jimai<\/b>: Sud\u0117tyje yra natrio fluorido. Negalima nuryti. Negalima naudoti vaikams iki 6 met\u0173. Jeigu fluoridas gaunamas i\u0161 kit\u0173 \u0161altini\u0173, pasitarkite su gydytoju arba odontologu.<\/p>\n<p><b>Sud\u0117tis<\/b>: Aqua, Glycerin, Xylitol, Potassium Citrate, Polysorbate 20, Panthenol, Propanediol, Hydrolyzed Hyaluronic Acid, Pentylene Glycol, Methyl Diisopropyl Propionamide, Sodium Fluoride, Cetylpyridinium \u00a0toChloride, Sodium Benzoate, Potassium Sorbate, Ethylhexylglycerin, Sodium Sulfate, Citric Acid, Aroma, Mentha Piperita Oil, Menthol, Methyl Salicylate, CI 42090, CI 19140, CI 16255<\/p>\n<p><strong>Kiekis<\/strong>: 250ml<\/p>\n<p>&nbsp;<\/p>\n<p>&nbsp;<\/p>\n","protected":false},"excerpt":{"rendered":"<p>CARRA C4 \u2013 tai daugiau nei \u012fprastas skalavimo skystis. Sukurtas pagal auk\u0161tus odontologinius standartus,\u00a0 jis u\u017etikrina visapusi\u0161k\u0105 apsaug\u0105, gaiv\u0105 ir komfort\u0105. Pa\u017eangi formul\u0117 su natrio fluoridu (1450 ppm), pantenoliu, haliurono r\u016bg\u0161timi ir\u00a0 10% ksilitoliu palaiko nat\u016bral\u0173 burnos mikrobiomos balans\u0105, dr\u0117kina ir saugo gleivin\u0119 nuo sudirgimo.<\/p>\n<p>Subalansuota, moksli\u0161kai pagr\u012fsta formul\u0117 papildo valym\u0105 \u0161epet\u0117liu ir si\u016blu, padeda palaikyti nat\u016brali\u0105 burnos mikrofloros pusiausvyr\u0105 bei u\u017etikrina malon\u0173 \u0161varos poj\u016bt\u012f po kiekvieno skalavimo.<\/p>\n<p><b>\u0160velni gleivin\u0117s prie\u017ei\u016bra.<\/b>\u00a0Hialurono r\u016bg\u0161tis ir pantenolis dr\u0117kina, ramina ir stiprina burnos gleivin\u0119, tod\u0117l skystis tinka net jautresnei burnai.<\/p>\n<p><b>Visapusi\u0161ka apsauga.<\/b>\u00a010 % ksilitolio veikia antibakteri\u0161kai, slopina\u00a0<i>Streptococcus mutans<\/i>\u00a0aktyvum\u0105, gali ma\u017einti apna\u0161\u0173 susidarym\u0105 ir karieso rizik\u0105.<\/p>\n<p><b>Remineralizacija.<\/b>\u00a0Natrio fluoridas padeda atkurti emal\u012f ir stiprina dant\u0173 atsparum\u0105 i\u0161oriniams veiksniams<\/p>\n<p>&nbsp;<\/p>\n","protected":false},"featured_media":15767,"comment_status":"open","ping_status":"closed","template":"","meta":[],"product_brand":[],"product_cat":[308],"product_tag":[],"class_list":{"0":"post-15763","1":"product","2":"type-product","3":"status-publish","4":"has-post-thumbnail","6":"product_cat-sveiki-dantys","8":"first","9":"outofstock","10":"taxable","11":"shipping-taxable","12":"purchasable","13":"product-type-simple"},"_links":{"self":[{"href":"https:\/\/thequeenhouse.co.uk\/lt\/wp-json\/wp\/v2\/product\/15763","targetHints":{"allow":["GET"]}}],"collection":[{"href":"https:\/\/thequeenhouse.co.uk\/lt\/wp-json\/wp\/v2\/product"}],"about":[{"href":"https:\/\/thequeenhouse.co.uk\/lt\/wp-json\/wp\/v2\/types\/product"}],"replies":[{"embeddable":true,"href":"https:\/\/thequeenhouse.co.uk\/lt\/wp-json\/wp\/v2\/comments?post=15763"}],"wp:featuredmedia":[{"embeddable":true,"href":"https:\/\/thequeenhouse.co.uk\/lt\/wp-json\/wp\/v2\/media\/15767"}],"wp:attachment":[{"href":"https:\/\/thequeenhouse.co.uk\/lt\/wp-json\/wp\/v2\/media?parent=15763"}],"wp:term":[{"taxonomy":"product_brand","embeddable":true,"href":"https:\/\/thequeenhouse.co.uk\/lt\/wp-json\/wp\/v2\/product_brand?post=15763"},{"taxonomy":"product_cat","embeddable":true,"href":"https:\/\/thequeenhouse.co.uk\/lt\/wp-json\/wp\/v2\/product_cat?post=15763"},{"taxonomy":"product_tag","embeddable":true,"href":"https:\/\/thequeenhouse.co.uk\/lt\/wp-json\/wp\/v2\/product_tag?post=15763"}],"curies":[{"name":"wp","href":"https:\/\/api.w.org\/{rel}","templated":true}]}}