{"id":15769,"date":"2025-10-25T08:03:28","date_gmt":"2025-10-25T07:03:28","guid":{"rendered":"https:\/\/thequeenhouse.co.uk\/?post_type=product&#038;p=15769"},"modified":"2025-10-25T08:11:57","modified_gmt":"2025-10-25T07:11:57","slug":"petitfee-juodu-perlu-ir-aukso-veido-kauke-1-vnt-32-g-copy","status":"publish","type":"product","link":"https:\/\/thequeenhouse.co.uk\/lt\/produktas\/petitfee-juodu-perlu-ir-aukso-veido-kauke-1-vnt-32-g-copy\/","title":{"rendered":"Petitfee &#8211; Juod\u0173 Perl\u0173 ir Aukso veido kauk\u0117 (5 vnt, pakuote)"},"content":{"rendered":"<p>\u201ePetitfee Black Pearl &amp; Gold\u201c hidrogelio kauk\u0117, <strong>praturtinta koloidiniu auksu ir juodaisiais perlais, intensyviai prisotina od\u0105 dr\u0117gme, atkuria nat\u016bral\u0173 hidrolipidin\u012f sluoksn\u012f, naikina su am\u017eiumi susijusius poky\u010dius ir skatina audini\u0173 atsinaujinim\u0105.<\/strong> Hidrogelis<strong> tvirtai prilimpa prie odos ir reaguoja \u012f \u017emogaus k\u016bno temperat\u016br\u0105, sustiprindamas nauding\u0173 med\u017eiag\u0173 prasiskverbim\u0105 \u012f l\u0105steles ir palengvindamas gydomosios esencijos \u012fsisavinim\u0105.<\/strong><\/p>\n<p>Sud\u0117tyje esantys<strong> juod\u0173j\u0173 perl\u0173 milteliai<\/strong> praturtina l\u0105steles amino r\u016bg\u0161timis, konchiolinu, alaninu ir kitais svarbiais mikroelementais, gerinan\u010diais odos b\u016bkl\u0119. Aktyvina med\u017eiag\u0173 apykait\u0105, i\u0161lygina odos atspalv\u012f, pagerina veido spalv\u0105 ir suteikia nat\u016bral\u0173 \u0161vyt\u0117jim\u0105.<\/p>\n<p><strong>Koloidinis auksas atkuria<\/strong> l\u0105steli\u0173 membranas, nu\u0161vei\u010dia negyvas odos l\u0105steles, skatina mikrocirkuliacij\u0105 ir atnaujina vir\u0161utin\u012f epidermio sluoksn\u012f. Aukso jonai taip pat didina fibroblast\u0173 pasiskirstym\u0105, aktyvina kolageno ir elastino sintez\u0119, l\u0117tina sen\u0117jim\u0105. Hialurono r\u016bg\u0161tis padeda vandens molekul\u0117ms i\u0161likti tarpl\u0105stelin\u0117je erdv\u0117je. Hialurono r\u016bg\u0161tis ma\u017eina ir u\u017epildo esamas rauk\u0161les bei lygina od\u0105. Kauk\u0117 tvirtai prilimpa prie odos, tod\u0117l nevargina ir ne\u0161vaisto laiko. Nereikia gul\u0117ti ant sofos jos nejudinus \u2013 kauk\u0117 i\u0161lieka vietoje net atliekant fizinius pratimus ar tvarkant b\u016bt\u0105.<\/p>\n","protected":false},"excerpt":{"rendered":"<p><strong>Atrask prabang\u0105<\/strong> savo kasdien\u0117je rutinoje \u2013 Petitfee Black Pearl &amp; Gold veido kauk\u0117!<\/p>\n<p>Juod\u0173j\u0173 perl\u0173 ir aukso galia tavo odai: \u0161vyt\u0117jimas, stangrumas ir intensyvus dr\u0117kinimas vos per 20 minu\u010di\u0173.<br \/>\nLeisk sau ma\u017e\u0105 SPA stebukl\u0105 \u2013 tavo oda nusipelno geriausio!<\/p>\n<p>I<strong>\u0161bandyk dabar \u2013 gro\u017eis prasideda \u010dia.<\/strong><\/p>\n","protected":false},"featured_media":15773,"comment_status":"open","ping_status":"closed","template":"","meta":[],"product_brand":[],"product_cat":[43,212],"product_tag":[],"class_list":{"0":"post-15769","1":"product","2":"type-product","3":"status-publish","4":"has-post-thumbnail","6":"product_cat-grozis","7":"product_cat-veido-prieziuros-priemones","9":"first","10":"instock","11":"taxable","12":"shipping-taxable","13":"purchasable","14":"product-type-simple"},"_links":{"self":[{"href":"https:\/\/thequeenhouse.co.uk\/lt\/wp-json\/wp\/v2\/product\/15769","targetHints":{"allow":["GET"]}}],"collection":[{"href":"https:\/\/thequeenhouse.co.uk\/lt\/wp-json\/wp\/v2\/product"}],"about":[{"href":"https:\/\/thequeenhouse.co.uk\/lt\/wp-json\/wp\/v2\/types\/product"}],"replies":[{"embeddable":true,"href":"https:\/\/thequeenhouse.co.uk\/lt\/wp-json\/wp\/v2\/comments?post=15769"}],"wp:featuredmedia":[{"embeddable":true,"href":"https:\/\/thequeenhouse.co.uk\/lt\/wp-json\/wp\/v2\/media\/15773"}],"wp:attachment":[{"href":"https:\/\/thequeenhouse.co.uk\/lt\/wp-json\/wp\/v2\/media?parent=15769"}],"wp:term":[{"taxonomy":"product_brand","embeddable":true,"href":"https:\/\/thequeenhouse.co.uk\/lt\/wp-json\/wp\/v2\/product_brand?post=15769"},{"taxonomy":"product_cat","embeddable":true,"href":"https:\/\/thequeenhouse.co.uk\/lt\/wp-json\/wp\/v2\/product_cat?post=15769"},{"taxonomy":"product_tag","embeddable":true,"href":"https:\/\/thequeenhouse.co.uk\/lt\/wp-json\/wp\/v2\/product_tag?post=15769"}],"curies":[{"name":"wp","href":"https:\/\/api.w.org\/{rel}","templated":true}]}}