{"id":15775,"date":"2025-10-25T08:14:04","date_gmt":"2025-10-25T07:14:04","guid":{"rendered":"https:\/\/thequeenhouse.co.uk\/?post_type=product&#038;p=15775"},"modified":"2025-10-25T08:18:19","modified_gmt":"2025-10-25T07:18:19","slug":"petitfee-juodu-perlu-ir-aukso-veido-kauke-5-vnt-pakuote-copy","status":"publish","type":"product","link":"https:\/\/thequeenhouse.co.uk\/lt\/produktas\/petitfee-juodu-perlu-ir-aukso-veido-kauke-5-vnt-pakuote-copy\/","title":{"rendered":"Vividraw Cherry Collagen Firming Capsule Gel Mask (4 vnt, pakuote)"},"content":{"rendered":"","protected":false},"excerpt":{"rendered":"<p data-start=\"188\" data-end=\"443\">Suteik savo odai jaunatvi\u0161ko \u0161vyt\u0117jimo ir stangrumo su <strong data-start=\"243\" data-end=\"296\">Vividraw Cherry Collagen Firming Capsule Gel Mask<\/strong>! \u0160i gaivinanti gelin\u0117 kauk\u0117, praturtinta <strong data-start=\"338\" data-end=\"358\">vy\u0161ni\u0173 ekstraktu<\/strong> ir <strong data-start=\"362\" data-end=\"374\">kolagenu<\/strong>, intensyviai dr\u0117kina, maitina bei padeda atkurti odos elastingum\u0105.<\/p>\n<p data-start=\"445\" data-end=\"478\">\ud83d\udca7 <strong data-start=\"448\" data-end=\"476\">Pagrindiniai privalumai:<\/strong><\/p>\n<ul data-start=\"479\" data-end=\"789\">\n<li data-start=\"479\" data-end=\"536\">\n<p data-start=\"481\" data-end=\"536\">Stangrina ir tonizuoja od\u0105, suteikdama jai skaistumo.<\/p>\n<\/li>\n<li data-start=\"537\" data-end=\"617\">\n<p data-start=\"539\" data-end=\"617\">Kolagenas padeda suma\u017einti smulkias rauk\u0161leles ir pagerina odos elastingum\u0105.<\/p>\n<\/li>\n<li data-start=\"618\" data-end=\"705\">\n<p data-start=\"620\" data-end=\"705\">Vy\u0161ni\u0173 ekstraktas, kupinas antioksidant\u0173, saugo od\u0105 nuo laisv\u0173j\u0173 radikal\u0173 poveikio.<\/p>\n<\/li>\n<li data-start=\"706\" data-end=\"789\">\n<p data-start=\"708\" data-end=\"789\">V\u0117sinanti gelin\u0117 tekst\u016bra suteikia gaivos ir komforto poj\u016bt\u012f net jautriai odai.<\/p>\n<\/li>\n<\/ul>\n<p data-start=\"791\" data-end=\"1003\">\ud83c\udf38 <strong data-start=\"794\" data-end=\"809\">Naudojimas:<\/strong><br data-start=\"809\" data-end=\"812\" \/>U\u017etepk tolyg\u0173 sluoksn\u012f ant \u0161varios veido odos, venk aki\u0173 srities. Palik 10\u201315 minu\u010di\u0173, tuomet nuplauk drungnu vandeniu. Naudok 2\u20133 kartus per savait\u0119, kad oda b\u016bt\u0173 \u0161velni, lygi ir \u0161vytinti.<\/p>\n<p data-start=\"1005\" data-end=\"1078\">\ud83d\udc97 <strong data-start=\"1008\" data-end=\"1032\">Tinka vis\u0173 tip\u0173 odai<\/strong>, ypa\u010d pavargusiai ar praradusiai stangrum\u0105.<\/p>\n","protected":false},"featured_media":15777,"comment_status":"open","ping_status":"closed","template":"","meta":[],"product_brand":[],"product_cat":[43,212],"product_tag":[],"class_list":{"0":"post-15775","1":"product","2":"type-product","3":"status-publish","4":"has-post-thumbnail","6":"product_cat-grozis","7":"product_cat-veido-prieziuros-priemones","9":"first","10":"outofstock","11":"taxable","12":"shipping-taxable","13":"purchasable","14":"product-type-simple"},"_links":{"self":[{"href":"https:\/\/thequeenhouse.co.uk\/lt\/wp-json\/wp\/v2\/product\/15775","targetHints":{"allow":["GET"]}}],"collection":[{"href":"https:\/\/thequeenhouse.co.uk\/lt\/wp-json\/wp\/v2\/product"}],"about":[{"href":"https:\/\/thequeenhouse.co.uk\/lt\/wp-json\/wp\/v2\/types\/product"}],"replies":[{"embeddable":true,"href":"https:\/\/thequeenhouse.co.uk\/lt\/wp-json\/wp\/v2\/comments?post=15775"}],"wp:featuredmedia":[{"embeddable":true,"href":"https:\/\/thequeenhouse.co.uk\/lt\/wp-json\/wp\/v2\/media\/15777"}],"wp:attachment":[{"href":"https:\/\/thequeenhouse.co.uk\/lt\/wp-json\/wp\/v2\/media?parent=15775"}],"wp:term":[{"taxonomy":"product_brand","embeddable":true,"href":"https:\/\/thequeenhouse.co.uk\/lt\/wp-json\/wp\/v2\/product_brand?post=15775"},{"taxonomy":"product_cat","embeddable":true,"href":"https:\/\/thequeenhouse.co.uk\/lt\/wp-json\/wp\/v2\/product_cat?post=15775"},{"taxonomy":"product_tag","embeddable":true,"href":"https:\/\/thequeenhouse.co.uk\/lt\/wp-json\/wp\/v2\/product_tag?post=15775"}],"curies":[{"name":"wp","href":"https:\/\/api.w.org\/{rel}","templated":true}]}}