{"id":15779,"date":"2025-10-25T08:20:59","date_gmt":"2025-10-25T07:20:59","guid":{"rendered":"https:\/\/thequeenhouse.co.uk\/?post_type=product&#038;p=15779"},"modified":"2025-10-25T08:24:25","modified_gmt":"2025-10-25T07:24:25","slug":"vividraw-cherry-collagen-firming-capsule-gel-mask-4-vnt-pakuote-copy","status":"publish","type":"product","link":"https:\/\/thequeenhouse.co.uk\/lt\/produktas\/vividraw-cherry-collagen-firming-capsule-gel-mask-4-vnt-pakuote-copy\/","title":{"rendered":"Madagascar Centella Probio-Cica Nourishing Mask (1 vnt.)"},"content":{"rendered":"","protected":false},"excerpt":{"rendered":"<p data-start=\"235\" data-end=\"550\">Suteik savo odai intensyvios mitybos ir dr\u0117gm\u0117s su <strong data-start=\"286\" data-end=\"346\">SKIN1004 Madagascar Centella Probio-Cica Nourishing Mask<\/strong>!<br data-start=\"347\" data-end=\"350\" \/>\u0160i lak\u0161tin\u0117 kauk\u0117, praturtinta <strong data-start=\"381\" data-end=\"439\">fermentuotu Centella Asiatica ekstraktu i\u0161 Madagaskaro<\/strong>, <strong data-start=\"441\" data-end=\"455\">ceramidais<\/strong> ir <strong data-start=\"459\" data-end=\"482\">9 peptid\u0173 kompleksu<\/strong>, giliai maitina, stiprina odos barjer\u0105 ir suteikia jai stangrumo.<\/p>\n<p data-start=\"552\" data-end=\"585\">\ud83d\udca7 <strong data-start=\"555\" data-end=\"583\">Pagrindiniai privalumai:<\/strong><\/p>\n<ul data-start=\"586\" data-end=\"834\">\n<li data-start=\"586\" data-end=\"628\">\n<p data-start=\"588\" data-end=\"628\">Giliai <strong data-start=\"595\" data-end=\"606\">dr\u0117kina<\/strong> ir <strong data-start=\"610\" data-end=\"621\">maitina<\/strong> od\u0105.<\/p>\n<\/li>\n<li data-start=\"629\" data-end=\"705\">\n<p data-start=\"631\" data-end=\"705\">Padeda <strong data-start=\"638\" data-end=\"674\">stiprinti odos apsaugin\u012f barjer\u0105<\/strong> ir <strong data-start=\"678\" data-end=\"702\">pagerina elastingum\u0105<\/strong>.<\/p>\n<\/li>\n<li data-start=\"706\" data-end=\"767\">\n<p data-start=\"708\" data-end=\"767\">Ramina sudirgimus, suteikia \u0161velnumo bei komforto poj\u016bt\u012f.<\/p>\n<\/li>\n<li data-start=\"768\" data-end=\"834\">\n<p data-start=\"770\" data-end=\"834\">Puikiai tinka <strong data-start=\"784\" data-end=\"831\">sausai, normaliai, mi\u0161riai ir jautriai odai<\/strong>.<\/p>\n<\/li>\n<\/ul>\n<p data-start=\"836\" data-end=\"871\">\ud83c\udf3f <strong data-start=\"839\" data-end=\"869\">Pagrindiniai ingredientai:<\/strong><\/p>\n<ul data-start=\"872\" data-end=\"1111\">\n<li data-start=\"872\" data-end=\"956\">\n<p data-start=\"874\" data-end=\"956\"><strong data-start=\"874\" data-end=\"919\">Fermentuotas Centella Asiatica ekstraktas<\/strong> \u2013 padeda nuraminti ir atkurti od\u0105.<\/p>\n<\/li>\n<li data-start=\"957\" data-end=\"1032\">\n<p data-start=\"959\" data-end=\"1032\"><strong data-start=\"959\" data-end=\"972\">Ceramidai<\/strong> \u2013 stiprina odos barjer\u0105 ir apsaugo nuo dr\u0117gm\u0117s praradimo.<\/p>\n<\/li>\n<li data-start=\"1033\" data-end=\"1111\">\n<p data-start=\"1035\" data-end=\"1111\"><strong data-start=\"1035\" data-end=\"1059\">9-peptid\u0173 kompleksas<\/strong> \u2013 palaiko odos stangrum\u0105 ir skatina regeneracij\u0105.<\/p>\n<\/li>\n<\/ul>\n<p data-start=\"1113\" data-end=\"1276\">\ud83c\udf38 <strong data-start=\"1116\" data-end=\"1131\">Naudojimas:<\/strong><br data-start=\"1131\" data-end=\"1134\" \/>U\u017etepk kauk\u0119 ant \u0161varios veido odos, palik 10\u201320 minu\u010di\u0173. Pa\u0161alinus, \u0161velniai \u012fmasa\u017euok likus\u012f esencijos kiek\u012f \u012f od\u0105, kol visi\u0161kai susigers.<\/p>\n","protected":false},"featured_media":15781,"comment_status":"open","ping_status":"closed","template":"","meta":[],"product_brand":[],"product_cat":[43,212],"product_tag":[],"class_list":{"0":"post-15779","1":"product","2":"type-product","3":"status-publish","4":"has-post-thumbnail","6":"product_cat-grozis","7":"product_cat-veido-prieziuros-priemones","9":"first","10":"instock","11":"taxable","12":"shipping-taxable","13":"purchasable","14":"product-type-simple"},"_links":{"self":[{"href":"https:\/\/thequeenhouse.co.uk\/lt\/wp-json\/wp\/v2\/product\/15779","targetHints":{"allow":["GET"]}}],"collection":[{"href":"https:\/\/thequeenhouse.co.uk\/lt\/wp-json\/wp\/v2\/product"}],"about":[{"href":"https:\/\/thequeenhouse.co.uk\/lt\/wp-json\/wp\/v2\/types\/product"}],"replies":[{"embeddable":true,"href":"https:\/\/thequeenhouse.co.uk\/lt\/wp-json\/wp\/v2\/comments?post=15779"}],"wp:featuredmedia":[{"embeddable":true,"href":"https:\/\/thequeenhouse.co.uk\/lt\/wp-json\/wp\/v2\/media\/15781"}],"wp:attachment":[{"href":"https:\/\/thequeenhouse.co.uk\/lt\/wp-json\/wp\/v2\/media?parent=15779"}],"wp:term":[{"taxonomy":"product_brand","embeddable":true,"href":"https:\/\/thequeenhouse.co.uk\/lt\/wp-json\/wp\/v2\/product_brand?post=15779"},{"taxonomy":"product_cat","embeddable":true,"href":"https:\/\/thequeenhouse.co.uk\/lt\/wp-json\/wp\/v2\/product_cat?post=15779"},{"taxonomy":"product_tag","embeddable":true,"href":"https:\/\/thequeenhouse.co.uk\/lt\/wp-json\/wp\/v2\/product_tag?post=15779"}],"curies":[{"name":"wp","href":"https:\/\/api.w.org\/{rel}","templated":true}]}}