{"id":15783,"date":"2025-10-25T08:28:48","date_gmt":"2025-10-25T07:28:48","guid":{"rendered":"https:\/\/thequeenhouse.co.uk\/?post_type=product&#038;p=15783"},"modified":"2025-10-25T08:32:18","modified_gmt":"2025-10-25T07:32:18","slug":"madagascar-centella-probio-cica-nourishing-mask-1-vnt-copy","status":"publish","type":"product","link":"https:\/\/thequeenhouse.co.uk\/lt\/produktas\/madagascar-centella-probio-cica-nourishing-mask-1-vnt-copy\/","title":{"rendered":"Collagen Water Full Moist Cleansing Tissue (30 vnt.)"},"content":{"rendered":"","protected":false},"excerpt":{"rendered":"<p data-start=\"228\" data-end=\"555\">Atgaivink savo od\u0105 su <strong data-start=\"250\" data-end=\"296\">Collagen Water Full Moist Cleansing Tissue<\/strong> dr\u0117kinan\u010diomis valomosiomis servet\u0117l\u0117mis!<br data-start=\"338\" data-end=\"341\" \/>\u0160ios \u0161velnios, maitinamosios servet\u0117l\u0117s, praturtintos <strong data-start=\"395\" data-end=\"415\">j\u016briniu kolagenu<\/strong> ir <strong data-start=\"419\" data-end=\"448\">17 aminor\u016bg\u0161\u010di\u0173 kompleksu<\/strong>, efektyviai pa\u0161alina makia\u017e\u0105, ne\u0161varumus bei perteklin\u012f sebum\u0105, tuo pa\u010diu dr\u0117kindamos ir ramindamos od\u0105.<\/p>\n<p data-start=\"557\" data-end=\"590\">\ud83d\udca7 <strong data-start=\"560\" data-end=\"588\">Pagrindiniai privalumai:<\/strong><\/p>\n<ul data-start=\"591\" data-end=\"898\">\n<li data-start=\"591\" data-end=\"659\">\n<p data-start=\"593\" data-end=\"659\">\u0160velniai, bet veiksmingai <strong data-start=\"619\" data-end=\"656\">nuvalo makia\u017e\u0105 ir odos ne\u0161varumus<\/strong>.<\/p>\n<\/li>\n<li data-start=\"660\" data-end=\"742\">\n<p data-start=\"662\" data-end=\"742\"><strong data-start=\"662\" data-end=\"683\">J\u016brinis kolagenas<\/strong> padeda i\u0161laikyti odos dr\u0117gm\u0119 ir elastingum\u0105 valymo metu.<\/p>\n<\/li>\n<li data-start=\"743\" data-end=\"793\">\n<p data-start=\"745\" data-end=\"793\"><strong data-start=\"745\" data-end=\"766\">Ramina ir dr\u0117kina<\/strong> saus\u0105 ar sudirgusi\u0105 od\u0105.<\/p>\n<\/li>\n<li data-start=\"794\" data-end=\"854\">\n<p data-start=\"796\" data-end=\"854\"><strong data-start=\"796\" data-end=\"810\">Valo poras<\/strong>, padeda kontroliuoti riebal\u0173 i\u0161siskyrim\u0105.<\/p>\n<\/li>\n<li data-start=\"855\" data-end=\"898\">\n<p data-start=\"857\" data-end=\"898\">Tinka <strong data-start=\"863\" data-end=\"881\">vis\u0173 tip\u0173 odai<\/strong>, net jautriai.<\/p>\n<\/li>\n<\/ul>\n<p data-start=\"900\" data-end=\"1126\">\ud83c\udf38 <strong data-start=\"903\" data-end=\"918\">Naudojimas:<\/strong><br data-start=\"918\" data-end=\"921\" \/>\u0160velniai nuvalyk makia\u017e\u0105 ir odos pavir\u0161i\u0173 servet\u0117le. Nereikia skalauti, ta\u010diau norint gilesnio \u0161varumo, gali t\u0119sti \u012fprast\u0105 prausimosi rutin\u0105. U\u017edaryk pakuot\u0119 po naudojimo, kad servet\u0117l\u0117s i\u0161likt\u0173 dr\u0117gnos.<\/p>\n","protected":false},"featured_media":15787,"comment_status":"open","ping_status":"closed","template":"","meta":[],"product_brand":[],"product_cat":[43,212],"product_tag":[],"class_list":{"0":"post-15783","1":"product","2":"type-product","3":"status-publish","4":"has-post-thumbnail","6":"product_cat-grozis","7":"product_cat-veido-prieziuros-priemones","9":"first","10":"instock","11":"taxable","12":"shipping-taxable","13":"purchasable","14":"product-type-simple"},"_links":{"self":[{"href":"https:\/\/thequeenhouse.co.uk\/lt\/wp-json\/wp\/v2\/product\/15783","targetHints":{"allow":["GET"]}}],"collection":[{"href":"https:\/\/thequeenhouse.co.uk\/lt\/wp-json\/wp\/v2\/product"}],"about":[{"href":"https:\/\/thequeenhouse.co.uk\/lt\/wp-json\/wp\/v2\/types\/product"}],"replies":[{"embeddable":true,"href":"https:\/\/thequeenhouse.co.uk\/lt\/wp-json\/wp\/v2\/comments?post=15783"}],"wp:featuredmedia":[{"embeddable":true,"href":"https:\/\/thequeenhouse.co.uk\/lt\/wp-json\/wp\/v2\/media\/15787"}],"wp:attachment":[{"href":"https:\/\/thequeenhouse.co.uk\/lt\/wp-json\/wp\/v2\/media?parent=15783"}],"wp:term":[{"taxonomy":"product_brand","embeddable":true,"href":"https:\/\/thequeenhouse.co.uk\/lt\/wp-json\/wp\/v2\/product_brand?post=15783"},{"taxonomy":"product_cat","embeddable":true,"href":"https:\/\/thequeenhouse.co.uk\/lt\/wp-json\/wp\/v2\/product_cat?post=15783"},{"taxonomy":"product_tag","embeddable":true,"href":"https:\/\/thequeenhouse.co.uk\/lt\/wp-json\/wp\/v2\/product_tag?post=15783"}],"curies":[{"name":"wp","href":"https:\/\/api.w.org\/{rel}","templated":true}]}}