{"id":15790,"date":"2025-10-25T08:35:37","date_gmt":"2025-10-25T07:35:37","guid":{"rendered":"https:\/\/thequeenhouse.co.uk\/?post_type=product&#038;p=15790"},"modified":"2025-10-25T08:39:10","modified_gmt":"2025-10-25T07:39:10","slug":"collagen-water-full-moist-cleansing-tissue-30-vnt-copy","status":"publish","type":"product","link":"https:\/\/thequeenhouse.co.uk\/lt\/produktas\/collagen-water-full-moist-cleansing-tissue-30-vnt-copy\/","title":{"rendered":"Cica Collagen All-in-One 3-Step Mask"},"content":{"rendered":"","protected":false},"excerpt":{"rendered":"<p data-start=\"237\" data-end=\"459\">Suteik savo odai stangrumo ir gyvybingumo su <strong data-start=\"282\" data-end=\"322\">Cica Collagen All-in-One 3-Step Mask<\/strong>!<br data-start=\"323\" data-end=\"326\" \/>\u0160i trij\u0173 \u017eingsni\u0173 kauk\u0117 intensyviai <strong data-start=\"362\" data-end=\"399\">dr\u0117kina, maitina ir stangrina od\u0105<\/strong>, padedama atkurti jos elastingum\u0105 bei nat\u016bral\u0173 \u0161vyt\u0117jim\u0105.<\/p>\n<p data-start=\"461\" data-end=\"494\">\ud83d\udca7 <strong data-start=\"464\" data-end=\"492\">Pagrindiniai privalumai:<\/strong><\/p>\n<ul data-start=\"495\" data-end=\"850\">\n<li data-start=\"495\" data-end=\"561\">\n<p data-start=\"497\" data-end=\"561\">Padeda <strong data-start=\"504\" data-end=\"532\">atkurti odos elastingum\u0105<\/strong> ir <strong data-start=\"536\" data-end=\"558\">pagerina stangrum\u0105<\/strong>.<\/p>\n<\/li>\n<li data-start=\"562\" data-end=\"661\">\n<p data-start=\"564\" data-end=\"661\"><strong data-start=\"564\" data-end=\"605\">Glycine Soja Phytoplacenta ekstraktas<\/strong> stimuliuoja kolageno gamyb\u0105 ir padeda stangrinti od\u0105.<\/p>\n<\/li>\n<li data-start=\"662\" data-end=\"727\">\n<p data-start=\"664\" data-end=\"727\"><strong data-start=\"664\" data-end=\"692\">Cica (Centella Asiatica)<\/strong> ramina ir stiprina odos barjer\u0105.<\/p>\n<\/li>\n<li data-start=\"728\" data-end=\"850\">\n<p data-start=\"730\" data-end=\"850\">Sud\u0117tyje esantis <strong data-start=\"747\" data-end=\"803\">kolagenas, elastinas, ceramidai ir hialurono r\u016bg\u0161tis<\/strong> intensyviai dr\u0117kina ir i\u0161laiko dr\u0117gm\u0119 odoje.<\/p>\n<\/li>\n<\/ul>\n<p data-start=\"852\" data-end=\"1082\">\ud83c\udf38 <strong data-start=\"855\" data-end=\"880\">3 \u017eingsni\u0173 proced\u016bra:<\/strong><br data-start=\"880\" data-end=\"883\" \/><strong data-start=\"883\" data-end=\"908\">1 \u017eingsnis \u2013 Serumas:<\/strong><br data-start=\"908\" data-end=\"911\" \/>Sud\u0117tyje esantis <strong data-start=\"928\" data-end=\"973\">Myrothamnus Flabellifolia lap\u0173 ekstraktas<\/strong> ir <strong data-start=\"977\" data-end=\"1020\">300Da ma\u017eos molekulin\u0117s mas\u0117s kolagenas<\/strong> giliai dr\u0117kina ir atgaivina od\u0105, ypa\u010d aplink akis ir burn\u0105.<\/p>\n<p data-start=\"1084\" data-end=\"1189\"><strong data-start=\"1084\" data-end=\"1123\">2 \u017eingsnis \u2013 Gelin\u0117 lak\u0161tin\u0117 kauk\u0117:<\/strong><br data-start=\"1123\" data-end=\"1126\" \/>Su <strong data-start=\"1129\" data-end=\"1141\">elastinu<\/strong>, kuris palaiko odos stangrum\u0105 ir elastingum\u0105.<\/p>\n<p data-start=\"1191\" data-end=\"1349\"><strong data-start=\"1191\" data-end=\"1215\">3 \u017eingsnis \u2013 Kremas:<\/strong><br data-start=\"1215\" data-end=\"1218\" \/>Su <strong data-start=\"1221\" data-end=\"1235\">ceramidais<\/strong> ir <strong data-start=\"1239\" data-end=\"1261\">hialurono r\u016bg\u0161timi<\/strong>, kurie u\u017erakina dr\u0117gm\u0119 bei maistines med\u017eiagas, suteikdami ilgalaik\u012f komforto jausm\u0105.<\/p>\n<p data-start=\"1351\" data-end=\"1370\">\u2728 <strong data-start=\"1353\" data-end=\"1368\">Naudojimas:<\/strong><\/p>\n<ol data-start=\"1371\" data-end=\"1631\">\n<li data-start=\"1371\" data-end=\"1476\">\n<p data-start=\"1374\" data-end=\"1476\">Ant \u0161varios odos tolygiai paskirstyk serum\u0105, ypating\u0105 d\u0117mes\u012f skirk vietoms, kur tr\u016bksta elastingumo.<\/p>\n<\/li>\n<li data-start=\"1477\" data-end=\"1562\">\n<p data-start=\"1480\" data-end=\"1562\">U\u017ed\u0117k kauk\u0119 ir palaikyk 10\u201320 minu\u010di\u0173, tada \u0161velniai \u012fmasa\u017euok likusi\u0105 esencij\u0105.<\/p>\n<\/li>\n<li data-start=\"1563\" data-end=\"1631\">\n<p data-start=\"1566\" data-end=\"1631\">Tepk krem\u0105 ir tolygiai paskirstyk nuo veido centro link i\u0161or\u0117s.<\/p>\n<\/li>\n<\/ol>\n<p data-start=\"1633\" data-end=\"1706\">\ud83d\udc97 <strong data-start=\"1636\" data-end=\"1660\">Tinka vis\u0173 tip\u0173 odai<\/strong>, ypa\u010d pavargusiai ar praradusiai stangrum\u0105.<\/p>\n","protected":false},"featured_media":15794,"comment_status":"open","ping_status":"closed","template":"","meta":[],"product_brand":[],"product_cat":[43,212],"product_tag":[],"class_list":{"0":"post-15790","1":"product","2":"type-product","3":"status-publish","4":"has-post-thumbnail","6":"product_cat-grozis","7":"product_cat-veido-prieziuros-priemones","9":"first","10":"outofstock","11":"taxable","12":"shipping-taxable","13":"purchasable","14":"product-type-simple"},"_links":{"self":[{"href":"https:\/\/thequeenhouse.co.uk\/lt\/wp-json\/wp\/v2\/product\/15790","targetHints":{"allow":["GET"]}}],"collection":[{"href":"https:\/\/thequeenhouse.co.uk\/lt\/wp-json\/wp\/v2\/product"}],"about":[{"href":"https:\/\/thequeenhouse.co.uk\/lt\/wp-json\/wp\/v2\/types\/product"}],"replies":[{"embeddable":true,"href":"https:\/\/thequeenhouse.co.uk\/lt\/wp-json\/wp\/v2\/comments?post=15790"}],"wp:featuredmedia":[{"embeddable":true,"href":"https:\/\/thequeenhouse.co.uk\/lt\/wp-json\/wp\/v2\/media\/15794"}],"wp:attachment":[{"href":"https:\/\/thequeenhouse.co.uk\/lt\/wp-json\/wp\/v2\/media?parent=15790"}],"wp:term":[{"taxonomy":"product_brand","embeddable":true,"href":"https:\/\/thequeenhouse.co.uk\/lt\/wp-json\/wp\/v2\/product_brand?post=15790"},{"taxonomy":"product_cat","embeddable":true,"href":"https:\/\/thequeenhouse.co.uk\/lt\/wp-json\/wp\/v2\/product_cat?post=15790"},{"taxonomy":"product_tag","embeddable":true,"href":"https:\/\/thequeenhouse.co.uk\/lt\/wp-json\/wp\/v2\/product_tag?post=15790"}],"curies":[{"name":"wp","href":"https:\/\/api.w.org\/{rel}","templated":true}]}}