{"id":15797,"date":"2025-10-25T08:42:35","date_gmt":"2025-10-25T07:42:35","guid":{"rendered":"https:\/\/thequeenhouse.co.uk\/?post_type=product&#038;p=15797"},"modified":"2025-10-25T08:47:04","modified_gmt":"2025-10-25T07:47:04","slug":"cica-collagen-all-in-one-3-step-mask-copy","status":"publish","type":"product","link":"https:\/\/thequeenhouse.co.uk\/lt\/produktas\/cica-collagen-all-in-one-3-step-mask-copy\/","title":{"rendered":"Reedle Shot 1000 2-Step Mask (1 vnt.)"},"content":{"rendered":"","protected":false},"excerpt":{"rendered":"<p data-start=\"274\" data-end=\"643\">Patirk inovatyvi\u0105 odos prie\u017ei\u016bros proced\u016br\u0105 su <strong data-start=\"321\" data-end=\"356\">VT Reedle Shot 1000 2-Step Mask<\/strong> \u2013 dviej\u0173 \u017eingsni\u0173 kauke, kuri naudoja <strong data-start=\"395\" data-end=\"430\">1000 mikroadat\u0117li\u0173 technologij\u0105<\/strong>, padedan\u010di\u0105 veikliosioms med\u017eiagoms \u012fsiskverbti giliai \u012f od\u0105. \u0160i pa\u017eangi formul\u0117 kartu su <strong data-start=\"521\" data-end=\"539\">Cica ekstraktu<\/strong>, <strong data-start=\"541\" data-end=\"562\">\u017ealiuoju propoliu<\/strong> ir dr\u0117kinamosiomis med\u017eiagomis suteikia odai stangrumo, glotnumo ir spindesio.<\/p>\n<p data-start=\"645\" data-end=\"678\">\ud83d\udca7 <strong data-start=\"648\" data-end=\"676\">Pagrindiniai privalumai:<\/strong><\/p>\n<ul data-start=\"679\" data-end=\"1163\">\n<li data-start=\"679\" data-end=\"814\">\n<p data-start=\"681\" data-end=\"814\"><strong data-start=\"681\" data-end=\"711\">1000 mikroadat\u0117li\u0173 serumas<\/strong> aktyvina nat\u016brali\u0105 kolageno gamyb\u0105, greitai tiekia maistines med\u017eiagas ir pagerina odos elastingum\u0105.<\/p>\n<\/li>\n<li data-start=\"815\" data-end=\"936\">\n<p data-start=\"817\" data-end=\"936\"><strong data-start=\"817\" data-end=\"856\">Cica (Centella Asiatica) ekstraktas<\/strong> ir <strong data-start=\"860\" data-end=\"881\">\u017ealiasis propolis<\/strong> ramina, dr\u0117kina bei stiprina odos apsaugin\u012f barjer\u0105.<\/p>\n<\/li>\n<li data-start=\"937\" data-end=\"1014\">\n<p data-start=\"939\" data-end=\"1014\">Padeda <strong data-start=\"946\" data-end=\"972\">atstatyti pa\u017eeist\u0105 od\u0105<\/strong>, suteikia skaistumo ir \u0161velnumo poj\u016bt\u012f.<\/p>\n<\/li>\n<li data-start=\"1015\" data-end=\"1163\">\n<p data-start=\"1017\" data-end=\"1163\">Pagaminta i\u0161 <strong data-start=\"1030\" data-end=\"1083\">vegani\u0161ko, biologi\u0161kai skaidomo \u201eLyocell\u201c audinio<\/strong>, kuris \u0161velniai priglunda prie veido ir u\u017etikrina maloni\u0105 prie\u017ei\u016bros patirt\u012f.<\/p>\n<\/li>\n<\/ul>\n<p data-start=\"1165\" data-end=\"1205\">\ud83c\udf3f <strong data-start=\"1168\" data-end=\"1203\">Pagrindin\u0117s sudedamosios dalys:<\/strong><\/p>\n<ul data-start=\"1206\" data-end=\"1434\">\n<li data-start=\"1206\" data-end=\"1290\">\n<p data-start=\"1208\" data-end=\"1290\"><strong data-start=\"1208\" data-end=\"1238\">1000 mikroadat\u0117li\u0173 serumas<\/strong> \u2013 glotnina, stangrina ir didina odos elastingum\u0105.<\/p>\n<\/li>\n<li data-start=\"1291\" data-end=\"1434\">\n<p data-start=\"1293\" data-end=\"1434\"><strong data-start=\"1293\" data-end=\"1312\">Cica ekstraktas<\/strong>, <strong data-start=\"1314\" data-end=\"1335\">\u017ealiasis propolis<\/strong>, <strong data-start=\"1337\" data-end=\"1364\">dr\u0117kinamosios med\u017eiagos<\/strong> \u2013 ramina, dr\u0117kina, padeda atkurti odos balans\u0105 ir stiprina barjer\u0105.<\/p>\n<\/li>\n<\/ul>\n<p data-start=\"1436\" data-end=\"1715\">\u2728 <strong data-start=\"1438\" data-end=\"1453\">Naudojimas:<\/strong><br data-start=\"1453\" data-end=\"1456\" \/>1\ufe0f\u20e3 Po veido valymo u\u017etepk <strong data-start=\"1483\" data-end=\"1516\">1 \u017eingsnio Reedle Shot serum\u0105<\/strong> ant veido ir leisk jam susigerti.<br data-start=\"1550\" data-end=\"1553\" \/>2\ufe0f\u20e3 Atidaryk <strong data-start=\"1566\" data-end=\"1586\">2 \u017eingsnio kauk\u0119<\/strong>, u\u017ed\u0117k ant veido ir palaikyk 10\u201320 minu\u010di\u0173.<br data-start=\"1630\" data-end=\"1633\" \/>3\ufe0f\u20e3 Pa\u0161alinus kauk\u0119, \u0161velniai \u012fmasa\u017euok likusi\u0105 esencij\u0105, kad visi\u0161kai \u012fsigert\u0173.<\/p>\n<p data-start=\"1717\" data-end=\"1803\">\ud83d\udc97 <strong data-start=\"1720\" data-end=\"1744\">Tinka vis\u0173 tip\u0173 odai<\/strong>, ypa\u010d pavargusiai, praradusiai stangrum\u0105 ar elastingum\u0105.<\/p>\n","protected":false},"featured_media":15799,"comment_status":"open","ping_status":"closed","template":"","meta":[],"product_brand":[],"product_cat":[43,212],"product_tag":[],"class_list":{"0":"post-15797","1":"product","2":"type-product","3":"status-publish","4":"has-post-thumbnail","6":"product_cat-grozis","7":"product_cat-veido-prieziuros-priemones","9":"first","10":"instock","11":"taxable","12":"shipping-taxable","13":"purchasable","14":"product-type-simple"},"_links":{"self":[{"href":"https:\/\/thequeenhouse.co.uk\/lt\/wp-json\/wp\/v2\/product\/15797","targetHints":{"allow":["GET"]}}],"collection":[{"href":"https:\/\/thequeenhouse.co.uk\/lt\/wp-json\/wp\/v2\/product"}],"about":[{"href":"https:\/\/thequeenhouse.co.uk\/lt\/wp-json\/wp\/v2\/types\/product"}],"replies":[{"embeddable":true,"href":"https:\/\/thequeenhouse.co.uk\/lt\/wp-json\/wp\/v2\/comments?post=15797"}],"wp:featuredmedia":[{"embeddable":true,"href":"https:\/\/thequeenhouse.co.uk\/lt\/wp-json\/wp\/v2\/media\/15799"}],"wp:attachment":[{"href":"https:\/\/thequeenhouse.co.uk\/lt\/wp-json\/wp\/v2\/media?parent=15797"}],"wp:term":[{"taxonomy":"product_brand","embeddable":true,"href":"https:\/\/thequeenhouse.co.uk\/lt\/wp-json\/wp\/v2\/product_brand?post=15797"},{"taxonomy":"product_cat","embeddable":true,"href":"https:\/\/thequeenhouse.co.uk\/lt\/wp-json\/wp\/v2\/product_cat?post=15797"},{"taxonomy":"product_tag","embeddable":true,"href":"https:\/\/thequeenhouse.co.uk\/lt\/wp-json\/wp\/v2\/product_tag?post=15797"}],"curies":[{"name":"wp","href":"https:\/\/api.w.org\/{rel}","templated":true}]}}