{"id":15805,"date":"2025-10-25T08:53:53","date_gmt":"2025-10-25T07:53:53","guid":{"rendered":"https:\/\/thequeenhouse.co.uk\/?post_type=product&#038;p=15805"},"modified":"2025-10-25T08:59:44","modified_gmt":"2025-10-25T07:59:44","slug":"reedle-shot-1000-2-step-mask-1-vnt-copy","status":"publish","type":"product","link":"https:\/\/thequeenhouse.co.uk\/lt\/produktas\/reedle-shot-1000-2-step-mask-1-vnt-copy\/","title":{"rendered":"ONCE kvepalai \u2013 Lorev Eau De Parfum Intense 100ml"},"content":{"rendered":"","protected":false},"excerpt":{"rendered":"<p data-start=\"230\" data-end=\"427\"><strong data-start=\"230\" data-end=\"280\">KOMPOZICIJA, KURIOJE SUSILIEJA \u0160VIESA IR DR\u0104SA<\/strong> \u2013 turtingos <strong data-start=\"293\" data-end=\"309\">baltos g\u0117l\u0117s<\/strong>, svaiginantys <strong data-start=\"324\" data-end=\"338\">\u017eiedlapiai<\/strong> ir <strong data-start=\"342\" data-end=\"364\">aksominis muskusas<\/strong> sukuria nepaprastai eleganti\u0161k\u0105, jausming\u0105 ir modern\u0173 kvap\u0105.<\/p>\n<p data-start=\"429\" data-end=\"449\">\u2728 <strong data-start=\"431\" data-end=\"447\">Kvapo natos:<\/strong><\/p>\n<ul data-start=\"450\" data-end=\"657\">\n<li data-start=\"450\" data-end=\"529\">\n<p data-start=\"452\" data-end=\"529\"><strong data-start=\"452\" data-end=\"473\">Vir\u0161utin\u0117s natos:<\/strong> bij\u016bnas, violetin\u0117 frezija, persikas, ro\u017einis pipiras<\/p>\n<\/li>\n<li data-start=\"530\" data-end=\"611\">\n<p data-start=\"532\" data-end=\"611\"><strong data-start=\"532\" data-end=\"552\">Vidurin\u0117s natos:<\/strong> arabinis jazminaitis, kvapioji tuberoza, oran\u017ein\u0117s g\u0117l\u0117s<\/p>\n<\/li>\n<li data-start=\"612\" data-end=\"657\">\n<p data-start=\"614\" data-end=\"657\"><strong data-start=\"614\" data-end=\"632\">Bazin\u0117s natos:<\/strong> pa\u010diuliai, vetiverijos<\/p>\n<\/li>\n<\/ul>\n<p data-start=\"659\" data-end=\"978\">\u0160\u012f i\u0161skirtin\u012f aromat\u0105 suk\u016br\u0117 garsus <strong data-start=\"695\" data-end=\"732\">pranc\u016bz\u0173 parfumeris Lucas Sieuzac<\/strong> \u2013 k\u016br\u0117jas, kurio darbai alsuoja <strong data-start=\"765\" data-end=\"800\">smalsumu, originalumu ir aistra<\/strong>. \u201eKvapas \u2013 tai kvietimas \u012f kelion\u0119\u201c, \u2013 sako Lucas. Jo tikslas \u2013 atkurti emocijas per harmoningus kvap\u0173 derinius, leid\u017eian\u010dius kiekvienam \u017emogui atrasti savit\u0105 poj\u016b\u010di\u0173 pasaul\u012f.<\/p>\n<p data-start=\"980\" data-end=\"1264\"><strong data-start=\"980\" data-end=\"1032\">ONCE \u2013 tai kvepalai, pasakojantys J\u016bs\u0173 istorij\u0105.<\/strong><br data-start=\"1032\" data-end=\"1035\" \/>Vos keli la\u0161ai \u0161io aromato leid\u017eia i\u0161reik\u0161ti prisiminimus, emocijas ir unikal\u0173 J\u016bs\u0173 asmenyb\u0117s charakter\u012f. Kiekviena kompozicija \u2013 tai individualus pasakojimas apie meil\u0119, d\u017eiaugsm\u0105, dr\u0105s\u0105, tro\u0161kim\u0105, jausmingum\u0105 ir pasitik\u0117jim\u0105.<\/p>\n<p data-start=\"1266\" data-end=\"1512\"><strong data-start=\"1266\" data-end=\"1280\">ONCE Lorev<\/strong> \u2013 prabangus, ilgai i\u0161liekantis <strong data-start=\"1312\" data-end=\"1322\">unisex<\/strong> kvapas, kuris suteikia pasitik\u0117jimo, subtilumo ir i\u0161skirtinumo.<br data-start=\"1386\" data-end=\"1389\" \/>Pagaminta <strong data-start=\"1399\" data-end=\"1412\">Italijoje<\/strong>, supakuota \u012f <strong data-start=\"1426\" data-end=\"1457\">eleganti\u0161k\u0105 dovanin\u0119 d\u0117\u017eut\u0119<\/strong> \u2013 puikus pasirinkimas dovanai mylimam \u017emogui ar sau.<\/p>\n","protected":false},"featured_media":15813,"comment_status":"open","ping_status":"closed","template":"","meta":[],"product_brand":[],"product_cat":[173,43,319],"product_tag":[],"class_list":{"0":"post-15805","1":"product","2":"type-product","3":"status-publish","4":"has-post-thumbnail","6":"product_cat-best-sellers-lt","7":"product_cat-grozis","8":"product_cat-kvepalai","10":"first","11":"instock","12":"taxable","13":"shipping-taxable","14":"purchasable","15":"product-type-simple"},"_links":{"self":[{"href":"https:\/\/thequeenhouse.co.uk\/lt\/wp-json\/wp\/v2\/product\/15805","targetHints":{"allow":["GET"]}}],"collection":[{"href":"https:\/\/thequeenhouse.co.uk\/lt\/wp-json\/wp\/v2\/product"}],"about":[{"href":"https:\/\/thequeenhouse.co.uk\/lt\/wp-json\/wp\/v2\/types\/product"}],"replies":[{"embeddable":true,"href":"https:\/\/thequeenhouse.co.uk\/lt\/wp-json\/wp\/v2\/comments?post=15805"}],"wp:featuredmedia":[{"embeddable":true,"href":"https:\/\/thequeenhouse.co.uk\/lt\/wp-json\/wp\/v2\/media\/15813"}],"wp:attachment":[{"href":"https:\/\/thequeenhouse.co.uk\/lt\/wp-json\/wp\/v2\/media?parent=15805"}],"wp:term":[{"taxonomy":"product_brand","embeddable":true,"href":"https:\/\/thequeenhouse.co.uk\/lt\/wp-json\/wp\/v2\/product_brand?post=15805"},{"taxonomy":"product_cat","embeddable":true,"href":"https:\/\/thequeenhouse.co.uk\/lt\/wp-json\/wp\/v2\/product_cat?post=15805"},{"taxonomy":"product_tag","embeddable":true,"href":"https:\/\/thequeenhouse.co.uk\/lt\/wp-json\/wp\/v2\/product_tag?post=15805"}],"curies":[{"name":"wp","href":"https:\/\/api.w.org\/{rel}","templated":true}]}}