{"id":15815,"date":"2025-10-25T09:01:20","date_gmt":"2025-10-25T08:01:20","guid":{"rendered":"https:\/\/thequeenhouse.co.uk\/?post_type=product&#038;p=15815"},"modified":"2025-10-25T09:04:14","modified_gmt":"2025-10-25T08:04:14","slug":"once-kvepalai-lorev-eau-de-parfum-intense-100ml-copy","status":"publish","type":"product","link":"https:\/\/thequeenhouse.co.uk\/lt\/produktas\/once-kvepalai-lorev-eau-de-parfum-intense-100ml-copy\/","title":{"rendered":"Cherry Paradise Eau de Parfum 100 ml"},"content":{"rendered":"","protected":false},"excerpt":{"rendered":"<p data-start=\"345\" data-end=\"612\"><strong data-start=\"345\" data-end=\"390\">Saldus, jausmingas ir i\u0161skirtinis kvapas,<\/strong> kuriame dera <strong data-start=\"404\" data-end=\"431\">sultinga juodoji vy\u0161nia<\/strong>, <strong data-start=\"433\" data-end=\"451\">vy\u0161ni\u0173 likeris<\/strong> ir <strong data-start=\"455\" data-end=\"476\">kartieji migdolai<\/strong>.<br data-start=\"477\" data-end=\"480\" \/><strong data-start=\"480\" data-end=\"506\">SAPHIR Cherry Paradise<\/strong> \u2013 tai aromatas, kuris tarsi saldus vy\u0161ni\u0173 sapnas apgaubia jus \u0161iluma, moteri\u0161kumu ir rafinuotu saldumu.<\/p>\n<p data-start=\"614\" data-end=\"933\">Kvapas atsiskleid\u017eia <strong data-start=\"635\" data-end=\"678\">vy\u0161ni\u0173 saldumo ir lengvo r\u016bg\u0161tumo banga<\/strong>, kuri\u0105 su\u0161ildo <strong data-start=\"694\" data-end=\"703\">ambra<\/strong> ir pagyvina <strong data-start=\"716\" data-end=\"744\">eleganti\u0161kos ro\u017ei\u0173 natos<\/strong>.<br data-start=\"745\" data-end=\"748\" \/>Kvapas \u017eadina poj\u016b\u010dius, suteikia <strong data-start=\"781\" data-end=\"811\">paslaptingumo, rafinuotumo<\/strong> ir <strong data-start=\"815\" data-end=\"857\">ne\u012fprasto sald\u017eiai a\u0161traus charakterio<\/strong> \u2013 puikus pasirinkimas ie\u0161kan\u010dioms i\u0161rai\u0161kingo, ilgai i\u0161liekan\u010dio aromato.<\/p>\n<p data-start=\"935\" data-end=\"955\">\u2728 <strong data-start=\"937\" data-end=\"953\">Kvapo natos:<\/strong><\/p>\n<ul data-start=\"956\" data-end=\"1153\">\n<li data-start=\"956\" data-end=\"1031\">\n<p data-start=\"958\" data-end=\"1031\"><strong data-start=\"958\" data-end=\"979\">Vir\u0161utin\u0117s natos:<\/strong> juodoji vy\u0161nia, vy\u0161ni\u0173 likeris, kartieji migdolai<\/p>\n<\/li>\n<li data-start=\"1032\" data-end=\"1068\">\n<p data-start=\"1034\" data-end=\"1068\"><strong data-start=\"1034\" data-end=\"1054\">Vidurin\u0117s natos:<\/strong> ambra, ro\u017e\u0117<\/p>\n<\/li>\n<li data-start=\"1069\" data-end=\"1153\">\n<p data-start=\"1071\" data-end=\"1153\"><strong data-start=\"1071\" data-end=\"1089\">Bazin\u0117s natos:<\/strong> kedras, Peru balzamas, sandalmedis, tonka pupel\u0117s, vetiverija<\/p>\n<\/li>\n<\/ul>\n<p data-start=\"1155\" data-end=\"1402\">\ud83d\udc97 <strong data-start=\"1158\" data-end=\"1174\">Kvapo tipas:<\/strong> saldus, vaisinis, jausmingas<br data-start=\"1203\" data-end=\"1206\" \/>\ud83d\udce6 Supakuota \u012f eleganti\u0161k\u0105 <strong data-start=\"1233\" data-end=\"1253\">100 ml buteliuk\u0105<\/strong> su patogiu purk\u0161tuku.<br data-start=\"1275\" data-end=\"1278\" \/>\ud83d\udc8e <strong data-start=\"1281\" data-end=\"1304\">Eau de Parfum (EDP)<\/strong> koncentracija u\u017etikrina, kad kvapas i\u0161likt\u0173 ilgai \u2013 tiek ant odos, tiek ant drabu\u017ei\u0173 ar plauk\u0173.<\/p>\n","protected":false},"featured_media":15817,"comment_status":"open","ping_status":"closed","template":"","meta":[],"product_brand":[],"product_cat":[43,319],"product_tag":[],"class_list":{"0":"post-15815","1":"product","2":"type-product","3":"status-publish","4":"has-post-thumbnail","6":"product_cat-grozis","7":"product_cat-kvepalai","9":"first","10":"instock","11":"taxable","12":"shipping-taxable","13":"purchasable","14":"product-type-simple"},"_links":{"self":[{"href":"https:\/\/thequeenhouse.co.uk\/lt\/wp-json\/wp\/v2\/product\/15815","targetHints":{"allow":["GET"]}}],"collection":[{"href":"https:\/\/thequeenhouse.co.uk\/lt\/wp-json\/wp\/v2\/product"}],"about":[{"href":"https:\/\/thequeenhouse.co.uk\/lt\/wp-json\/wp\/v2\/types\/product"}],"replies":[{"embeddable":true,"href":"https:\/\/thequeenhouse.co.uk\/lt\/wp-json\/wp\/v2\/comments?post=15815"}],"wp:featuredmedia":[{"embeddable":true,"href":"https:\/\/thequeenhouse.co.uk\/lt\/wp-json\/wp\/v2\/media\/15817"}],"wp:attachment":[{"href":"https:\/\/thequeenhouse.co.uk\/lt\/wp-json\/wp\/v2\/media?parent=15815"}],"wp:term":[{"taxonomy":"product_brand","embeddable":true,"href":"https:\/\/thequeenhouse.co.uk\/lt\/wp-json\/wp\/v2\/product_brand?post=15815"},{"taxonomy":"product_cat","embeddable":true,"href":"https:\/\/thequeenhouse.co.uk\/lt\/wp-json\/wp\/v2\/product_cat?post=15815"},{"taxonomy":"product_tag","embeddable":true,"href":"https:\/\/thequeenhouse.co.uk\/lt\/wp-json\/wp\/v2\/product_tag?post=15815"}],"curies":[{"name":"wp","href":"https:\/\/api.w.org\/{rel}","templated":true}]}}