{"id":15819,"date":"2025-10-25T09:06:51","date_gmt":"2025-10-25T08:06:51","guid":{"rendered":"https:\/\/thequeenhouse.co.uk\/?post_type=product&#038;p=15819"},"modified":"2025-10-25T09:11:33","modified_gmt":"2025-10-25T08:11:33","slug":"nejha-ilgalaikis-vandeniui-atsparus-blakstienu-tusas-volume-docet-01-black-115ml-copy-2","status":"publish","type":"product","link":"https:\/\/thequeenhouse.co.uk\/lt\/produktas\/nejha-ilgalaikis-vandeniui-atsparus-blakstienu-tusas-volume-docet-01-black-115ml-copy-2\/","title":{"rendered":"INVEO ULTIMATE COSMETICS \u2013 Hipoalerginis blakstien\u0173 augim\u0105 skatinantis serumas (3,5 ml)"},"content":{"rendered":"","protected":false},"excerpt":{"rendered":"<article class=\"text-token-text-primary w-full\" dir=\"auto\" data-testid=\"conversation-turn-6\" data-scroll-anchor=\"true\">\n<div class=\"text-base my-auto mx-auto py-5 [--thread-content-margin:--spacing(4)] @[37rem]:[--thread-content-margin:--spacing(6)] @[72rem]:[--thread-content-margin:--spacing(16)] px-(--thread-content-margin)\">\n<div class=\"[--thread-content-max-width:32rem] @[34rem]:[--thread-content-max-width:40rem] @[64rem]:[--thread-content-max-width:48rem] mx-auto flex max-w-(--thread-content-max-width) flex-1 text-base gap-4 md:gap-5 lg:gap-6 group\/turn-messages focus-visible:outline-hidden\" tabindex=\"-1\">\n<div class=\"group\/conversation-turn relative flex w-full min-w-0 flex-col agent-turn\">\n<div class=\"relative flex-col gap-1 md:gap-3\">\n<div class=\"flex max-w-full flex-col grow\">\n<div class=\"min-h-8 text-message relative flex w-full flex-col items-end gap-2 text-start break-words whitespace-normal [.text-message+&amp;]:mt-5\" dir=\"auto\" data-message-author-role=\"assistant\" data-message-id=\"b331a973-ad37-4073-96fe-c909b21af30d\" data-message-model-slug=\"gpt-4o\">\n<div class=\"flex w-full flex-col gap-1 empty:hidden first:pt-[3px]\">\n<div class=\"markdown prose dark:prose-invert w-full break-words light\">\n<p data-start=\"400\" data-end=\"717\">Atraskite stipresnes, ilgesnes ir tankesnes blakstienas su <strong data-start=\"459\" data-end=\"487\">INVEO ULTIMATE COSMETICS<\/strong> hipoalerginiu serumu!<br data-start=\"509\" data-end=\"512\" \/>\u0160is pa\u017eangus serumas <strong data-start=\"533\" data-end=\"575\">stimuliuoja nat\u016bral\u0173 blakstien\u0173 augim\u0105<\/strong>, <strong data-start=\"577\" data-end=\"602\">stiprina j\u0173 strukt\u016br\u0105<\/strong> ir <strong data-start=\"606\" data-end=\"625\">ma\u017eina slinkim\u0105<\/strong>. Reguliariai naudojant, blakstienos tampa <strong data-start=\"668\" data-end=\"714\">ilgesn\u0117s, storesn\u0117s ir labiau i\u0161rai\u0161kingos<\/strong>.<\/p>\n<p data-start=\"719\" data-end=\"752\">\ud83c\udf3f <strong data-start=\"722\" data-end=\"750\">Pagrindiniai privalumai:<\/strong><\/p>\n<ul data-start=\"753\" data-end=\"1077\">\n<li data-start=\"753\" data-end=\"818\">\n<p data-start=\"755\" data-end=\"818\">Skatina <strong data-start=\"763\" data-end=\"793\">nat\u016bral\u0173 blakstien\u0173 augim\u0105<\/strong> ir stiprina j\u0173 \u0161aknis.<\/p>\n<\/li>\n<li data-start=\"819\" data-end=\"861\">\n<p data-start=\"821\" data-end=\"861\">Padeda <strong data-start=\"828\" data-end=\"858\">ma\u017einti plaukeli\u0173 slinkim\u0105<\/strong>.<\/p>\n<\/li>\n<li data-start=\"862\" data-end=\"922\">\n<p data-start=\"864\" data-end=\"922\">Hipoalergin\u0117 formul\u0117 \u2013 <strong data-start=\"887\" data-end=\"919\">tinka jautriai odai ir akims<\/strong>.<\/p>\n<\/li>\n<li data-start=\"923\" data-end=\"1005\">\n<p data-start=\"925\" data-end=\"1005\">Matomi rezultatai jau po <strong data-start=\"950\" data-end=\"964\">2 savai\u010di\u0173<\/strong>, pilnas efektas \u2013 po <strong data-start=\"986\" data-end=\"1002\">6\u20138 savai\u010di\u0173<\/strong>.<\/p>\n<\/li>\n<li data-start=\"1006\" data-end=\"1077\">\n<p data-start=\"1008\" data-end=\"1077\">Vieno buteliuko (3,5 ml) pakanka ma\u017edaug <strong data-start=\"1049\" data-end=\"1074\">3 m\u0117nesiams naudojimo<\/strong>.<\/p>\n<\/li>\n<\/ul>\n<p data-start=\"1079\" data-end=\"1104\">\ud83d\udca7 <strong data-start=\"1082\" data-end=\"1102\">Naudojimo b\u016bdas:<\/strong><\/p>\n<ol data-start=\"1105\" data-end=\"1457\">\n<li data-start=\"1105\" data-end=\"1171\">\n<p data-start=\"1108\" data-end=\"1171\">Naudokite serum\u0105 <strong data-start=\"1125\" data-end=\"1150\">vien\u0105 kart\u0105 per dien\u0105<\/strong>, geriausia vakare.<\/p>\n<\/li>\n<li data-start=\"1172\" data-end=\"1256\">\n<p data-start=\"1175\" data-end=\"1256\">Prie\u0161 naudojim\u0105 <strong data-start=\"1191\" data-end=\"1213\">nuvalykite makia\u017e\u0105<\/strong> ir kruop\u0161\u010diai <strong data-start=\"1228\" data-end=\"1253\">nuriebinkite vok\u0173 od\u0105<\/strong>.<\/p>\n<\/li>\n<li data-start=\"1257\" data-end=\"1329\">\n<p data-start=\"1260\" data-end=\"1329\">Plonu \u0161epet\u0117liu tepkite serumo sluoksn\u012f blakstien\u0173 augimo linijoje.<\/p>\n<\/li>\n<li data-start=\"1330\" data-end=\"1387\">\n<p data-start=\"1333\" data-end=\"1387\">U\u017etepus serum\u0105, <strong data-start=\"1349\" data-end=\"1375\">netaikykite aki\u0173 kremo<\/strong> ant vok\u0173.<\/p>\n<\/li>\n<li data-start=\"1388\" data-end=\"1457\">\n<p data-start=\"1391\" data-end=\"1457\">Po pasiekt\u0173 rezultat\u0173 \u2013 palaikymui naudokite kas <strong data-start=\"1440\" data-end=\"1454\">2\u20133 dienas<\/strong>.<\/p>\n<\/li>\n<\/ol>\n<p data-start=\"1459\" data-end=\"1579\">\ud83c\udf38 <strong data-start=\"1462\" data-end=\"1501\">Hipoalerginis, \u0161velnus, veiksmingas<\/strong> \u2013 idealus pasirinkimas moterims, norin\u010dioms nat\u016bralaus gro\u017eio be dirginimo.<\/p>\n<p data-start=\"1581\" data-end=\"1657\">\ud83d\udce6 <strong data-start=\"1584\" data-end=\"1594\">Talpa:<\/strong> 3,5 ml<br data-start=\"1601\" data-end=\"1604\" \/>\ud83c\uddf5\ud83c\uddf1 <strong data-start=\"1609\" data-end=\"1632\">Pagaminta Lenkijoje<\/strong> \u2013 \u201eColoris sp. z o.o.\u201c<\/p>\n<\/div>\n<\/div>\n<\/div>\n<\/div>\n<\/div>\n<\/div>\n<\/div>\n<\/div>\n<\/article>\n","protected":false},"featured_media":15821,"comment_status":"open","ping_status":"closed","template":"","meta":[],"product_brand":[],"product_cat":[310,312,43],"product_tag":[],"class_list":{"0":"post-15819","1":"product","2":"type-product","3":"status-publish","4":"has-post-thumbnail","6":"product_cat-blakstienos","7":"product_cat-dekoratyvine-kosmetika","8":"product_cat-grozis","10":"first","11":"outofstock","12":"taxable","13":"shipping-taxable","14":"purchasable","15":"product-type-simple"},"_links":{"self":[{"href":"https:\/\/thequeenhouse.co.uk\/lt\/wp-json\/wp\/v2\/product\/15819","targetHints":{"allow":["GET"]}}],"collection":[{"href":"https:\/\/thequeenhouse.co.uk\/lt\/wp-json\/wp\/v2\/product"}],"about":[{"href":"https:\/\/thequeenhouse.co.uk\/lt\/wp-json\/wp\/v2\/types\/product"}],"replies":[{"embeddable":true,"href":"https:\/\/thequeenhouse.co.uk\/lt\/wp-json\/wp\/v2\/comments?post=15819"}],"wp:featuredmedia":[{"embeddable":true,"href":"https:\/\/thequeenhouse.co.uk\/lt\/wp-json\/wp\/v2\/media\/15821"}],"wp:attachment":[{"href":"https:\/\/thequeenhouse.co.uk\/lt\/wp-json\/wp\/v2\/media?parent=15819"}],"wp:term":[{"taxonomy":"product_brand","embeddable":true,"href":"https:\/\/thequeenhouse.co.uk\/lt\/wp-json\/wp\/v2\/product_brand?post=15819"},{"taxonomy":"product_cat","embeddable":true,"href":"https:\/\/thequeenhouse.co.uk\/lt\/wp-json\/wp\/v2\/product_cat?post=15819"},{"taxonomy":"product_tag","embeddable":true,"href":"https:\/\/thequeenhouse.co.uk\/lt\/wp-json\/wp\/v2\/product_tag?post=15819"}],"curies":[{"name":"wp","href":"https:\/\/api.w.org\/{rel}","templated":true}]}}