{"id":15823,"date":"2025-10-25T09:39:54","date_gmt":"2025-10-25T08:39:54","guid":{"rendered":"https:\/\/thequeenhouse.co.uk\/?post_type=product&#038;p=15823"},"modified":"2025-10-25T09:46:25","modified_gmt":"2025-10-25T08:46:25","slug":"roomoi-namu-kvapu-difuzoriaus-papildymo-rinkinys-vin-noble-500-ml-1000-ml-copy","status":"publish","type":"product","link":"https:\/\/thequeenhouse.co.uk\/lt\/produktas\/roomoi-namu-kvapu-difuzoriaus-papildymo-rinkinys-vin-noble-500-ml-1000-ml-copy\/","title":{"rendered":"ROOMOI nam\u0173 kvap\u0173 difuzoriaus ir pur\u0161kiamo kvapo rinkinys VIN NOBLE, 200ml + 100ml"},"content":{"rendered":"","protected":false},"excerpt":{"rendered":"<div class=\"ewa-rteLine\">\n<div class=\"flex-1 overflow-hidden @container\/thread\">\n<div class=\"h-full\">\n<div class=\"react-scroll-to-bottom--css-cqnaz-79elbk h-full\">\n<div class=\"react-scroll-to-bottom--css-cqnaz-1n7m0yu\">\n<div class=\"flex flex-col text-sm md:pb-9\">\n<article class=\"w-full scroll-mb-[var(--thread-trailing-height,150px)] text-token-text-primary focus-visible:outline-2 focus-visible:outline-offset-[-4px]\" dir=\"auto\" data-testid=\"conversation-turn-153\" data-scroll-anchor=\"true\">\n<div class=\"m-auto text-base py-[18px] px-3 md:px-4 w-full md:px-5 lg:px-4 xl:px-5\">\n<div class=\"mx-auto flex flex-1 gap-4 text-base md:gap-5 lg:gap-6 md:max-w-3xl lg:max-w-[40rem] xl:max-w-[48rem]\">\n<div class=\"group\/conversation-turn relative flex w-full min-w-0 flex-col agent-turn\">\n<div class=\"flex-col gap-1 md:gap-3\">\n<div class=\"flex max-w-full flex-col flex-grow\">\n<div class=\"min-h-8 text-message flex w-full flex-col items-end gap-2 whitespace-normal break-words text-start [.text-message+&amp;]:mt-5\" dir=\"auto\" data-message-author-role=\"assistant\" data-message-id=\"76f4b7a4-55a9-404c-9681-40cb7cf93789\" data-message-model-slug=\"gpt-4o\">\n<div class=\"flex w-full flex-col gap-1 empty:hidden first:pt-[3px]\">\n<div class=\"markdown prose w-full break-words dark:prose-invert light\">\n<div class=\"ewa-rteLine\">\n<h3 data-start=\"290\" data-end=\"390\"><strong data-start=\"299\" data-end=\"388\">Nam\u0173 kvap\u0173 rinkinys VIN NOBLE (difuzorius 200 ml + pur\u0161kiamas kvapas 100 ml)<\/strong><\/h3>\n<p data-start=\"392\" data-end=\"709\">Atraskite <strong data-start=\"402\" data-end=\"432\">\u017eydin\u010dio vynuogyno aromat\u0105<\/strong> su <strong data-start=\"436\" data-end=\"456\">ROOMOI VIN NOBLE<\/strong> nam\u0173 kvap\u0173 rinkiniu. \u0160is prabangus difuzoriaus ir pur\u0161kiamo kvapo derinys pripildys j\u016bs\u0173 namus <strong data-start=\"552\" data-end=\"591\">\u0161iltais, sultingais ir gurmani\u0161kais<\/strong> tonais. Vynuogi\u0173, uog\u0173 ir \u017eem\u0117s nat\u0173 kvapas apgaubs jus <strong data-start=\"648\" data-end=\"698\">ramyb\u0117s, elegancijos ir nat\u016bralaus rafinuotumo<\/strong> poj\u016b\u010diu.<\/p>\n<p data-start=\"711\" data-end=\"731\">\u2728 <strong data-start=\"713\" data-end=\"729\">Kvapo natos:<\/strong><\/p>\n<ul data-start=\"732\" data-end=\"879\">\n<li data-start=\"732\" data-end=\"788\">\n<p data-start=\"734\" data-end=\"788\"><strong data-start=\"734\" data-end=\"755\">Vir\u0161utin\u0117s natos:<\/strong> apelsinas, na\u0161lait\u0117, magnolija<\/p>\n<\/li>\n<li data-start=\"789\" data-end=\"834\">\n<p data-start=\"791\" data-end=\"834\"><strong data-start=\"791\" data-end=\"811\">Vidurin\u0117s natos:<\/strong> slyva, bra\u0161k\u0117, uogos<\/p>\n<\/li>\n<li data-start=\"835\" data-end=\"879\">\n<p data-start=\"837\" data-end=\"879\"><strong data-start=\"837\" data-end=\"855\">Bazin\u0117s natos:<\/strong> sausa mediena, ber\u017eas<\/p>\n<\/li>\n<\/ul>\n<p data-start=\"881\" data-end=\"1083\"><strong data-start=\"881\" data-end=\"901\">ROOMOI VIN NOBLE<\/strong> \u2013 tai <strong data-start=\"908\" data-end=\"946\">i\u0161skirtinis, prabangus nam\u0173 kvapas<\/strong>, sukuriantis \u0161ilt\u0105, jauki\u0105 atmosfer\u0105. Juodo d\u016bminio stiklo buteliukai puo\u0161ia interjer\u0105, o kvapas subtiliai pasklinda ir i\u0161lieka ilgai.<\/p>\n<p data-start=\"1085\" data-end=\"1109\">\ud83c\udf38 <strong data-start=\"1088\" data-end=\"1107\">Rinkin\u012f sudaro:<\/strong><\/p>\n<ul data-start=\"1110\" data-end=\"1218\">\n<li data-start=\"1110\" data-end=\"1146\">\n<p data-start=\"1112\" data-end=\"1146\">Nam\u0173 kvap\u0173 <strong data-start=\"1123\" data-end=\"1144\">difuzorius 200 ml<\/strong><\/p>\n<\/li>\n<li data-start=\"1147\" data-end=\"1179\">\n<p data-start=\"1149\" data-end=\"1179\"><strong data-start=\"1149\" data-end=\"1177\">Pur\u0161kiamas kvapas 100 ml<\/strong><\/p>\n<\/li>\n<li data-start=\"1180\" data-end=\"1218\">\n<p data-start=\"1182\" data-end=\"1218\"><strong data-start=\"1182\" data-end=\"1216\">Ekologi\u0161kos nendrin\u0117s lazdel\u0117s<\/strong><\/p>\n<\/li>\n<\/ul>\n<p data-start=\"1220\" data-end=\"1474\">\ud83d\udca1 <strong data-start=\"1223\" data-end=\"1238\">Naudojimas:<\/strong><br data-start=\"1238\" data-end=\"1241\" \/>Pur\u0161kiam\u0105 kvap\u0105 naudokite kambariuose, biuruose ar automobilyje. Purk\u0161kite stov\u0117dami patalpos centre, kad aromatas tolygiai pasiskirstyt\u0173. Difuzori\u0173 pad\u0117kite atviroje vietoje \u2013 jis palaipsniui skleis malon\u0173, ilgai i\u0161liekant\u012f kvap\u0105.<\/p>\n<p data-start=\"1476\" data-end=\"1528\">\ud83d\udda4 <strong data-start=\"1479\" data-end=\"1526\">ROOMOI \u2013 kai kvapas tampa interjero dalimi.<\/strong><\/p>\n<p><strong>Visi ROOMOI nam\u0173 kvapai \u2013 difuzoriai pagaminti Italijoje.<\/strong><\/p>\n<\/div>\n<\/div>\n<\/div>\n<\/div>\n<\/div>\n<\/div>\n<\/div>\n<\/div>\n<\/div>\n<\/article>\n<\/div>\n<\/div>\n<\/div>\n<\/div>\n<\/div>\n<\/div>\n","protected":false},"featured_media":15825,"comment_status":"open","ping_status":"closed","template":"","meta":[],"product_brand":[],"product_cat":[44],"product_tag":[],"class_list":{"0":"post-15823","1":"product","2":"type-product","3":"status-publish","4":"has-post-thumbnail","6":"product_cat-namams","8":"first","9":"instock","10":"taxable","11":"shipping-taxable","12":"purchasable","13":"product-type-simple"},"_links":{"self":[{"href":"https:\/\/thequeenhouse.co.uk\/lt\/wp-json\/wp\/v2\/product\/15823","targetHints":{"allow":["GET"]}}],"collection":[{"href":"https:\/\/thequeenhouse.co.uk\/lt\/wp-json\/wp\/v2\/product"}],"about":[{"href":"https:\/\/thequeenhouse.co.uk\/lt\/wp-json\/wp\/v2\/types\/product"}],"replies":[{"embeddable":true,"href":"https:\/\/thequeenhouse.co.uk\/lt\/wp-json\/wp\/v2\/comments?post=15823"}],"wp:featuredmedia":[{"embeddable":true,"href":"https:\/\/thequeenhouse.co.uk\/lt\/wp-json\/wp\/v2\/media\/15825"}],"wp:attachment":[{"href":"https:\/\/thequeenhouse.co.uk\/lt\/wp-json\/wp\/v2\/media?parent=15823"}],"wp:term":[{"taxonomy":"product_brand","embeddable":true,"href":"https:\/\/thequeenhouse.co.uk\/lt\/wp-json\/wp\/v2\/product_brand?post=15823"},{"taxonomy":"product_cat","embeddable":true,"href":"https:\/\/thequeenhouse.co.uk\/lt\/wp-json\/wp\/v2\/product_cat?post=15823"},{"taxonomy":"product_tag","embeddable":true,"href":"https:\/\/thequeenhouse.co.uk\/lt\/wp-json\/wp\/v2\/product_tag?post=15823"}],"curies":[{"name":"wp","href":"https:\/\/api.w.org\/{rel}","templated":true}]}}