{"id":15827,"date":"2025-10-25T09:48:13","date_gmt":"2025-10-25T08:48:13","guid":{"rendered":"https:\/\/thequeenhouse.co.uk\/?post_type=product&#038;p=15827"},"modified":"2025-10-25T09:53:01","modified_gmt":"2025-10-25T08:53:01","slug":"once-kvepalai-lorev-eau-de-parfum-intense-100ml-copy-2","status":"publish","type":"product","link":"https:\/\/thequeenhouse.co.uk\/lt\/produktas\/once-kvepalai-lorev-eau-de-parfum-intense-100ml-copy-2\/","title":{"rendered":"ONCE \u2013 Vyr\u0173 kvepal\u0173 rinkinys COURIELD (EDP 100 ml + 10 ml + kosmetin\u0117)"},"content":{"rendered":"","protected":false},"excerpt":{"rendered":"<p data-start=\"386\" data-end=\"677\"><strong data-start=\"386\" data-end=\"403\">ONCE COURIELD<\/strong> \u2013 tai <strong data-start=\"410\" data-end=\"444\">modernaus vyro nuotyki\u0173 dvasia<\/strong>, \u012fk\u016bnyta kvape, kuriame susipina <strong data-start=\"478\" data-end=\"536\">juodasis kedras, kalendros lapai ir \u017ealioji vetiverija<\/strong>. \u0160is aromatas simbolizuoja <strong data-start=\"564\" data-end=\"596\">laisv\u0119, stipryb\u0119 ir charizm\u0105<\/strong>, o jo subtilus medienos bei prieskoni\u0173 derinys suteikia i\u0161skirtin\u012f charakter\u012f.<\/p>\n<p data-start=\"679\" data-end=\"703\">\ud83c\udf81 <strong data-start=\"682\" data-end=\"701\">Rinkin\u012f sudaro:<\/strong><\/p>\n<ul data-start=\"704\" data-end=\"927\">\n<li data-start=\"704\" data-end=\"746\">\n<p data-start=\"706\" data-end=\"746\"><strong data-start=\"706\" data-end=\"744\">ONCE COURIELD Eau de Parfum 100 ml<\/strong><\/p>\n<\/li>\n<li data-start=\"747\" data-end=\"790\">\n<p data-start=\"749\" data-end=\"790\"><strong data-start=\"749\" data-end=\"788\">Kelioninis kvepal\u0173 buteliukas 10 ml<\/strong><\/p>\n<\/li>\n<li data-start=\"791\" data-end=\"927\">\n<p data-start=\"793\" data-end=\"927\"><strong data-start=\"793\" data-end=\"811\">ONCE kosmetin\u0117<\/strong><br data-start=\"811\" data-end=\"814\" \/>Viskas supakuota \u012f <strong data-start=\"833\" data-end=\"862\">prabangi\u0105 dovanin\u0119 d\u0117\u017eut\u0119<\/strong> \u2013 tobulas pasirinkimas kaip <strong data-start=\"891\" data-end=\"915\">dovana mylimam vyrui<\/strong> arba sau.<\/p>\n<\/li>\n<\/ul>\n<p data-start=\"929\" data-end=\"949\">\u2728 <strong data-start=\"931\" data-end=\"947\">Kvapo natos:<\/strong><\/p>\n<ul data-start=\"950\" data-end=\"1168\">\n<li data-start=\"950\" data-end=\"1033\">\n<p data-start=\"952\" data-end=\"1033\"><strong data-start=\"952\" data-end=\"973\">Vir\u0161utin\u0117s natos:<\/strong> citrusiniai vaisiai, kalendros lapai, \u0161vie\u017ei \u017eali akordai<\/p>\n<\/li>\n<li data-start=\"1034\" data-end=\"1093\">\n<p data-start=\"1036\" data-end=\"1093\"><strong data-start=\"1036\" data-end=\"1056\">Vidurin\u0117s natos:<\/strong> mediena, sakai, a\u0161tr\u016bs prieskoniai<\/p>\n<\/li>\n<li data-start=\"1094\" data-end=\"1168\">\n<p data-start=\"1096\" data-end=\"1168\"><strong data-start=\"1096\" data-end=\"1114\">Bazin\u0117s natos:<\/strong> kiparisas, kvapusis auksabarzdis, benzoinas, kedras<\/p>\n<\/li>\n<\/ul>\n<p data-start=\"1170\" data-end=\"1442\">\u0160\u012f aromat\u0105 suk\u016br\u0117 <strong data-start=\"1188\" data-end=\"1227\">pranc\u016bz\u0173 parfumer\u0117 Soizic Beaucourt<\/strong>, kuri tiki, kad \u201e<strong data-start=\"1245\" data-end=\"1291\">kiekvienas suvar\u017eymas \u2013 tai galimyb\u0117 kurti<\/strong>\u201c.<br data-start=\"1293\" data-end=\"1296\" \/>Jos k\u016bryboje dera <strong data-start=\"1314\" data-end=\"1350\">menas, emocijos ir meistri\u0161kumas<\/strong>, o kiekvienas kvapas tampa <strong data-start=\"1378\" data-end=\"1397\">\u201eskystu gro\u017eiu\u201c<\/strong>, perteikian\u010diu charakter\u012f ir i\u0161skirtinum\u0105.<\/p>\n<p data-start=\"1444\" data-end=\"1737\"><strong data-start=\"1444\" data-end=\"1461\">ONCE COURIELD<\/strong> \u2013 tai daugiau nei kvapas. Tai <strong data-start=\"1492\" data-end=\"1545\">istorija apie stipryb\u0119, dr\u0105s\u0105 ir laisv\u0117s tro\u0161kim\u0105<\/strong>. Kiekvienas \u201eONCE\u201c aromatas leid\u017eia i\u0161reik\u0161ti emocijas, prisiminimus ir asmenyb\u0117s bruo\u017eus, o <strong data-start=\"1639\" data-end=\"1651\">Courield<\/strong> kvie\u010dia \u012f vidin\u0119 kelion\u0119, kurioje susilieja vyri\u0161kas rafinuotumas ir nat\u016brali j\u0117ga.<\/p>\n<p data-start=\"1739\" data-end=\"1830\">\ud83d\udc8e <strong data-start=\"1742\" data-end=\"1765\">Pagaminta Italijoje<\/strong><br data-start=\"1765\" data-end=\"1768\" \/>\ud83d\udda4 <strong data-start=\"1771\" data-end=\"1828\">Ilgai i\u0161liekantis, prabangus ir i\u0161skirtinis aromatas.<\/strong><\/p>\n","protected":false},"featured_media":15829,"comment_status":"open","ping_status":"closed","template":"","meta":[],"product_brand":[],"product_cat":[43,319],"product_tag":[],"class_list":{"0":"post-15827","1":"product","2":"type-product","3":"status-publish","4":"has-post-thumbnail","6":"product_cat-grozis","7":"product_cat-kvepalai","9":"first","10":"instock","11":"taxable","12":"shipping-taxable","13":"purchasable","14":"product-type-simple"},"_links":{"self":[{"href":"https:\/\/thequeenhouse.co.uk\/lt\/wp-json\/wp\/v2\/product\/15827","targetHints":{"allow":["GET"]}}],"collection":[{"href":"https:\/\/thequeenhouse.co.uk\/lt\/wp-json\/wp\/v2\/product"}],"about":[{"href":"https:\/\/thequeenhouse.co.uk\/lt\/wp-json\/wp\/v2\/types\/product"}],"replies":[{"embeddable":true,"href":"https:\/\/thequeenhouse.co.uk\/lt\/wp-json\/wp\/v2\/comments?post=15827"}],"wp:featuredmedia":[{"embeddable":true,"href":"https:\/\/thequeenhouse.co.uk\/lt\/wp-json\/wp\/v2\/media\/15829"}],"wp:attachment":[{"href":"https:\/\/thequeenhouse.co.uk\/lt\/wp-json\/wp\/v2\/media?parent=15827"}],"wp:term":[{"taxonomy":"product_brand","embeddable":true,"href":"https:\/\/thequeenhouse.co.uk\/lt\/wp-json\/wp\/v2\/product_brand?post=15827"},{"taxonomy":"product_cat","embeddable":true,"href":"https:\/\/thequeenhouse.co.uk\/lt\/wp-json\/wp\/v2\/product_cat?post=15827"},{"taxonomy":"product_tag","embeddable":true,"href":"https:\/\/thequeenhouse.co.uk\/lt\/wp-json\/wp\/v2\/product_tag?post=15827"}],"curies":[{"name":"wp","href":"https:\/\/api.w.org\/{rel}","templated":true}]}}