{"id":15831,"date":"2025-10-25T09:55:16","date_gmt":"2025-10-25T08:55:16","guid":{"rendered":"https:\/\/thequeenhouse.co.uk\/?post_type=product&#038;p=15831"},"modified":"2025-12-06T12:13:49","modified_gmt":"2025-12-06T11:13:49","slug":"once-vyru-kvepalu-rinkinys-courield-edp-100-ml-10-ml-kosmetine-copy","status":"publish","type":"product","link":"https:\/\/thequeenhouse.co.uk\/lt\/produktas\/once-vyru-kvepalu-rinkinys-courield-edp-100-ml-10-ml-kosmetine-copy\/","title":{"rendered":"ONCE \u2013 Lorev Eau De Parfum Intense 100 ml"},"content":{"rendered":"","protected":false},"excerpt":{"rendered":"<p data-start=\"100\" data-end=\"300\"><strong data-start=\"100\" data-end=\"148\">ONCE kvepalai Lipsens Eau de Perfume Intense<\/strong> \u2013 sald\u017eiausi i\u0161 visos ONCE kvepal\u0173 kolekcijos. Tai gra\u017eus palink\u0117jimas, pasimet\u0119s dykum\u0173 brize: senoviniai balzamai, u\u017elieti prabangia ambra ir vanile.<\/p>\n<p data-start=\"302\" data-end=\"448\"><strong data-start=\"302\" data-end=\"323\">Vir\u0161utin\u0117s natos:<\/strong> ro\u017einis pipiras, vanil\u0117<br data-start=\"347\" data-end=\"350\" \/><strong data-start=\"350\" data-end=\"370\">Vidurin\u0117s natos:<\/strong> vanil\u0117, cukraus aromatas<br data-start=\"395\" data-end=\"398\" \/><strong data-start=\"398\" data-end=\"416\">Bazin\u0117s natos:<\/strong> muskusas, pudros akordas, ambra<\/p>\n<p data-start=\"450\" data-end=\"678\">Kvepal\u0173 k\u016br\u0117ja \u2013 parfumer\u0117 <strong data-start=\"477\" data-end=\"497\">Soizic Beaucourt<\/strong>. Ji tiki, kad visi suvar\u017eymai turi b\u016bti priimami kaip galimyb\u0117s ir i\u0161\u0161\u016bkiai. K\u016brybi\u0161ka, eklekti\u0161ka ir atkakli, ji \u012fkv\u0117pimo semiasi i\u0161 daugyb\u0117s meno disciplin\u0173, kurios jai artimos.<\/p>\n<p data-start=\"680\" data-end=\"1033\">Nuo vaikyst\u0117s Soizic tro\u0161ko gro\u017eiui suteikti gyvyb\u0119, o su\u017eav\u0117ta uosl\u0117s ji pasirinko kurti \u201eskyst\u0105 gro\u017e\u012f\u201c \u2013 aromatus, gimstan\u010dius i\u0161 keli\u0173 element\u0173 s\u0105jungos. Ji m\u0117gsta pereiti nuo vienos menin\u0117s disciplinos prie kitos, nesiribodama taisykl\u0117mis. \u012ekv\u0117pim\u0105 ji laiko tik atskaitos ta\u0161ku \u2013 labiausiai j\u0105 \u017eavi procesas, kuris leid\u017eia \u012fkv\u0117pim\u0105 paversti realybe.<\/p>\n<p data-start=\"1035\" data-end=\"1247\"><strong data-start=\"1035\" data-end=\"1065\">ONCE perfume kvepal\u0173 id\u0117ja<\/strong> \u2013 papasakoti <em data-start=\"1079\" data-end=\"1085\">J\u016bs\u0173<\/em> istorij\u0105. Keliais la\u0161ais galite i\u0161reik\u0161ti kiekvien\u0105 prisiminim\u0105, emocij\u0105 ar asmenyb\u0117s bruo\u017e\u0105. Kiekviena kompozicija \u2013 i\u0161skirtinis, originalus ir unikalus kvapas.<\/p>\n<p data-start=\"1249\" data-end=\"1539\">Kiekvienas aromatas sukurtas tam, kad perteikt\u0173 konkre\u010dias emocijas: meil\u0119, d\u017eiaugsm\u0105, dr\u0105s\u0105, tro\u0161kim\u0105, jaudul\u012f, jausmingum\u0105, prisiminim\u0105, pasitik\u0117jim\u0105 ar staigmen\u0105. Novatori\u0161ki ir original\u016bs kvap\u0173 deriniai leid\u017eia praturtinti kasdienyb\u0119 stipriomis, tikromis ir nepakartojamomis emocijomis.<\/p>\n<p data-start=\"1541\" data-end=\"1749\"><strong data-start=\"1541\" data-end=\"1566\">ONCE perfume kvepalai<\/strong> \u2013 Tai ilgai i\u0161liekantys aromatai.<\/p>\n<p data-start=\"1751\" data-end=\"1838\">Kvepalai supakuoti \u012f prabangias d\u0117\u017eutes, tod\u0117l puikiai tiks kaip dovana mylimam \u017emogui.<\/p>\n<p data-start=\"1840\" data-end=\"1864\"><strong data-start=\"1840\" data-end=\"1864\">Pagaminta Italijoje.<\/strong><\/p>\n","protected":false},"featured_media":16413,"comment_status":"open","ping_status":"closed","template":"","meta":[],"product_brand":[],"product_cat":[43,319],"product_tag":[],"class_list":{"0":"post-15831","1":"product","2":"type-product","3":"status-publish","4":"has-post-thumbnail","6":"product_cat-grozis","7":"product_cat-kvepalai","9":"first","10":"instock","11":"taxable","12":"shipping-taxable","13":"purchasable","14":"product-type-simple"},"_links":{"self":[{"href":"https:\/\/thequeenhouse.co.uk\/lt\/wp-json\/wp\/v2\/product\/15831","targetHints":{"allow":["GET"]}}],"collection":[{"href":"https:\/\/thequeenhouse.co.uk\/lt\/wp-json\/wp\/v2\/product"}],"about":[{"href":"https:\/\/thequeenhouse.co.uk\/lt\/wp-json\/wp\/v2\/types\/product"}],"replies":[{"embeddable":true,"href":"https:\/\/thequeenhouse.co.uk\/lt\/wp-json\/wp\/v2\/comments?post=15831"}],"wp:featuredmedia":[{"embeddable":true,"href":"https:\/\/thequeenhouse.co.uk\/lt\/wp-json\/wp\/v2\/media\/16413"}],"wp:attachment":[{"href":"https:\/\/thequeenhouse.co.uk\/lt\/wp-json\/wp\/v2\/media?parent=15831"}],"wp:term":[{"taxonomy":"product_brand","embeddable":true,"href":"https:\/\/thequeenhouse.co.uk\/lt\/wp-json\/wp\/v2\/product_brand?post=15831"},{"taxonomy":"product_cat","embeddable":true,"href":"https:\/\/thequeenhouse.co.uk\/lt\/wp-json\/wp\/v2\/product_cat?post=15831"},{"taxonomy":"product_tag","embeddable":true,"href":"https:\/\/thequeenhouse.co.uk\/lt\/wp-json\/wp\/v2\/product_tag?post=15831"}],"curies":[{"name":"wp","href":"https:\/\/api.w.org\/{rel}","templated":true}]}}