{"id":15847,"date":"2025-10-25T10:15:19","date_gmt":"2025-10-25T09:15:19","guid":{"rendered":"https:\/\/thequeenhouse.co.uk\/?post_type=product&#038;p=15847"},"modified":"2025-10-25T10:18:50","modified_gmt":"2025-10-25T09:18:50","slug":"wabi-veido-konturavimo-palete-1-vnt-copy","status":"publish","type":"product","link":"https:\/\/thequeenhouse.co.uk\/lt\/produktas\/wabi-veido-konturavimo-palete-1-vnt-copy\/","title":{"rendered":"WABI \u2013 Skaistinamasis pur\u0161kiamasis makia\u017eo fiksatorius PRO SECRET (50 ml)"},"content":{"rendered":"","protected":false},"excerpt":{"rendered":"<p data-start=\"421\" data-end=\"616\">U\u017ebaikite savo makia\u017e\u0105 tobulai su <strong data-start=\"455\" data-end=\"474\">WABI PRO SECRET<\/strong> \u2013 profesionaliu <strong data-start=\"491\" data-end=\"539\">skaistinan\u010diu pur\u0161kiamu makia\u017eo fiksatoriumi<\/strong>, kuris suteikia <strong data-start=\"556\" data-end=\"581\">ilgalaik\u012f i\u0161silaikym\u0105<\/strong> ir subtil\u0173 <strong data-start=\"593\" data-end=\"613\">\u0161vyt\u0117jimo efekt\u0105<\/strong>.<\/p>\n<p data-start=\"618\" data-end=\"651\">\ud83d\udcab <strong data-start=\"621\" data-end=\"649\">Pagrindiniai privalumai:<\/strong><\/p>\n<ul data-start=\"652\" data-end=\"1134\">\n<li data-start=\"652\" data-end=\"788\">\n<p data-start=\"654\" data-end=\"788\"><strong data-start=\"654\" data-end=\"676\">\u0160vyt\u0117jimo efektas:<\/strong> aukso ir sidabro <strong data-start=\"694\" data-end=\"722\">\u0161vytintys mikroelementai<\/strong> \u0161velniai atspindi \u0161vies\u0105, suteikdami odai gaivumo ir spindesio.<\/p>\n<\/li>\n<li data-start=\"789\" data-end=\"921\">\n<p data-start=\"791\" data-end=\"921\"><strong data-start=\"791\" data-end=\"820\">Dr\u0117kinimas ir maitinimas:<\/strong> <strong data-start=\"821\" data-end=\"832\">alavij\u0173<\/strong> ir <strong data-start=\"836\" data-end=\"856\">avi\u017e\u0173 ekstraktai<\/strong> palaiko odos dr\u0117gm\u0117s balans\u0105, u\u017etikrina komfort\u0105 bei \u0161velnum\u0105.<\/p>\n<\/li>\n<li data-start=\"922\" data-end=\"1063\">\n<p data-start=\"924\" data-end=\"1063\"><strong data-start=\"924\" data-end=\"950\">Ilgalaikis rezultatas:<\/strong> efektyviai <strong data-start=\"962\" data-end=\"982\">fiksuoja makia\u017e\u0105<\/strong>, apsaugo nuo i\u0161orini\u0173 veiksni\u0173 ir i\u0161laiko gaiv\u0173, gyvybing\u0105 \u012fvaizd\u012f vis\u0105 dien\u0105.<\/p>\n<\/li>\n<li data-start=\"1064\" data-end=\"1134\">\n<p data-start=\"1066\" data-end=\"1134\">Tinka vis\u0173 tip\u0173 odai, ypa\u010d tiems, kas siekia nat\u016bralaus spindesio.<\/p>\n<\/li>\n<\/ul>\n<p data-start=\"1136\" data-end=\"1383\">\u2728 <strong data-start=\"1138\" data-end=\"1153\">Naudojimas:<\/strong><br data-start=\"1153\" data-end=\"1156\" \/>Prie\u0161 naudojim\u0105 <strong data-start=\"1172\" data-end=\"1191\">gerai suplakite<\/strong>. Purk\u0161kite priemon\u0119 20\u201330 cm atstumu nuo veido. Venkite tiesioginio kontakto su akimis.<br data-start=\"1279\" data-end=\"1282\" \/>Pagal poreik\u012f pur\u0161kite <strong data-start=\"1305\" data-end=\"1320\">dienos metu<\/strong> nor\u0117dami atgaivinti makia\u017e\u0105 ir suteikti papildomo \u0161vyt\u0117jimo.<\/p>\n<p data-start=\"1385\" data-end=\"1458\">\ud83d\udc96 <strong data-start=\"1388\" data-end=\"1403\">Rezultatas:<\/strong> \u0161vytinti, gaivi ir nepriekai\u0161tinga oda \u2013 vis\u0105 dien\u0105.<\/p>\n","protected":false},"featured_media":15849,"comment_status":"open","ping_status":"closed","template":"","meta":[],"product_brand":[],"product_cat":[312,43],"product_tag":[],"class_list":{"0":"post-15847","1":"product","2":"type-product","3":"status-publish","4":"has-post-thumbnail","6":"product_cat-dekoratyvine-kosmetika","7":"product_cat-grozis","9":"first","10":"instock","11":"taxable","12":"shipping-taxable","13":"purchasable","14":"product-type-simple"},"_links":{"self":[{"href":"https:\/\/thequeenhouse.co.uk\/lt\/wp-json\/wp\/v2\/product\/15847","targetHints":{"allow":["GET"]}}],"collection":[{"href":"https:\/\/thequeenhouse.co.uk\/lt\/wp-json\/wp\/v2\/product"}],"about":[{"href":"https:\/\/thequeenhouse.co.uk\/lt\/wp-json\/wp\/v2\/types\/product"}],"replies":[{"embeddable":true,"href":"https:\/\/thequeenhouse.co.uk\/lt\/wp-json\/wp\/v2\/comments?post=15847"}],"wp:featuredmedia":[{"embeddable":true,"href":"https:\/\/thequeenhouse.co.uk\/lt\/wp-json\/wp\/v2\/media\/15849"}],"wp:attachment":[{"href":"https:\/\/thequeenhouse.co.uk\/lt\/wp-json\/wp\/v2\/media?parent=15847"}],"wp:term":[{"taxonomy":"product_brand","embeddable":true,"href":"https:\/\/thequeenhouse.co.uk\/lt\/wp-json\/wp\/v2\/product_brand?post=15847"},{"taxonomy":"product_cat","embeddable":true,"href":"https:\/\/thequeenhouse.co.uk\/lt\/wp-json\/wp\/v2\/product_cat?post=15847"},{"taxonomy":"product_tag","embeddable":true,"href":"https:\/\/thequeenhouse.co.uk\/lt\/wp-json\/wp\/v2\/product_tag?post=15847"}],"curies":[{"name":"wp","href":"https:\/\/api.w.org\/{rel}","templated":true}]}}