{"id":15851,"date":"2025-10-25T10:19:59","date_gmt":"2025-10-25T09:19:59","guid":{"rendered":"https:\/\/thequeenhouse.co.uk\/?post_type=product&#038;p=15851"},"modified":"2025-10-25T10:25:26","modified_gmt":"2025-10-25T09:25:26","slug":"wabi-skaistinamasis-purskiamasis-makiazo-fiksatorius-pro-secret-50-ml-copy","status":"publish","type":"product","link":"https:\/\/thequeenhouse.co.uk\/lt\/produktas\/wabi-skaistinamasis-purskiamasis-makiazo-fiksatorius-pro-secret-50-ml-copy\/","title":{"rendered":"Petite Maison \u2013 Greipfrut\u0173 kvapo du\u0161o gelis (su vitaminu E) 400 ml"},"content":{"rendered":"","protected":false},"excerpt":{"rendered":"<p data-start=\"368\" data-end=\"651\">Patirkite <strong data-start=\"378\" data-end=\"424\">gaiv\u0173 ir energizuojant\u012f prausimosi ritual\u0105<\/strong> su <strong data-start=\"428\" data-end=\"473\">Petite Maison greipfrut\u0173 kvapo du\u0161o geliu<\/strong>!<br data-start=\"474\" data-end=\"477\" \/>Unikali formul\u0117 su <strong data-start=\"496\" data-end=\"509\">glicerinu<\/strong> ir <strong data-start=\"513\" data-end=\"527\">vitaminu E<\/strong> \u0161velniai valo, maitina ir padeda i\u0161laikyti nat\u016bral\u0173 <strong data-start=\"580\" data-end=\"604\">odos dr\u0117gm\u0117s balans\u0105<\/strong>, palikdama j\u0105 \u0161velni\u0105 ir gaiviai kvepian\u010di\u0105.<\/p>\n<p data-start=\"653\" data-end=\"686\">\ud83c\udf4a <strong data-start=\"656\" data-end=\"684\">Pagrindiniai privalumai:<\/strong><\/p>\n<ul data-start=\"687\" data-end=\"1127\">\n<li data-start=\"687\" data-end=\"785\">\n<p data-start=\"689\" data-end=\"785\"><strong data-start=\"689\" data-end=\"703\">Glicerinas<\/strong> \u2013 intensyviai dr\u0117kina, saugo nuo i\u0161saus\u0117jimo, ramina jautri\u0105 ir sudirgusi\u0105 od\u0105.<\/p>\n<\/li>\n<li data-start=\"786\" data-end=\"900\">\n<p data-start=\"788\" data-end=\"900\"><strong data-start=\"788\" data-end=\"803\">Vitaminas E<\/strong> \u2013 galingas antioksidantas, padedantis apsaugoti od\u0105 nuo laisv\u0173j\u0173 radikal\u0173 ir sen\u0117jimo po\u017eymi\u0173.<\/p>\n<\/li>\n<li data-start=\"901\" data-end=\"1002\">\n<p data-start=\"903\" data-end=\"1002\">\u0160velniai, bet veiksmingai <strong data-start=\"929\" data-end=\"952\">pa\u0161alina ne\u0161varumus<\/strong>, i\u0161saugodamas nat\u016bral\u0173 odos apsaugin\u012f sluoksn\u012f.<\/p>\n<\/li>\n<li data-start=\"1003\" data-end=\"1075\">\n<p data-start=\"1005\" data-end=\"1075\">Palieka od\u0105 <strong data-start=\"1017\" data-end=\"1072\">\u0161vari\u0105, gaivi\u0105 ir subtiliai kvepian\u010di\u0105 greipfrutais<\/strong>.<\/p>\n<\/li>\n<li data-start=\"1076\" data-end=\"1127\">\n<p data-start=\"1078\" data-end=\"1127\">Tinka <strong data-start=\"1084\" data-end=\"1109\">kasdieniam naudojimui<\/strong> vis\u0173 tip\u0173 odai.<\/p>\n<\/li>\n<\/ul>\n<p data-start=\"1129\" data-end=\"1323\">\ud83d\udca7 <strong data-start=\"1132\" data-end=\"1147\">Naudojimas:<\/strong><br data-start=\"1147\" data-end=\"1150\" \/>U\u017etepkite norim\u0105 kiek\u012f du\u0161o gelio ant odos ar kempin\u0117s, patrinkite, kol suputos, ir nuplaukite dideliu kiekiu vandens.<br data-start=\"1268\" data-end=\"1271\" \/>Venkite patekimo \u012f akis. Tik i\u0161oriniam naudojimui.<\/p>\n<p data-start=\"1325\" data-end=\"1573\">\ud83c\udf3f <strong data-start=\"1328\" data-end=\"1345\">Petite Maison<\/strong> \u2013 tai <strong data-start=\"1352\" data-end=\"1388\">\u0161eimos kosmetikos prek\u0117s \u017eenklas<\/strong>, turintis daugiau nei <strong data-start=\"1411\" data-end=\"1430\">35 met\u0173 patirt\u012f<\/strong>.<br data-start=\"1431\" data-end=\"1434\" \/>Visi gaminiai kuriami <strong data-start=\"1456\" data-end=\"1493\">moderniose Europos laboratorijose<\/strong>, <strong data-start=\"1495\" data-end=\"1509\">be sulfat\u0173<\/strong>, <strong data-start=\"1511\" data-end=\"1536\">nebandomi su gyv\u016bnais<\/strong>, ir pagaminti su <strong data-start=\"1554\" data-end=\"1570\">meile gamtai<\/strong>.<\/p>\n<p data-start=\"1575\" data-end=\"1657\">\ud83d\udc96 <strong data-start=\"1578\" data-end=\"1593\">Rezultatas:<\/strong> \u0161vari, \u0161velni ir elastinga oda su maloniu greipfrut\u0173 aromatu.<\/p>\n","protected":false},"featured_media":15853,"comment_status":"open","ping_status":"closed","template":"","meta":[],"product_brand":[],"product_cat":[43,211],"product_tag":[],"class_list":{"0":"post-15851","1":"product","2":"type-product","3":"status-publish","4":"has-post-thumbnail","6":"product_cat-grozis","7":"product_cat-kuno-prieziuros-priemones","9":"first","10":"instock","11":"taxable","12":"shipping-taxable","13":"purchasable","14":"product-type-simple"},"_links":{"self":[{"href":"https:\/\/thequeenhouse.co.uk\/lt\/wp-json\/wp\/v2\/product\/15851","targetHints":{"allow":["GET"]}}],"collection":[{"href":"https:\/\/thequeenhouse.co.uk\/lt\/wp-json\/wp\/v2\/product"}],"about":[{"href":"https:\/\/thequeenhouse.co.uk\/lt\/wp-json\/wp\/v2\/types\/product"}],"replies":[{"embeddable":true,"href":"https:\/\/thequeenhouse.co.uk\/lt\/wp-json\/wp\/v2\/comments?post=15851"}],"wp:featuredmedia":[{"embeddable":true,"href":"https:\/\/thequeenhouse.co.uk\/lt\/wp-json\/wp\/v2\/media\/15853"}],"wp:attachment":[{"href":"https:\/\/thequeenhouse.co.uk\/lt\/wp-json\/wp\/v2\/media?parent=15851"}],"wp:term":[{"taxonomy":"product_brand","embeddable":true,"href":"https:\/\/thequeenhouse.co.uk\/lt\/wp-json\/wp\/v2\/product_brand?post=15851"},{"taxonomy":"product_cat","embeddable":true,"href":"https:\/\/thequeenhouse.co.uk\/lt\/wp-json\/wp\/v2\/product_cat?post=15851"},{"taxonomy":"product_tag","embeddable":true,"href":"https:\/\/thequeenhouse.co.uk\/lt\/wp-json\/wp\/v2\/product_tag?post=15851"}],"curies":[{"name":"wp","href":"https:\/\/api.w.org\/{rel}","templated":true}]}}