{"id":15855,"date":"2025-10-25T10:26:54","date_gmt":"2025-10-25T09:26:54","guid":{"rendered":"https:\/\/thequeenhouse.co.uk\/?post_type=product&#038;p=15855"},"modified":"2025-10-25T10:30:25","modified_gmt":"2025-10-25T09:30:25","slug":"wabi-veido-konturavimo-palete-1-vnt-copy-2","status":"publish","type":"product","link":"https:\/\/thequeenhouse.co.uk\/lt\/produktas\/wabi-veido-konturavimo-palete-1-vnt-copy-2\/","title":{"rendered":"MESAUDA \u2013 Pie\u0161tukinis maskuoklis ONE STROKE CONCEALER S02 (3 g)"},"content":{"rendered":"","protected":false},"excerpt":{"rendered":"<p data-start=\"333\" data-end=\"550\">Atraskite nepriekai\u0161tingos odos paslapt\u012f su <strong data-start=\"377\" data-end=\"409\">MESAUDA ONE STROKE CONCEALER<\/strong> maskuokliu.<br data-start=\"421\" data-end=\"424\" \/>\u0160is <strong data-start=\"428\" data-end=\"470\">auk\u0161tos kokyb\u0117s pie\u0161tukinis maskuoklis<\/strong> lengvai slysta oda, padengia netobulumus ir suteikia nat\u016bral\u0173, \u0161veln\u0173 efekt\u0105.<\/p>\n<p data-start=\"552\" data-end=\"585\">\ud83d\udcab <strong data-start=\"555\" data-end=\"583\">Pagrindiniai privalumai:<\/strong><\/p>\n<ul data-start=\"586\" data-end=\"967\">\n<li data-start=\"586\" data-end=\"650\">\n<p data-start=\"588\" data-end=\"650\"><strong data-start=\"588\" data-end=\"606\">Multifunkcinis<\/strong> \u2013 tinka odos tono bei spalvos korekcijai.<\/p>\n<\/li>\n<li data-start=\"651\" data-end=\"720\">\n<p data-start=\"653\" data-end=\"720\">Efektyviai <strong data-start=\"664\" data-end=\"717\">maskuoja nelygumus, paraudimus ir nuovargio \u017eymes<\/strong>.<\/p>\n<\/li>\n<li data-start=\"721\" data-end=\"791\">\n<p data-start=\"723\" data-end=\"791\"><strong data-start=\"723\" data-end=\"754\">Lengvos, \u0161ilkin\u0117s tekst\u016bros<\/strong> formul\u0117 tolygiai susilieja su oda.<\/p>\n<\/li>\n<li data-start=\"792\" data-end=\"877\">\n<p data-start=\"794\" data-end=\"877\"><strong data-start=\"794\" data-end=\"822\">Pie\u0161tuko formato pakuot\u0117<\/strong> leid\u017eia tiksliai tepti ir greitai pataisyti makia\u017e\u0105.<\/p>\n<\/li>\n<li data-start=\"878\" data-end=\"967\">\n<p data-start=\"880\" data-end=\"967\">Patogus <strong data-start=\"888\" data-end=\"912\">apsauginis dangtelis<\/strong> \u2013 idealiai tinka kelion\u0117ms ar kasdieniam naudojimui.<\/p>\n<\/li>\n<\/ul>\n<p data-start=\"969\" data-end=\"1052\">\u2728 <strong data-start=\"971\" data-end=\"986\">Rezultatas:<\/strong> skaisti, lygi ir nat\u016braliai atrodanti oda be matom\u0173 netobulum\u0173.<\/p>\n<p data-start=\"1054\" data-end=\"1097\">\ud83d\udda4 <strong data-start=\"1057\" data-end=\"1067\">Talpa:<\/strong> 3 g<br data-start=\"1071\" data-end=\"1074\" \/>\ud83d\udc84 <strong data-start=\"1077\" data-end=\"1091\">Atspalvis:<\/strong> S02<\/p>\n","protected":false},"featured_media":15857,"comment_status":"open","ping_status":"closed","template":"","meta":[],"product_brand":[],"product_cat":[312,43],"product_tag":[],"class_list":{"0":"post-15855","1":"product","2":"type-product","3":"status-publish","4":"has-post-thumbnail","6":"product_cat-dekoratyvine-kosmetika","7":"product_cat-grozis","9":"first","10":"instock","11":"taxable","12":"shipping-taxable","13":"purchasable","14":"product-type-simple"},"_links":{"self":[{"href":"https:\/\/thequeenhouse.co.uk\/lt\/wp-json\/wp\/v2\/product\/15855","targetHints":{"allow":["GET"]}}],"collection":[{"href":"https:\/\/thequeenhouse.co.uk\/lt\/wp-json\/wp\/v2\/product"}],"about":[{"href":"https:\/\/thequeenhouse.co.uk\/lt\/wp-json\/wp\/v2\/types\/product"}],"replies":[{"embeddable":true,"href":"https:\/\/thequeenhouse.co.uk\/lt\/wp-json\/wp\/v2\/comments?post=15855"}],"wp:featuredmedia":[{"embeddable":true,"href":"https:\/\/thequeenhouse.co.uk\/lt\/wp-json\/wp\/v2\/media\/15857"}],"wp:attachment":[{"href":"https:\/\/thequeenhouse.co.uk\/lt\/wp-json\/wp\/v2\/media?parent=15855"}],"wp:term":[{"taxonomy":"product_brand","embeddable":true,"href":"https:\/\/thequeenhouse.co.uk\/lt\/wp-json\/wp\/v2\/product_brand?post=15855"},{"taxonomy":"product_cat","embeddable":true,"href":"https:\/\/thequeenhouse.co.uk\/lt\/wp-json\/wp\/v2\/product_cat?post=15855"},{"taxonomy":"product_tag","embeddable":true,"href":"https:\/\/thequeenhouse.co.uk\/lt\/wp-json\/wp\/v2\/product_tag?post=15855"}],"curies":[{"name":"wp","href":"https:\/\/api.w.org\/{rel}","templated":true}]}}