{"id":15859,"date":"2025-10-25T10:31:58","date_gmt":"2025-10-25T09:31:58","guid":{"rendered":"https:\/\/thequeenhouse.co.uk\/?post_type=product&#038;p=15859"},"modified":"2025-10-25T10:36:49","modified_gmt":"2025-10-25T09:36:49","slug":"mesauda-piestukinis-maskuoklis-one-stroke-concealer-s02-3-g-copy","status":"publish","type":"product","link":"https:\/\/thequeenhouse.co.uk\/lt\/produktas\/mesauda-piestukinis-maskuoklis-one-stroke-concealer-s02-3-g-copy\/","title":{"rendered":"MIA MAKEUP \u2013 Lyginamoji makia\u017eo baz\u0117 STEP 1 SMOOTHING PRIMER (25 ml)"},"content":{"rendered":"","protected":false},"excerpt":{"rendered":"<p data-start=\"395\" data-end=\"614\">Pasiekite <strong data-start=\"405\" data-end=\"432\">tobul\u0105 makia\u017eo pagrind\u0105<\/strong> su <strong data-start=\"436\" data-end=\"474\">MIA MAKEUP STEP 1 SMOOTHING PRIMER<\/strong> \u2013 profesionalia <strong data-start=\"491\" data-end=\"518\">lyginam\u0105ja makia\u017eo baze<\/strong>, kuri u\u017epildo odos nelygumus, glotnina tekst\u016br\u0105 ir paslepia smulkias rauk\u0161leles bei tr\u016bkumus.<\/p>\n<p data-start=\"616\" data-end=\"735\">Rezultatas \u2013 <strong data-start=\"629\" data-end=\"660\">\u0161velni, lygi ir \u0161ilkin\u0117 oda<\/strong>, ant kurios makia\u017eas i\u0161silaiko vis\u0105 dien\u0105, atrodydamas nepriekai\u0161tingai.<\/p>\n<p data-start=\"737\" data-end=\"770\">\ud83d\udcab <strong data-start=\"740\" data-end=\"768\">Pagrindiniai privalumai:<\/strong><\/p>\n<ul data-start=\"771\" data-end=\"1083\">\n<li data-start=\"771\" data-end=\"848\">\n<p data-start=\"773\" data-end=\"848\">U\u017epildo <strong data-start=\"781\" data-end=\"808\">poras ir odos nelygumus<\/strong>, sukurdamas tolyg\u0173 pagrind\u0105 makia\u017eui.<\/p>\n<\/li>\n<li data-start=\"849\" data-end=\"924\">\n<p data-start=\"851\" data-end=\"924\">Suteikia <strong data-start=\"860\" data-end=\"886\">\u0161ilkin\u012f, lyg\u0173 pavir\u0161i\u0173<\/strong> \u2013 oda atrodo stangresn\u0117 ir lygesn\u0117.<\/p>\n<\/li>\n<li data-start=\"925\" data-end=\"985\">\n<p data-start=\"927\" data-end=\"985\">U\u017etikrina, kad makia\u017eas i\u0161likt\u0173 <strong data-start=\"959\" data-end=\"982\">ilgiau be blizgesio<\/strong>.<\/p>\n<\/li>\n<li data-start=\"986\" data-end=\"1057\">\n<p data-start=\"988\" data-end=\"1057\">Lengvos, malonios tekst\u016bros formul\u0117 <strong data-start=\"1024\" data-end=\"1054\">netempia ir nesausina odos<\/strong>.<\/p>\n<\/li>\n<li data-start=\"1058\" data-end=\"1083\">\n<p data-start=\"1060\" data-end=\"1083\">Tinka vis\u0173 tip\u0173 odai.<\/p>\n<\/li>\n<\/ul>\n<p data-start=\"1085\" data-end=\"1224\">\u2728 <strong data-start=\"1087\" data-end=\"1102\">Naudojimas:<\/strong><br data-start=\"1102\" data-end=\"1105\" \/>Tepkite ant <strong data-start=\"1117\" data-end=\"1147\">\u0161varios, sausos veido odos<\/strong> prie\u0161 makia\u017e\u0105. Galima naudoti tik ant problemini\u0173 viet\u0173 arba visam veidui.<\/p>\n<p data-start=\"1226\" data-end=\"1502\">\ud83c\uddee\ud83c\uddf9 <strong data-start=\"1231\" data-end=\"1245\">MIA Makeup<\/strong> \u2013 tai <strong data-start=\"1252\" data-end=\"1287\">auk\u0161tos kokyb\u0117s ital\u0173 kosmetika<\/strong>, kurioje dera <strong data-start=\"1302\" data-end=\"1351\">meil\u0117 gro\u017eiui, d\u0117mesys detal\u0117ms ir inovacijos<\/strong>.<br data-start=\"1352\" data-end=\"1355\" \/>Visi produktai gaminami Italijoje, naudojant <strong data-start=\"1400\" data-end=\"1453\">sertifikuotas, odai draugi\u0161kas sudedam\u0105sias dalis<\/strong>, atitinkan\u010dias grie\u017etus ES kokyb\u0117s standartus.<\/p>\n<p data-start=\"1504\" data-end=\"1585\">\ud83d\udc96 <strong data-start=\"1507\" data-end=\"1522\">Rezultatas:<\/strong> tolygus, glotnus ir ilgai i\u0161liekantis makia\u017eas \u2013 vis\u0105 dien\u0105!<\/p>\n","protected":false},"featured_media":16399,"comment_status":"open","ping_status":"closed","template":"","meta":[],"product_brand":[],"product_cat":[312,43],"product_tag":[],"class_list":{"0":"post-15859","1":"product","2":"type-product","3":"status-publish","4":"has-post-thumbnail","6":"product_cat-dekoratyvine-kosmetika","7":"product_cat-grozis","9":"first","10":"instock","11":"taxable","12":"shipping-taxable","13":"purchasable","14":"product-type-simple"},"_links":{"self":[{"href":"https:\/\/thequeenhouse.co.uk\/lt\/wp-json\/wp\/v2\/product\/15859","targetHints":{"allow":["GET"]}}],"collection":[{"href":"https:\/\/thequeenhouse.co.uk\/lt\/wp-json\/wp\/v2\/product"}],"about":[{"href":"https:\/\/thequeenhouse.co.uk\/lt\/wp-json\/wp\/v2\/types\/product"}],"replies":[{"embeddable":true,"href":"https:\/\/thequeenhouse.co.uk\/lt\/wp-json\/wp\/v2\/comments?post=15859"}],"wp:featuredmedia":[{"embeddable":true,"href":"https:\/\/thequeenhouse.co.uk\/lt\/wp-json\/wp\/v2\/media\/16399"}],"wp:attachment":[{"href":"https:\/\/thequeenhouse.co.uk\/lt\/wp-json\/wp\/v2\/media?parent=15859"}],"wp:term":[{"taxonomy":"product_brand","embeddable":true,"href":"https:\/\/thequeenhouse.co.uk\/lt\/wp-json\/wp\/v2\/product_brand?post=15859"},{"taxonomy":"product_cat","embeddable":true,"href":"https:\/\/thequeenhouse.co.uk\/lt\/wp-json\/wp\/v2\/product_cat?post=15859"},{"taxonomy":"product_tag","embeddable":true,"href":"https:\/\/thequeenhouse.co.uk\/lt\/wp-json\/wp\/v2\/product_tag?post=15859"}],"curies":[{"name":"wp","href":"https:\/\/api.w.org\/{rel}","templated":true}]}}