{"id":15865,"date":"2025-10-25T10:38:41","date_gmt":"2025-10-25T09:38:41","guid":{"rendered":"https:\/\/thequeenhouse.co.uk\/?post_type=product&#038;p=15865"},"modified":"2025-10-25T10:43:14","modified_gmt":"2025-10-25T09:43:14","slug":"once-lorev-eau-de-parfum-intense-100-ml-copy","status":"publish","type":"product","link":"https:\/\/thequeenhouse.co.uk\/lt\/produktas\/once-lorev-eau-de-parfum-intense-100-ml-copy\/","title":{"rendered":"WABI \u2013 Kvepalai moterims PURE DELIGHT (01) Eau De Parfum (50 ml)"},"content":{"rendered":"","protected":false},"excerpt":{"rendered":"<p data-start=\"378\" data-end=\"621\"><strong data-start=\"378\" data-end=\"399\">WABI PURE DELIGHT<\/strong> \u2013 tai <strong data-start=\"406\" data-end=\"446\">eleganti\u0161kas ir u\u017eburiantis aromatas<\/strong>, sukurtas moteriai, kuri vertina <strong data-start=\"480\" data-end=\"519\">laisv\u0119, d\u017eiaugsm\u0105 ir gyvenimo gro\u017e\u012f<\/strong>.<br data-start=\"520\" data-end=\"523\" \/>Kvapas \u0161velniai apgaubia moteri\u0161kumu, spinduliuoja optimizmu ir sukuria <strong data-start=\"595\" data-end=\"618\">nepamir\u0161tam\u0105 \u012fsp\u016bd\u012f<\/strong>.<\/p>\n<p data-start=\"623\" data-end=\"643\">\u2728 <strong data-start=\"625\" data-end=\"641\">Kvapo natos:<\/strong><\/p>\n<ul data-start=\"644\" data-end=\"811\">\n<li data-start=\"644\" data-end=\"687\">\n<p data-start=\"646\" data-end=\"687\"><strong data-start=\"646\" data-end=\"667\">Vir\u0161utin\u0117s natos:<\/strong> agrastas, kriau\u0161\u0117<\/p>\n<\/li>\n<li data-start=\"688\" data-end=\"746\">\n<p data-start=\"690\" data-end=\"746\"><strong data-start=\"690\" data-end=\"710\">Vidurin\u0117s natos:<\/strong> irisas, jazminas, apelsin\u0173 \u017eiedai<\/p>\n<\/li>\n<li data-start=\"747\" data-end=\"811\">\n<p data-start=\"749\" data-end=\"811\"><strong data-start=\"749\" data-end=\"767\">Bazin\u0117s natos:<\/strong> pralin\u0117, vanil\u0117, pa\u010diulis, tonkos pupel\u0117s<\/p>\n<\/li>\n<\/ul>\n<p data-start=\"813\" data-end=\"1076\">\u0160is aromatas subtiliai <strong data-start=\"836\" data-end=\"871\">pabr\u0117\u017eia nat\u016bral\u0173 moters \u017eaves\u012f<\/strong>, derindamas <strong data-start=\"884\" data-end=\"932\">vaisi\u0161kus, g\u0117li\u0173 ir \u0161iltus gurmani\u0161kus tonus<\/strong>.<br data-start=\"933\" data-end=\"936\" \/>Tobulas pasirinkimas tiek <strong data-start=\"962\" data-end=\"975\">kasdienai<\/strong>, tiek <strong data-start=\"982\" data-end=\"1004\">ypatingoms progoms<\/strong> \u2013 <strong data-start=\"1007\" data-end=\"1023\">PURE DELIGHT<\/strong> kvie\u010dia <strong data-start=\"1032\" data-end=\"1073\">d\u017eiaugtis gyvenimu kiekvien\u0105 akimirk\u0105<\/strong>.<\/p>\n<p data-start=\"1078\" data-end=\"1174\">\ud83d\udc96 <strong data-start=\"1081\" data-end=\"1099\">Aromato tipas:<\/strong> g\u0117li\u0173\u2013vaisi\u0173\u2013saldus<br data-start=\"1119\" data-end=\"1122\" \/>\ud83c\udf38 <strong data-start=\"1125\" data-end=\"1135\">Talpa:<\/strong> 50 ml<br data-start=\"1141\" data-end=\"1144\" \/><strong data-start=\"1149\" data-end=\"1172\">Pagaminta Graikijoje<\/strong><\/p>\n","protected":false},"featured_media":15867,"comment_status":"open","ping_status":"closed","template":"","meta":[],"product_brand":[],"product_cat":[43,319],"product_tag":[],"class_list":{"0":"post-15865","1":"product","2":"type-product","3":"status-publish","4":"has-post-thumbnail","6":"product_cat-grozis","7":"product_cat-kvepalai","9":"first","10":"instock","11":"taxable","12":"shipping-taxable","13":"purchasable","14":"product-type-simple"},"_links":{"self":[{"href":"https:\/\/thequeenhouse.co.uk\/lt\/wp-json\/wp\/v2\/product\/15865","targetHints":{"allow":["GET"]}}],"collection":[{"href":"https:\/\/thequeenhouse.co.uk\/lt\/wp-json\/wp\/v2\/product"}],"about":[{"href":"https:\/\/thequeenhouse.co.uk\/lt\/wp-json\/wp\/v2\/types\/product"}],"replies":[{"embeddable":true,"href":"https:\/\/thequeenhouse.co.uk\/lt\/wp-json\/wp\/v2\/comments?post=15865"}],"wp:featuredmedia":[{"embeddable":true,"href":"https:\/\/thequeenhouse.co.uk\/lt\/wp-json\/wp\/v2\/media\/15867"}],"wp:attachment":[{"href":"https:\/\/thequeenhouse.co.uk\/lt\/wp-json\/wp\/v2\/media?parent=15865"}],"wp:term":[{"taxonomy":"product_brand","embeddable":true,"href":"https:\/\/thequeenhouse.co.uk\/lt\/wp-json\/wp\/v2\/product_brand?post=15865"},{"taxonomy":"product_cat","embeddable":true,"href":"https:\/\/thequeenhouse.co.uk\/lt\/wp-json\/wp\/v2\/product_cat?post=15865"},{"taxonomy":"product_tag","embeddable":true,"href":"https:\/\/thequeenhouse.co.uk\/lt\/wp-json\/wp\/v2\/product_tag?post=15865"}],"curies":[{"name":"wp","href":"https:\/\/api.w.org\/{rel}","templated":true}]}}