{"id":15937,"date":"2025-10-27T13:50:58","date_gmt":"2025-10-27T12:50:58","guid":{"rendered":"https:\/\/thequeenhouse.co.uk\/?post_type=product&#038;p=15937"},"modified":"2025-10-27T14:15:34","modified_gmt":"2025-10-27T13:15:34","slug":"limituoto-leidimo-juicy-peach-madagascar-vanilla-300ml-copy-copy","status":"publish","type":"product","link":"https:\/\/thequeenhouse.co.uk\/lt\/produktas\/limituoto-leidimo-juicy-peach-madagascar-vanilla-300ml-copy-copy\/","title":{"rendered":"Pur\u0161kiami Nam\u0173 Kvepalai \u2013 Aviet\u0117s ir Apelsinai 300ml"},"content":{"rendered":"","protected":false},"excerpt":{"rendered":"<p data-start=\"227\" data-end=\"537\">\u012eleiskite Kal\u0117d\u0173 dvasios \u012f savo namus su \u201eThe Queen House\u201c <strong data-start=\"286\" data-end=\"309\">Avie\u010di\u0173 ir Apelsin\u0173<\/strong> kvapu \u2013 \u0161iuo ypatingu \u0161ventiniu aromatu, kuris sujungia prinokusi\u0173 avie\u010di\u0173 saldum\u0105 su \u0161vie\u017eiai nulupt\u0173 apelsin\u0173 gaiva. \u0160i kvap\u0173 kompozicija dvelkia jaukumu, d\u017eiaugsmu ir \u0161iluma \u2013 lyg \u0161ventin\u0117 gl\u0117bio \u0161iluma \u017evarb\u0173 \u017eiemos vakar\u0105.<\/p>\n<h4 data-start=\"539\" data-end=\"560\"><strong data-start=\"544\" data-end=\"560\">Kvapo natos:<\/strong><\/h4>\n<ul data-start=\"562\" data-end=\"796\">\n<li data-start=\"562\" data-end=\"646\">\n<p data-start=\"564\" data-end=\"646\"><strong data-start=\"564\" data-end=\"583\">Vir\u0161utin\u0117 nata:<\/strong> apelsin\u0173 \u017eievel\u0117s \u2013 ry\u0161ki, gaivi ir kupina \u0161ventinio \u017eavesio<\/p>\n<\/li>\n<li data-start=\"647\" data-end=\"721\">\n<p data-start=\"649\" data-end=\"721\"><strong data-start=\"649\" data-end=\"666\">\u0160irdies nata:<\/strong> sald\u017eios aviet\u0117s \u2013 sultingos, lengvai r\u016bg\u0161tel\u0117jusios<\/p>\n<\/li>\n<li data-start=\"722\" data-end=\"796\">\n<p data-start=\"724\" data-end=\"796\"><strong data-start=\"724\" data-end=\"740\">Bazin\u0117 nata:<\/strong> \u0161velni vanil\u0117 ir muskusas \u2013 jauki \u0161iluma ir harmonija<\/p>\n<\/li>\n<\/ul>\n<p data-start=\"798\" data-end=\"958\">Kiekvienas papur\u0161kimas pripildo j\u016bs\u0173 namus \u0161ventinio jaukumo \u2013 puikiai tinka svetainei, prie\u0161kambariui ar bet kuriai erdvei, kur norisi \u012fne\u0161ti Kal\u0117d\u0173 nuotaikos.<\/p>\n<p data-start=\"960\" data-end=\"1124\">\ud83c\udf4a <strong data-start=\"963\" data-end=\"1037\">Vaisinis, \u0161iltas ir \u0161venti\u0161kai subalansuotas \u2013 tikras Kal\u0117d\u0173 aromatas.<\/strong><br data-start=\"1037\" data-end=\"1040\" \/>\ud83c\udf80 <strong data-start=\"1043\" data-end=\"1124\">Prabangus buteliukas su atlasiniu kaspinu \u2013 daili puo\u0161mena ir kvapo akcentas.<\/strong><\/p>\n","protected":false},"featured_media":15939,"comment_status":"open","ping_status":"closed","template":"","meta":[],"product_brand":[],"product_cat":[174,44,224],"product_tag":[],"class_list":{"0":"post-15937","1":"product","2":"type-product","3":"status-publish","4":"has-post-thumbnail","6":"product_cat-christmas-lt","7":"product_cat-namams","8":"product_cat-namu-kvepalai","10":"first","11":"instock","12":"taxable","13":"shipping-taxable","14":"purchasable","15":"product-type-simple"},"_links":{"self":[{"href":"https:\/\/thequeenhouse.co.uk\/lt\/wp-json\/wp\/v2\/product\/15937","targetHints":{"allow":["GET"]}}],"collection":[{"href":"https:\/\/thequeenhouse.co.uk\/lt\/wp-json\/wp\/v2\/product"}],"about":[{"href":"https:\/\/thequeenhouse.co.uk\/lt\/wp-json\/wp\/v2\/types\/product"}],"replies":[{"embeddable":true,"href":"https:\/\/thequeenhouse.co.uk\/lt\/wp-json\/wp\/v2\/comments?post=15937"}],"wp:featuredmedia":[{"embeddable":true,"href":"https:\/\/thequeenhouse.co.uk\/lt\/wp-json\/wp\/v2\/media\/15939"}],"wp:attachment":[{"href":"https:\/\/thequeenhouse.co.uk\/lt\/wp-json\/wp\/v2\/media?parent=15937"}],"wp:term":[{"taxonomy":"product_brand","embeddable":true,"href":"https:\/\/thequeenhouse.co.uk\/lt\/wp-json\/wp\/v2\/product_brand?post=15937"},{"taxonomy":"product_cat","embeddable":true,"href":"https:\/\/thequeenhouse.co.uk\/lt\/wp-json\/wp\/v2\/product_cat?post=15937"},{"taxonomy":"product_tag","embeddable":true,"href":"https:\/\/thequeenhouse.co.uk\/lt\/wp-json\/wp\/v2\/product_tag?post=15937"}],"curies":[{"name":"wp","href":"https:\/\/api.w.org\/{rel}","templated":true}]}}