{"id":15967,"date":"2025-10-30T22:43:48","date_gmt":"2025-10-30T21:43:48","guid":{"rendered":"https:\/\/thequeenhouse.co.uk\/?post_type=product&#038;p=15967"},"modified":"2025-10-30T22:49:43","modified_gmt":"2025-10-30T21:49:43","slug":"nejha-ilgalaikis-vandeniui-atsparus-blakstienu-tusas-volume-docet-01-black-115ml-copy-3","status":"publish","type":"product","link":"https:\/\/thequeenhouse.co.uk\/lt\/produktas\/nejha-ilgalaikis-vandeniui-atsparus-blakstienu-tusas-volume-docet-01-black-115ml-copy-3\/","title":{"rendered":"GOSH X SIMONA NAIN\u0116 VOLUME &#8211; blakstien\u0173 tu\u0161as"},"content":{"rendered":"","protected":false},"excerpt":{"rendered":"<article class=\"text-token-text-primary w-full\" dir=\"auto\" data-testid=\"conversation-turn-6\" data-scroll-anchor=\"true\">\n<div class=\"text-base my-auto mx-auto py-5 [--thread-content-margin:--spacing(4)] @[37rem]:[--thread-content-margin:--spacing(6)] @[72rem]:[--thread-content-margin:--spacing(16)] px-(--thread-content-margin)\">\n<div class=\"[--thread-content-max-width:32rem] @[34rem]:[--thread-content-max-width:40rem] @[64rem]:[--thread-content-max-width:48rem] mx-auto flex max-w-(--thread-content-max-width) flex-1 text-base gap-4 md:gap-5 lg:gap-6 group\/turn-messages focus-visible:outline-hidden\" tabindex=\"-1\">\n<div class=\"group\/conversation-turn relative flex w-full min-w-0 flex-col agent-turn\">\n<div class=\"relative flex-col gap-1 md:gap-3\">\n<div class=\"flex max-w-full flex-col grow\">\n<div class=\"min-h-8 text-message relative flex w-full flex-col items-end gap-2 text-start break-words whitespace-normal [.text-message+&amp;]:mt-5\" dir=\"auto\" data-message-author-role=\"assistant\" data-message-id=\"b331a973-ad37-4073-96fe-c909b21af30d\" data-message-model-slug=\"gpt-4o\">\n<div class=\"flex w-full flex-col gap-1 empty:hidden first:pt-[3px]\">\n<div class=\"markdown prose dark:prose-invert w-full break-words light\">\n<p data-start=\"57\" data-end=\"130\"><strong data-start=\"57\" data-end=\"87\">GOSH X SIMONA NAIN\u0116 VOLUME<\/strong><br data-start=\"87\" data-end=\"90\" \/><strong data-start=\"90\" data-end=\"130\">Blakstien\u0173 tu\u0161as \u012fsp\u016bdingai apim\u010diai<\/strong><\/p>\n<p data-start=\"132\" data-end=\"466\">Atraskite nepriekai\u0161ting\u0105 apimt\u012f su <strong data-start=\"168\" data-end=\"198\">GOSH x Simona Nain\u0117 Volume<\/strong> blakstien\u0173 tu\u0161u \u2013 tobulu pasirinkimu siekian\u010dioms i\u0161rai\u0161kingo \u017evilgsnio. Lankstus guminis \u0161epet\u0117lis tiksliai atskiria blakstienas ir suteikia joms sodrios apimties. Tu\u0161as i\u0161lieka vis\u0105 dien\u0105, ta\u010diau lengvai nusiplauna 38\u202f\u00b0C temperat\u016bros vandeniu \u2013 be makia\u017eo valikli\u0173.<\/p>\n<p data-start=\"468\" data-end=\"599\">\u012ekv\u0117ptas Simonos Nain\u0117s moteri\u0161ko \u017eavesio, \u0161is tu\u0161as sukurtas be dirbtini\u0173 kvapikli\u0173, patvirtintas alergolog\u0173 ir tinkamas veganams.<\/p>\n<p data-start=\"601\" data-end=\"629\">\u2728 <strong data-start=\"603\" data-end=\"627\">Pagrindin\u0117s savyb\u0117s:<\/strong><\/p>\n<ul data-start=\"630\" data-end=\"908\">\n<li data-start=\"630\" data-end=\"677\">\n<p data-start=\"632\" data-end=\"677\">Suteikia intensyvi\u0105 apimt\u012f ir i\u0161rai\u0161kingum\u0105<\/p>\n<\/li>\n<li data-start=\"678\" data-end=\"724\">\n<p data-start=\"680\" data-end=\"724\">Ilgai i\u0161liekantis, bet lengvai pa\u0161alinamas<\/p>\n<\/li>\n<li data-start=\"725\" data-end=\"783\">\n<p data-start=\"727\" data-end=\"783\">Nuplaunamas \u0161iltu (38\u202f\u00b0C) vandeniu \u2013 nereikia valiklio<\/p>\n<\/li>\n<li data-start=\"784\" data-end=\"820\">\n<p data-start=\"786\" data-end=\"820\">Be kvapi\u0173j\u0173 med\u017eiag\u0173, vegani\u0161kas<\/p>\n<\/li>\n<li data-start=\"821\" data-end=\"867\">\n<p data-start=\"823\" data-end=\"867\">Sukurtas bendradarbiaujant su Simona Naine<\/p>\n<\/li>\n<li data-start=\"868\" data-end=\"908\">\n<p data-start=\"870\" data-end=\"908\">I\u0161skirtinai tik Eurokos parduotuv\u0117se<\/p>\n<\/li>\n<\/ul>\n<p data-start=\"910\" data-end=\"984\" data-is-last-node=\"\" data-is-only-node=\"\"><strong>Tobulas pasirinkimas dr\u0105siam, bet eleganti\u0161kam \u012fvaizd\u017eiui kiekvien\u0105 dien\u0105.<\/strong><\/p>\n<\/div>\n<\/div>\n<\/div>\n<\/div>\n<\/div>\n<\/div>\n<\/div>\n<\/div>\n<\/article>\n","protected":false},"featured_media":15969,"comment_status":"open","ping_status":"closed","template":"","meta":[],"product_brand":[],"product_cat":[310,312,43],"product_tag":[],"class_list":{"0":"post-15967","1":"product","2":"type-product","3":"status-publish","4":"has-post-thumbnail","6":"product_cat-blakstienos","7":"product_cat-dekoratyvine-kosmetika","8":"product_cat-grozis","10":"first","11":"outofstock","12":"taxable","13":"shipping-taxable","14":"purchasable","15":"product-type-simple"},"_links":{"self":[{"href":"https:\/\/thequeenhouse.co.uk\/lt\/wp-json\/wp\/v2\/product\/15967","targetHints":{"allow":["GET"]}}],"collection":[{"href":"https:\/\/thequeenhouse.co.uk\/lt\/wp-json\/wp\/v2\/product"}],"about":[{"href":"https:\/\/thequeenhouse.co.uk\/lt\/wp-json\/wp\/v2\/types\/product"}],"replies":[{"embeddable":true,"href":"https:\/\/thequeenhouse.co.uk\/lt\/wp-json\/wp\/v2\/comments?post=15967"}],"wp:featuredmedia":[{"embeddable":true,"href":"https:\/\/thequeenhouse.co.uk\/lt\/wp-json\/wp\/v2\/media\/15969"}],"wp:attachment":[{"href":"https:\/\/thequeenhouse.co.uk\/lt\/wp-json\/wp\/v2\/media?parent=15967"}],"wp:term":[{"taxonomy":"product_brand","embeddable":true,"href":"https:\/\/thequeenhouse.co.uk\/lt\/wp-json\/wp\/v2\/product_brand?post=15967"},{"taxonomy":"product_cat","embeddable":true,"href":"https:\/\/thequeenhouse.co.uk\/lt\/wp-json\/wp\/v2\/product_cat?post=15967"},{"taxonomy":"product_tag","embeddable":true,"href":"https:\/\/thequeenhouse.co.uk\/lt\/wp-json\/wp\/v2\/product_tag?post=15967"}],"curies":[{"name":"wp","href":"https:\/\/api.w.org\/{rel}","templated":true}]}}