{"id":15975,"date":"2025-10-31T19:02:23","date_gmt":"2025-10-31T18:02:23","guid":{"rendered":"https:\/\/thequeenhouse.co.uk\/?post_type=product&#038;p=15975"},"modified":"2025-10-31T19:07:55","modified_gmt":"2025-10-31T18:07:55","slug":"gosh-x-simona-naine-volume-blakstienu-tusas-copy","status":"publish","type":"product","link":"https:\/\/thequeenhouse.co.uk\/lt\/produktas\/gosh-x-simona-naine-volume-blakstienu-tusas-copy\/","title":{"rendered":"NUNU &#8211; Pakabukas &#8222;l\u0117lyt\u0117&#8221;"},"content":{"rendered":"","protected":false},"excerpt":{"rendered":"<article class=\"text-token-text-primary w-full\" dir=\"auto\" data-testid=\"conversation-turn-6\" data-scroll-anchor=\"true\">\n<div class=\"text-base my-auto mx-auto py-5 [--thread-content-margin:--spacing(4)] @[37rem]:[--thread-content-margin:--spacing(6)] @[72rem]:[--thread-content-margin:--spacing(16)] px-(--thread-content-margin)\">\n<div class=\"[--thread-content-max-width:32rem] @[34rem]:[--thread-content-max-width:40rem] @[64rem]:[--thread-content-max-width:48rem] mx-auto flex max-w-(--thread-content-max-width) flex-1 text-base gap-4 md:gap-5 lg:gap-6 group\/turn-messages focus-visible:outline-hidden\" tabindex=\"-1\">\n<div class=\"group\/conversation-turn relative flex w-full min-w-0 flex-col agent-turn\">\n<div class=\"relative flex-col gap-1 md:gap-3\">\n<div class=\"flex max-w-full flex-col grow\">\n<div class=\"min-h-8 text-message relative flex w-full flex-col items-end gap-2 text-start break-words whitespace-normal [.text-message+&amp;]:mt-5\" dir=\"auto\" data-message-author-role=\"assistant\" data-message-id=\"b331a973-ad37-4073-96fe-c909b21af30d\" data-message-model-slug=\"gpt-4o\">\n<div class=\"flex w-full flex-col gap-1 empty:hidden first:pt-[3px]\">\n<div class=\"markdown prose dark:prose-invert w-full break-words light\">\n<h3 data-start=\"72\" data-end=\"159\"><strong data-start=\"81\" data-end=\"159\">Pakabukas su l\u0117lyte ir blykst\u0117s imitacija \u2013 \u017eaisminga detal\u0117 Tavo stiliui!<\/strong><\/h3>\n<p data-start=\"161\" data-end=\"302\">Stilingas ir \u017eaismingas pakabukas, kur\u012f galima prisegti prie rankin\u0117s, kuprin\u0117s, rakt\u0173 ar kit\u0173 aksesuar\u0173. Komplekt\u0105 sudaro unikalus dizainas:<\/p>\n<ul data-start=\"304\" data-end=\"543\">\n<li data-start=\"304\" data-end=\"358\">\n<p data-start=\"306\" data-end=\"358\"><strong data-start=\"306\" data-end=\"316\">L\u0117lyt\u0117<\/strong> su patentuotu dizainu (auk\u0161tis \u2013 13 cm)<\/p>\n<\/li>\n<li data-start=\"359\" data-end=\"410\">\n<p data-start=\"361\" data-end=\"410\"><strong data-start=\"361\" data-end=\"387\">Du kei\u010diami rai\u0161teliai<\/strong> \u2013 geltonas ir juodas<\/p>\n<\/li>\n<li data-start=\"411\" data-end=\"499\">\n<p data-start=\"413\" data-end=\"499\"><strong data-start=\"413\" data-end=\"434\">Mini fotoaparatas<\/strong>, kurio paspaud\u017eiamas mygtukas skleid\u017eia <strong data-start=\"475\" data-end=\"497\">blykst\u0117s imitacij\u0105<\/strong><\/p>\n<\/li>\n<li data-start=\"500\" data-end=\"543\">\n<p data-start=\"502\" data-end=\"543\"><strong data-start=\"502\" data-end=\"523\">Tvirtas karabinas<\/strong> lengvam pakabinimui<\/p>\n<\/li>\n<\/ul>\n<p data-start=\"545\" data-end=\"672\"><strong>Tai puikus b\u016bdas suteikti savo \u012fvaizd\u017eiui \u017eaismingumo ir individualumo. \u0160is pakabukas patiks tiek vaikams, tiek suaugusiesiems!<\/strong><\/p>\n<\/div>\n<\/div>\n<\/div>\n<\/div>\n<\/div>\n<\/div>\n<\/div>\n<\/div>\n<\/article>\n","protected":false},"featured_media":15979,"comment_status":"open","ping_status":"closed","template":"","meta":[],"product_brand":[],"product_cat":[173,43,174,44],"product_tag":[],"class_list":{"0":"post-15975","1":"product","2":"type-product","3":"status-publish","4":"has-post-thumbnail","6":"product_cat-best-sellers-lt","7":"product_cat-grozis","8":"product_cat-christmas-lt","9":"product_cat-namams","11":"first","12":"instock","13":"taxable","14":"shipping-taxable","15":"purchasable","16":"product-type-simple"},"_links":{"self":[{"href":"https:\/\/thequeenhouse.co.uk\/lt\/wp-json\/wp\/v2\/product\/15975","targetHints":{"allow":["GET"]}}],"collection":[{"href":"https:\/\/thequeenhouse.co.uk\/lt\/wp-json\/wp\/v2\/product"}],"about":[{"href":"https:\/\/thequeenhouse.co.uk\/lt\/wp-json\/wp\/v2\/types\/product"}],"replies":[{"embeddable":true,"href":"https:\/\/thequeenhouse.co.uk\/lt\/wp-json\/wp\/v2\/comments?post=15975"}],"wp:featuredmedia":[{"embeddable":true,"href":"https:\/\/thequeenhouse.co.uk\/lt\/wp-json\/wp\/v2\/media\/15979"}],"wp:attachment":[{"href":"https:\/\/thequeenhouse.co.uk\/lt\/wp-json\/wp\/v2\/media?parent=15975"}],"wp:term":[{"taxonomy":"product_brand","embeddable":true,"href":"https:\/\/thequeenhouse.co.uk\/lt\/wp-json\/wp\/v2\/product_brand?post=15975"},{"taxonomy":"product_cat","embeddable":true,"href":"https:\/\/thequeenhouse.co.uk\/lt\/wp-json\/wp\/v2\/product_cat?post=15975"},{"taxonomy":"product_tag","embeddable":true,"href":"https:\/\/thequeenhouse.co.uk\/lt\/wp-json\/wp\/v2\/product_tag?post=15975"}],"curies":[{"name":"wp","href":"https:\/\/api.w.org\/{rel}","templated":true}]}}