{"id":15987,"date":"2025-11-02T17:13:01","date_gmt":"2025-11-02T16:13:01","guid":{"rendered":"https:\/\/thequeenhouse.co.uk\/?post_type=product&#038;p=15987"},"modified":"2025-11-03T10:58:21","modified_gmt":"2025-11-03T09:58:21","slug":"majestic-marble-glow-padeklas","status":"publish","type":"product","link":"https:\/\/thequeenhouse.co.uk\/lt\/produktas\/majestic-marble-glow-padeklas\/","title":{"rendered":"Majestic Marble Glow \u2013 Pad\u0117klas"},"content":{"rendered":"","protected":false},"excerpt":{"rendered":"<p data-start=\"268\" data-end=\"522\">\u0160is nuostabus rank\u0173 darbo epoksidin\u0117s dervos pad\u0117klas \u2013 tikras meno k\u016brinys, kuris akimirksniu suteikia bet kuriam interjerui prabangos ir i\u0161skirtinumo.<br \/>\nJo marmur\u0105 primenantys auksini\u0173, bronzini\u0173, balt\u0173 ir juod\u0173 atspalvi\u0173 s\u016bkuriai sukuria kerint\u012f \u0161vyt\u0117jimo efekt\u0105, spinduliuojant\u012f rafinuotumu ir am\u017einu stiliumi.<\/p>\n<p data-start=\"268\" data-end=\"522\">\ud83d\udccf Skersmuo: 35 cm<\/p>\n<p data-start=\"524\" data-end=\"804\">Tobulas pasirinkimas norint papuo\u0161ti kavos staliuk\u0105, komod\u0105 ar toaletin\u012f stalel\u012f. Ant jo galite stilingai i\u0161d\u0117lioti m\u0117gstamas \u017evakes, kvepalus ar dekoratyvinius akcentus. Kiekvienas pad\u0117klas yra unikalus vienetinis k\u016brinys, sukurtas su meile ir kruop\u0161tumu, kad j\u016bs\u0173 namams suteikt\u0173 jaukumo, \u0161ilumos ir elegancijos.<\/p>\n<p data-start=\"806\" data-end=\"937\">Papuo\u0161kite savo namus \u0161iuo i\u0161skirtiniu dekoro akcentu \u2013 tai ne tik pad\u0117klas, tai j\u016bs\u0173 nepriekai\u0161tingo skonio atspindys. \ud83d\udcab<\/p>\n<p data-start=\"939\" data-end=\"1050\">\ud83d\udc9b Rank\u0173 darbo k\u016brinys, pagamintas su meile<br data-start=\"960\" data-end=\"963\" \/>\ud83c\udf1f Vienetinis, prabangus dizainas<br data-start=\"993\" data-end=\"996\" \/>\ud83d\udda4 Puikiai tinka moderniam, glam\u016briniam ar minimalistiniam interjeru<\/p>\n","protected":false},"featured_media":15997,"comment_status":"open","ping_status":"closed","template":"","meta":[],"product_brand":[],"product_cat":[44,315,48,236],"product_tag":[],"class_list":{"0":"post-15987","1":"product","2":"type-product","3":"status-publish","4":"has-post-thumbnail","6":"product_cat-namams","7":"product_cat-namu-dekoracijos","8":"product_cat-padeklai","9":"product_cat-populiaru","11":"first","12":"outofstock","13":"taxable","14":"shipping-taxable","15":"purchasable","16":"product-type-variable"},"_links":{"self":[{"href":"https:\/\/thequeenhouse.co.uk\/lt\/wp-json\/wp\/v2\/product\/15987","targetHints":{"allow":["GET"]}}],"collection":[{"href":"https:\/\/thequeenhouse.co.uk\/lt\/wp-json\/wp\/v2\/product"}],"about":[{"href":"https:\/\/thequeenhouse.co.uk\/lt\/wp-json\/wp\/v2\/types\/product"}],"replies":[{"embeddable":true,"href":"https:\/\/thequeenhouse.co.uk\/lt\/wp-json\/wp\/v2\/comments?post=15987"}],"wp:featuredmedia":[{"embeddable":true,"href":"https:\/\/thequeenhouse.co.uk\/lt\/wp-json\/wp\/v2\/media\/15997"}],"wp:attachment":[{"href":"https:\/\/thequeenhouse.co.uk\/lt\/wp-json\/wp\/v2\/media?parent=15987"}],"wp:term":[{"taxonomy":"product_brand","embeddable":true,"href":"https:\/\/thequeenhouse.co.uk\/lt\/wp-json\/wp\/v2\/product_brand?post=15987"},{"taxonomy":"product_cat","embeddable":true,"href":"https:\/\/thequeenhouse.co.uk\/lt\/wp-json\/wp\/v2\/product_cat?post=15987"},{"taxonomy":"product_tag","embeddable":true,"href":"https:\/\/thequeenhouse.co.uk\/lt\/wp-json\/wp\/v2\/product_tag?post=15987"}],"curies":[{"name":"wp","href":"https:\/\/api.w.org\/{rel}","templated":true}]}}