{"id":16004,"date":"2025-11-03T11:00:07","date_gmt":"2025-11-03T10:00:07","guid":{"rendered":"https:\/\/thequeenhouse.co.uk\/?post_type=product&#038;p=16004"},"modified":"2025-11-03T11:09:46","modified_gmt":"2025-11-03T10:09:46","slug":"midnight-glow-padeklas","status":"publish","type":"product","link":"https:\/\/thequeenhouse.co.uk\/lt\/produktas\/midnight-glow-padeklas\/","title":{"rendered":"Midnight Glow Pad\u0117klas"},"content":{"rendered":"","protected":false},"excerpt":{"rendered":"<p>Rank\u0173 darbo prabangos k\u016brinys \u2013 ne tik pad\u0117klas, o tikras meno akcentas tavo namuose.<br \/>\n\u0160is epoksidin\u0117s dervos pad\u0117klas sukurtas su meile ir kruop\u0161tumu, o jo i\u0161skirtin\u012f dizain\u0105 papildo \u012flietos tikros du\u017eusio stiklo detal\u0117s, kurios sukuria prabang\u0173 \u0161viesos ir tekst\u016bros \u017eaism\u0105. \ud83d\udc8e<\/p>\n<p>Gilus juodo marmuro pagrindas susilieja su auksiniais ir tamsiai m\u0117lynais tonais, suteikdamas modernios elegancijos ir prabangos poj\u016bt\u012f.<br \/>\nKartu su kokteiliu buteliuke jis tampa ne tik interjero detale, bet ir i\u0161skirtiniu akcentu vakarui ar dovanai. \ud83c\udf78<\/p>\n<p>I\u0161matavimai 35cm skersmuo<\/p>\n<p>Puikiai tiks kaip kavos staliuko dekoro detal\u0117 ar \u017evaki\u0173 pad\u0117klas, ar tiesiog m\u0117gstam\u0173 daikt\u0173 eksponavimo vieta. Kiekvienas k\u016brinys \u2013 vienetinis ir nepakartojamas.\ud83d\udda4<\/p>\n<p>\ud83d\udc8e Derink su \u017evak\u0117mis, knygomis ar g\u0117l\u0117mis \u2013 ir tavo nam\u0173 erdv\u0117 pavirs \u017eurnalo vertu kadru!<\/p>\n","protected":false},"featured_media":16014,"comment_status":"open","ping_status":"closed","template":"","meta":[],"product_brand":[],"product_cat":[44,315,48,236],"product_tag":[],"class_list":{"0":"post-16004","1":"product","2":"type-product","3":"status-publish","4":"has-post-thumbnail","6":"product_cat-namams","7":"product_cat-namu-dekoracijos","8":"product_cat-padeklai","9":"product_cat-populiaru","11":"first","12":"instock","13":"taxable","14":"shipping-taxable","15":"purchasable","16":"product-type-variable"},"_links":{"self":[{"href":"https:\/\/thequeenhouse.co.uk\/lt\/wp-json\/wp\/v2\/product\/16004","targetHints":{"allow":["GET"]}}],"collection":[{"href":"https:\/\/thequeenhouse.co.uk\/lt\/wp-json\/wp\/v2\/product"}],"about":[{"href":"https:\/\/thequeenhouse.co.uk\/lt\/wp-json\/wp\/v2\/types\/product"}],"replies":[{"embeddable":true,"href":"https:\/\/thequeenhouse.co.uk\/lt\/wp-json\/wp\/v2\/comments?post=16004"}],"wp:featuredmedia":[{"embeddable":true,"href":"https:\/\/thequeenhouse.co.uk\/lt\/wp-json\/wp\/v2\/media\/16014"}],"wp:attachment":[{"href":"https:\/\/thequeenhouse.co.uk\/lt\/wp-json\/wp\/v2\/media?parent=16004"}],"wp:term":[{"taxonomy":"product_brand","embeddable":true,"href":"https:\/\/thequeenhouse.co.uk\/lt\/wp-json\/wp\/v2\/product_brand?post=16004"},{"taxonomy":"product_cat","embeddable":true,"href":"https:\/\/thequeenhouse.co.uk\/lt\/wp-json\/wp\/v2\/product_cat?post=16004"},{"taxonomy":"product_tag","embeddable":true,"href":"https:\/\/thequeenhouse.co.uk\/lt\/wp-json\/wp\/v2\/product_tag?post=16004"}],"curies":[{"name":"wp","href":"https:\/\/api.w.org\/{rel}","templated":true}]}}