{"id":16065,"date":"2025-11-05T22:20:12","date_gmt":"2025-11-05T21:20:12","guid":{"rendered":"https:\/\/thequeenhouse.co.uk\/?post_type=product&#038;p=16065"},"modified":"2025-11-06T08:33:16","modified_gmt":"2025-11-06T07:33:16","slug":"purskiami-namu-kvepalai-avietes-ir-apelsinai-300ml-copy","status":"publish","type":"product","link":"https:\/\/thequeenhouse.co.uk\/lt\/produktas\/purskiami-namu-kvepalai-avietes-ir-apelsinai-300ml-copy\/","title":{"rendered":"Prabangi magnetin\u0117 dovan\u0173 d\u0117\u017eut\u0117 \u201eBaby Diamond Cut\u201c (tinka 2 \u017evak\u0117ms po 100 g)"},"content":{"rendered":"","protected":false},"excerpt":{"rendered":"<p data-start=\"145\" data-end=\"348\">I\u0161skirtinio dizaino prabangi magnetin\u0117 d\u0117\u017eut\u0117, skirta dviem \u201eBaby Diamond Cut\u201c \u017evakut\u0117ms po 100 g. Tai ne tik eleganti\u0161kas, bet ir tvarus b\u016bdas dovanoti kvapus bei sukurti \u012fsimintin\u0105 \u012fsp\u016bd\u012f.<\/p>\n<p data-start=\"350\" data-end=\"622\">\ud83c\udf81 \u0160ventinis dekoravimas \u2013 nemokamai! D\u0117\u017eut\u0117 gali b\u016bti papuo\u0161ta \u0161venti\u0161kai Kal\u0117doms visi\u0161kai nemokamai. Jeigu u\u017esakymo pastabose (\u201eNotes\u201c) para\u0161ysite \u201eGimtadienis\u201c ar nurodysite kit\u0105 prog\u0105, d\u0117\u017eut\u0117 bus papuo\u0161ta \u0161ventiniu kaspinu, priderintu prie progos.<\/p>\n<p data-start=\"350\" data-end=\"622\"><strong>Dekoracij\u0173 stilius ir papuo\u0161imai gali \u0161iek tiek skirtis nuo pavyzd\u017ei\u0173 pateikt\u0173 nuotraukose.~~<\/strong><\/p>\n","protected":false},"featured_media":16079,"comment_status":"open","ping_status":"closed","template":"","meta":[],"product_brand":[],"product_cat":[174,52],"product_tag":[],"class_list":{"0":"post-16065","1":"product","2":"type-product","3":"status-publish","4":"has-post-thumbnail","6":"product_cat-christmas-lt","7":"product_cat-zvakes","9":"first","10":"instock","11":"taxable","12":"shipping-taxable","13":"purchasable","14":"product-type-variable"},"_links":{"self":[{"href":"https:\/\/thequeenhouse.co.uk\/lt\/wp-json\/wp\/v2\/product\/16065","targetHints":{"allow":["GET"]}}],"collection":[{"href":"https:\/\/thequeenhouse.co.uk\/lt\/wp-json\/wp\/v2\/product"}],"about":[{"href":"https:\/\/thequeenhouse.co.uk\/lt\/wp-json\/wp\/v2\/types\/product"}],"replies":[{"embeddable":true,"href":"https:\/\/thequeenhouse.co.uk\/lt\/wp-json\/wp\/v2\/comments?post=16065"}],"wp:featuredmedia":[{"embeddable":true,"href":"https:\/\/thequeenhouse.co.uk\/lt\/wp-json\/wp\/v2\/media\/16079"}],"wp:attachment":[{"href":"https:\/\/thequeenhouse.co.uk\/lt\/wp-json\/wp\/v2\/media?parent=16065"}],"wp:term":[{"taxonomy":"product_brand","embeddable":true,"href":"https:\/\/thequeenhouse.co.uk\/lt\/wp-json\/wp\/v2\/product_brand?post=16065"},{"taxonomy":"product_cat","embeddable":true,"href":"https:\/\/thequeenhouse.co.uk\/lt\/wp-json\/wp\/v2\/product_cat?post=16065"},{"taxonomy":"product_tag","embeddable":true,"href":"https:\/\/thequeenhouse.co.uk\/lt\/wp-json\/wp\/v2\/product_tag?post=16065"}],"curies":[{"name":"wp","href":"https:\/\/api.w.org\/{rel}","templated":true}]}}