{"id":16133,"date":"2025-11-06T08:17:01","date_gmt":"2025-11-06T07:17:01","guid":{"rendered":"https:\/\/thequeenhouse.co.uk\/prabangi-magnetine-dovanu-dezute-baby-diamond-cut-tinka-2-zvakems-po-100-g\/"},"modified":"2025-11-06T08:24:46","modified_gmt":"2025-11-06T07:24:46","slug":"prabangi-magnetine-dovanu-dezute-baby-diamond-cut-tinka-2-zvakems-po-100-g","status":"publish","type":"product","link":"https:\/\/thequeenhouse.co.uk\/lt\/produktas\/prabangi-magnetine-dovanu-dezute-baby-diamond-cut-tinka-2-zvakems-po-100-g\/","title":{"rendered":"Prabangi magnetin\u0117 dovan\u0173 d\u0117\u017eut\u0117 \u201eBaby Diamond Cut\u201c (tinka 2 \u017evak\u0117ms po 100 g)"},"content":{"rendered":"","protected":false},"excerpt":{"rendered":"<p>I\u0161skirtinio dizaino prabangi magnetin\u0117 d\u0117\u017eut\u0117, skirta dviem \u201eBaby Diamond Cut\u201c \u017evakut\u0117ms po 100 g. Tai ne tik eleganti\u0161kas, bet ir tvarus b\u016bdas dovanoti kvapus bei sukurti \u012fsimintin\u0105 \u012fsp\u016bd\u012f. <\/p>\n<p>\ud83c\udf81 \u0160ventinis dekoravimas \u2013 nemokamai!<br \/>\nD\u0117\u017eut\u0117 gali b\u016bti papuo\u0161ta \u0161venti\u0161kai Kal\u0117doms visi\u0161kai nemokamai.<br \/>\nJeigu u\u017esakymo pastabose (\u201eNotes\u201c) para\u0161ysite \u201eGimtadienis\u201c ar nurodysite kit\u0105 prog\u0105, d\u0117\u017eut\u0117 bus papuo\u0161ta \u0161ventiniu kaspinu, priderintu prie progos.<\/p>\n<p>v<\/p>\n","protected":false},"featured_media":16110,"comment_status":"open","ping_status":"closed","template":"","meta":[],"product_brand":[],"product_cat":[174,52],"product_tag":[],"class_list":{"0":"post-16133","1":"product","2":"type-product","3":"status-publish","4":"has-post-thumbnail","6":"product_cat-christmas-lt","7":"product_cat-zvakes","9":"first","10":"instock","11":"taxable","12":"shipping-taxable","13":"purchasable","14":"product-type-variable"},"_links":{"self":[{"href":"https:\/\/thequeenhouse.co.uk\/lt\/wp-json\/wp\/v2\/product\/16133","targetHints":{"allow":["GET"]}}],"collection":[{"href":"https:\/\/thequeenhouse.co.uk\/lt\/wp-json\/wp\/v2\/product"}],"about":[{"href":"https:\/\/thequeenhouse.co.uk\/lt\/wp-json\/wp\/v2\/types\/product"}],"replies":[{"embeddable":true,"href":"https:\/\/thequeenhouse.co.uk\/lt\/wp-json\/wp\/v2\/comments?post=16133"}],"wp:featuredmedia":[{"embeddable":true,"href":"https:\/\/thequeenhouse.co.uk\/lt\/wp-json\/wp\/v2\/media\/16110"}],"wp:attachment":[{"href":"https:\/\/thequeenhouse.co.uk\/lt\/wp-json\/wp\/v2\/media?parent=16133"}],"wp:term":[{"taxonomy":"product_brand","embeddable":true,"href":"https:\/\/thequeenhouse.co.uk\/lt\/wp-json\/wp\/v2\/product_brand?post=16133"},{"taxonomy":"product_cat","embeddable":true,"href":"https:\/\/thequeenhouse.co.uk\/lt\/wp-json\/wp\/v2\/product_cat?post=16133"},{"taxonomy":"product_tag","embeddable":true,"href":"https:\/\/thequeenhouse.co.uk\/lt\/wp-json\/wp\/v2\/product_tag?post=16133"}],"curies":[{"name":"wp","href":"https:\/\/api.w.org\/{rel}","templated":true}]}}