{"id":16441,"date":"2025-12-10T13:46:32","date_gmt":"2025-12-10T12:46:32","guid":{"rendered":"https:\/\/thequeenhouse.co.uk\/?post_type=product&#038;p=16441"},"modified":"2025-12-10T13:51:29","modified_gmt":"2025-12-10T12:51:29","slug":"roomoi-namu-kvapu-difuzoriaus-papildymo-rinkinys-vin-noble-500-ml-1000-ml-copy-2","status":"publish","type":"product","link":"https:\/\/thequeenhouse.co.uk\/lt\/produktas\/roomoi-namu-kvapu-difuzoriaus-papildymo-rinkinys-vin-noble-500-ml-1000-ml-copy-2\/","title":{"rendered":"ROOMOI Nam\u0173 Kvap\u0173 Difuzoriaus 500ml + Purskiamas kvapas 200ml &#8211; \u201ePistachio Pleasure\u201c"},"content":{"rendered":"<p data-start=\"212\" data-end=\"283\"><strong data-start=\"212\" data-end=\"283\">ROOMOI \u201ePistachio Pleasure\u201c \u2013 kvapas, kuris suvilios j\u016bs\u0173 poj\u016b\u010dius.<\/strong><\/p>\n<p data-start=\"285\" data-end=\"633\">Atraskite tikr\u0105 gurmani\u0161k\u0105 malonum\u0105 savo namuose su ROOMOI kvap\u0173 rinkiniu, kuriame pistacijos susilieja su karamele, \u0161velnia vanile ir plakta grietin\u0117le. \u0160is aromatas alsuoja sald\u017eia elegancija ir jaukumu \u2013 tarsi prabangus desertas j\u016bs\u0173 erdv\u0117je. Tai kvapas, kuris ne tik puo\u0161ia namus, bet ir kvie\u010dia stabtel\u0117ti, atsipalaiduoti ir m\u0117gautis akimirka.<\/p>\n<p data-start=\"635\" data-end=\"651\"><strong data-start=\"635\" data-end=\"651\">Kvapo natos:<\/strong><\/p>\n<ul data-start=\"653\" data-end=\"899\">\n<li data-start=\"653\" data-end=\"730\">\n<p data-start=\"655\" data-end=\"730\"><strong data-start=\"655\" data-end=\"676\">Vir\u0161utin\u0117s natos:<\/strong> bergamot\u0117, persikas, pistacijos, kardamonas, aviet\u0117<\/p>\n<\/li>\n<li data-start=\"731\" data-end=\"815\">\n<p data-start=\"733\" data-end=\"815\"><strong data-start=\"733\" data-end=\"753\">Vidurin\u0117s natos:<\/strong> baltos g\u0117l\u0117s, na\u0161lait\u0117, pakalnut\u0117, heliotropas, pelargonija<\/p>\n<\/li>\n<li data-start=\"816\" data-end=\"899\">\n<p data-start=\"818\" data-end=\"899\"><strong data-start=\"818\" data-end=\"836\">Bazin\u0117s natos:<\/strong> plakta grietin\u0117l\u0117, vanil\u0117, karamel\u0117, tonka pupel\u0117s, santalas<\/p>\n<\/li>\n<\/ul>\n<p data-start=\"901\" data-end=\"915\"><strong data-start=\"901\" data-end=\"915\">Rinkinyje:<\/strong><\/p>\n<ul data-start=\"916\" data-end=\"1008\">\n<li data-start=\"916\" data-end=\"939\">\n<p data-start=\"918\" data-end=\"939\">Difuzorius \u2013 500 ml<\/p>\n<\/li>\n<li data-start=\"940\" data-end=\"970\">\n<p data-start=\"942\" data-end=\"970\">Pur\u0161kiamas kvapas \u2013 200 ml<\/p>\n<\/li>\n<li data-start=\"971\" data-end=\"1008\">\n<p data-start=\"973\" data-end=\"1008\">Ekologi\u0161kos kvap\u0173 lazdel\u0117s \u2013 dovana<\/p>\n<\/li>\n<\/ul>\n<p data-start=\"1010\" data-end=\"1217\">Prabangus juodo d\u016bminio stiklo dizainas, minimalistinis buteliuko stilius ir subtilus kvapas puikiai tiks kiekvienam interjerui. Rinkinys supakuotas \u012f eleganti\u0161k\u0105 d\u0117\u017eut\u0119 \u2013 puiki dovana sau ar artimam \u017emogui.<\/p>\n<p data-start=\"1219\" data-end=\"1277\"><strong data-start=\"1219\" data-end=\"1277\">Pagaminta Italijoje \u2013 kokyb\u0117, kuria galite pasitik\u0117ti.<\/strong><\/p>\n","protected":false},"excerpt":{"rendered":"<div class=\"ewa-rteLine\">\n<div class=\"flex-1 overflow-hidden @container\/thread\">\n<div class=\"h-full\">\n<div class=\"react-scroll-to-bottom--css-cqnaz-79elbk h-full\">\n<div class=\"react-scroll-to-bottom--css-cqnaz-1n7m0yu\">\n<div class=\"flex flex-col text-sm md:pb-9\">\n<article class=\"w-full scroll-mb-[var(--thread-trailing-height,150px)] text-token-text-primary focus-visible:outline-2 focus-visible:outline-offset-[-4px]\" dir=\"auto\" data-testid=\"conversation-turn-153\" data-scroll-anchor=\"true\">\n<div class=\"m-auto text-base py-[18px] px-3 md:px-4 w-full md:px-5 lg:px-4 xl:px-5\">\n<div class=\"mx-auto flex flex-1 gap-4 text-base md:gap-5 lg:gap-6 md:max-w-3xl lg:max-w-[40rem] xl:max-w-[48rem]\">\n<div class=\"group\/conversation-turn relative flex w-full min-w-0 flex-col agent-turn\">\n<div class=\"flex-col gap-1 md:gap-3\">\n<div class=\"flex max-w-full flex-col flex-grow\">\n<div class=\"min-h-8 text-message flex w-full flex-col items-end gap-2 whitespace-normal break-words text-start [.text-message+&amp;]:mt-5\" dir=\"auto\" data-message-author-role=\"assistant\" data-message-id=\"76f4b7a4-55a9-404c-9681-40cb7cf93789\" data-message-model-slug=\"gpt-4o\">\n<div class=\"flex w-full flex-col gap-1 empty:hidden first:pt-[3px]\">\n<div class=\"markdown prose w-full break-words dark:prose-invert light\">\n<div class=\"ewa-rteLine\">\n<p data-start=\"212\" data-end=\"283\"><strong data-start=\"212\" data-end=\"283\">ROOMOI \u201ePistachio Pleasure\u201c \u2013 kvapas, kuris suvilios j\u016bs\u0173 poj\u016b\u010dius.<\/strong><\/p>\n<p data-start=\"285\" data-end=\"633\">Atraskite tikr\u0105 gurmani\u0161k\u0105 malonum\u0105 savo namuose su ROOMOI kvap\u0173 rinkiniu, kuriame pistacijos susilieja su karamele, \u0161velnia vanile ir plakta grietin\u0117le. \u0160is aromatas alsuoja sald\u017eia elegancija ir jaukumu \u2013 tarsi prabangus desertas j\u016bs\u0173 erdv\u0117je. Tai kvapas, kuris ne tik puo\u0161ia namus, bet ir kvie\u010dia stabtel\u0117ti, atsipalaiduoti ir m\u0117gautis akimirka.<\/p>\n<p data-start=\"635\" data-end=\"651\"><strong data-start=\"635\" data-end=\"651\">Kvapo natos:<\/strong><\/p>\n<ul data-start=\"653\" data-end=\"899\">\n<li data-start=\"653\" data-end=\"730\">\n<p data-start=\"655\" data-end=\"730\"><strong data-start=\"655\" data-end=\"676\">Vir\u0161utin\u0117s natos:<\/strong> bergamot\u0117, persikas, pistacijos, kardamonas, aviet\u0117<\/p>\n<\/li>\n<li data-start=\"731\" data-end=\"815\">\n<p data-start=\"733\" data-end=\"815\"><strong data-start=\"733\" data-end=\"753\">Vidurin\u0117s natos:<\/strong> baltos g\u0117l\u0117s, na\u0161lait\u0117, pakalnut\u0117, heliotropas, pelargonija<\/p>\n<\/li>\n<li data-start=\"816\" data-end=\"899\">\n<p data-start=\"818\" data-end=\"899\"><strong data-start=\"818\" data-end=\"836\">Bazin\u0117s natos:<\/strong> plakta grietin\u0117l\u0117, vanil\u0117, karamel\u0117, tonka pupel\u0117s, santalas<\/p>\n<\/li>\n<\/ul>\n<p data-start=\"901\" data-end=\"915\"><strong data-start=\"901\" data-end=\"915\">Rinkinyje:<\/strong><\/p>\n<ul data-start=\"916\" data-end=\"1008\">\n<li data-start=\"916\" data-end=\"939\">\n<p data-start=\"918\" data-end=\"939\">Difuzorius \u2013 500 ml<\/p>\n<\/li>\n<li data-start=\"940\" data-end=\"970\">\n<p data-start=\"942\" data-end=\"970\">Pur\u0161kiamas kvapas \u2013 200 ml<\/p>\n<\/li>\n<li data-start=\"971\" data-end=\"1008\">\n<p data-start=\"973\" data-end=\"1008\">Ekologi\u0161kos kvap\u0173 lazdel\u0117s \u2013 dovana<\/p>\n<\/li>\n<\/ul>\n<p data-start=\"1010\" data-end=\"1217\">Prabangus juodo d\u016bminio stiklo dizainas, minimalistinis buteliuko stilius ir subtilus kvapas puikiai tiks kiekvienam interjerui. Rinkinys supakuotas \u012f eleganti\u0161k\u0105 d\u0117\u017eut\u0119 \u2013 puiki dovana sau ar artimam \u017emogui.<\/p>\n<p data-start=\"1219\" data-end=\"1277\"><strong data-start=\"1219\" data-end=\"1277\">Pagaminta Italijoje \u2013 kokyb\u0117, kuria galite pasitik\u0117ti.<\/strong><\/p>\n<\/div>\n<\/div>\n<\/div>\n<\/div>\n<\/div>\n<\/div>\n<\/div>\n<\/div>\n<\/div>\n<\/article>\n<\/div>\n<\/div>\n<\/div>\n<\/div>\n<\/div>\n<\/div>\n","protected":false},"featured_media":16443,"comment_status":"open","ping_status":"closed","template":"","meta":[],"product_brand":[],"product_cat":[44],"product_tag":[],"class_list":{"0":"post-16441","1":"product","2":"type-product","3":"status-publish","4":"has-post-thumbnail","6":"product_cat-namams","8":"first","9":"instock","10":"sale","11":"taxable","12":"shipping-taxable","13":"purchasable","14":"product-type-simple"},"_links":{"self":[{"href":"https:\/\/thequeenhouse.co.uk\/lt\/wp-json\/wp\/v2\/product\/16441","targetHints":{"allow":["GET"]}}],"collection":[{"href":"https:\/\/thequeenhouse.co.uk\/lt\/wp-json\/wp\/v2\/product"}],"about":[{"href":"https:\/\/thequeenhouse.co.uk\/lt\/wp-json\/wp\/v2\/types\/product"}],"replies":[{"embeddable":true,"href":"https:\/\/thequeenhouse.co.uk\/lt\/wp-json\/wp\/v2\/comments?post=16441"}],"wp:featuredmedia":[{"embeddable":true,"href":"https:\/\/thequeenhouse.co.uk\/lt\/wp-json\/wp\/v2\/media\/16443"}],"wp:attachment":[{"href":"https:\/\/thequeenhouse.co.uk\/lt\/wp-json\/wp\/v2\/media?parent=16441"}],"wp:term":[{"taxonomy":"product_brand","embeddable":true,"href":"https:\/\/thequeenhouse.co.uk\/lt\/wp-json\/wp\/v2\/product_brand?post=16441"},{"taxonomy":"product_cat","embeddable":true,"href":"https:\/\/thequeenhouse.co.uk\/lt\/wp-json\/wp\/v2\/product_cat?post=16441"},{"taxonomy":"product_tag","embeddable":true,"href":"https:\/\/thequeenhouse.co.uk\/lt\/wp-json\/wp\/v2\/product_tag?post=16441"}],"curies":[{"name":"wp","href":"https:\/\/api.w.org\/{rel}","templated":true}]}}