{"id":16448,"date":"2025-12-10T13:58:57","date_gmt":"2025-12-10T12:58:57","guid":{"rendered":"https:\/\/thequeenhouse.co.uk\/?post_type=product&#038;p=16448"},"modified":"2025-12-10T16:05:44","modified_gmt":"2025-12-10T15:05:44","slug":"test","status":"publish","type":"product","link":"https:\/\/thequeenhouse.co.uk\/lt\/produktas\/test\/","title":{"rendered":"AGIVA DUBAI CHOCOLATE &#8211; du\u0161o gelis 500ml"},"content":{"rendered":"<p data-start=\"159\" data-end=\"229\"><strong data-start=\"159\" data-end=\"229\">AGIVA DUBAI CHOCOLATE du\u0161o gelis \u2013 \u0161okoladinis malonumas J\u016bs\u0173 odai<\/strong><\/p>\n<p data-start=\"231\" data-end=\"478\">Leiskite savo odai patirti tikr\u0105 \u0161okoladin\u012f potyr\u012f su <strong data-start=\"285\" data-end=\"310\">AGIVA DUBAI CHOCOLATE<\/strong> du\u0161o geliu. Prabangus Dubajaus \u0161okolado aromatas apgaubia k\u016bn\u0105 gundan\u010diu kvapu, kuris i\u0161lieka ilgai ir suteikia malon\u0173 gaivumo poj\u016bt\u012f po kiekvienos maudyni\u0173 akimirkos.<\/p>\n<p data-start=\"480\" data-end=\"680\">\u0160is du\u0161o gelis ne tik vilioja kvapu, bet ir <strong data-start=\"524\" data-end=\"551\">dr\u0117kina bei maitina od\u0105<\/strong>, suteikdamas jai \u0161velnumo ir \u0161varos poj\u016bt\u012f. Jo \u0161velni formul\u0117 kruop\u0161\u010diai valo, nedirgina ir puikiai tinka kasdieniam naudojimui.<\/p>\n<p data-start=\"682\" data-end=\"708\">\u2728 <strong data-start=\"684\" data-end=\"708\">Kod\u0117l verta rinktis:<\/strong><\/p>\n<ul data-start=\"709\" data-end=\"870\">\n<li data-start=\"709\" data-end=\"757\">\n<p data-start=\"711\" data-end=\"757\">Gundan\u010diai saldus Dubajaus \u0161okolado aromatas<\/p>\n<\/li>\n<li data-start=\"758\" data-end=\"794\">\n<p data-start=\"760\" data-end=\"794\">Maitina, dr\u0117kina ir \u0161velnina od\u0105<\/p>\n<\/li>\n<li data-start=\"795\" data-end=\"835\">\n<p data-start=\"797\" data-end=\"835\">Palieka subtil\u0173 kvap\u0105, kuris i\u0161lieka<\/p>\n<\/li>\n<li data-start=\"836\" data-end=\"870\">\n<p data-start=\"838\" data-end=\"870\">Sukurtas kasdieniam naudojimui<\/p>\n<\/li>\n<\/ul>\n<p data-start=\"872\" data-end=\"1017\"><strong data-start=\"872\" data-end=\"887\">Naudojimas:<\/strong> U\u017etepkite nedidel\u012f kiek\u012f ant rankos ar kempin\u0117s, \u0161velniai \u012fmasa\u017euokite \u012f sudr\u0117kint\u0105 od\u0105, kol suputos, tada kruop\u0161\u010diai nuplaukite.<\/p>\n<blockquote data-start=\"1019\" data-end=\"1111\">\n<p data-start=\"1021\" data-end=\"1111\">Tik i\u0161oriniam naudojimui. Venkite patekimo \u012f akis. Laikyti vaikams nepasiekiamoje vietoje.<\/p>\n<\/blockquote>\n","protected":false},"excerpt":{"rendered":"<p data-start=\"159\" data-end=\"229\"><strong data-start=\"159\" data-end=\"229\">AGIVA DUBAI CHOCOLATE du\u0161o gelis \u2013 \u0161okoladinis malonumas J\u016bs\u0173 odai<\/strong><\/p>\n<p data-start=\"231\" data-end=\"478\">Leiskite savo odai patirti tikr\u0105 \u0161okoladin\u012f potyr\u012f su <strong data-start=\"285\" data-end=\"310\">AGIVA DUBAI CHOCOLATE<\/strong> du\u0161o geliu. Prabangus Dubajaus \u0161okolado aromatas apgaubia k\u016bn\u0105 gundan\u010diu kvapu, kuris i\u0161lieka ilgai ir suteikia malon\u0173 gaivumo poj\u016bt\u012f po kiekvienos maudyni\u0173 akimirkos.<\/p>\n<p data-start=\"480\" data-end=\"680\">\u0160is du\u0161o gelis ne tik vilioja kvapu, bet ir <strong data-start=\"524\" data-end=\"551\">dr\u0117kina bei maitina od\u0105<\/strong>, suteikdamas jai \u0161velnumo ir \u0161varos poj\u016bt\u012f. Jo \u0161velni formul\u0117 kruop\u0161\u010diai valo, nedirgina ir puikiai tinka kasdieniam naudojimui.<\/p>\n<p data-start=\"682\" data-end=\"708\">\u2728 <strong data-start=\"684\" data-end=\"708\">Kod\u0117l verta rinktis:<\/strong><\/p>\n<ul data-start=\"709\" data-end=\"870\">\n<li data-start=\"709\" data-end=\"757\">\n<p data-start=\"711\" data-end=\"757\">Gundan\u010diai saldus Dubajaus \u0161okolado aromatas<\/p>\n<\/li>\n<li data-start=\"758\" data-end=\"794\">\n<p data-start=\"760\" data-end=\"794\">Maitina, dr\u0117kina ir \u0161velnina od\u0105<\/p>\n<\/li>\n<li data-start=\"795\" data-end=\"835\">\n<p data-start=\"797\" data-end=\"835\">Palieka subtil\u0173 kvap\u0105, kuris i\u0161lieka<\/p>\n<\/li>\n<li data-start=\"836\" data-end=\"870\">\n<p data-start=\"838\" data-end=\"870\">Sukurtas kasdieniam naudojimui<\/p>\n<\/li>\n<\/ul>\n<p data-start=\"872\" data-end=\"1017\"><strong data-start=\"872\" data-end=\"887\">Naudojimas:<\/strong> U\u017etepkite nedidel\u012f kiek\u012f ant rankos ar kempin\u0117s, \u0161velniai \u012fmasa\u017euokite \u012f sudr\u0117kint\u0105 od\u0105, kol suputos, tada kruop\u0161\u010diai nuplaukite.<\/p>\n<blockquote data-start=\"1019\" data-end=\"1111\">\n<p data-start=\"1021\" data-end=\"1111\">Tik i\u0161oriniam naudojimui. Venkite patekimo \u012f akis. Laikyti vaikams nepasiekiamoje vietoje.<\/p>\n<\/blockquote>\n","protected":false},"featured_media":16446,"comment_status":"open","ping_status":"closed","template":"","meta":[],"product_brand":[],"product_cat":[43,211],"product_tag":[],"class_list":{"0":"post-16448","1":"product","2":"type-product","3":"status-publish","4":"has-post-thumbnail","6":"product_cat-grozis","7":"product_cat-kuno-prieziuros-priemones","9":"first","10":"instock","11":"taxable","12":"shipping-taxable","13":"purchasable","14":"product-type-simple"},"_links":{"self":[{"href":"https:\/\/thequeenhouse.co.uk\/lt\/wp-json\/wp\/v2\/product\/16448","targetHints":{"allow":["GET"]}}],"collection":[{"href":"https:\/\/thequeenhouse.co.uk\/lt\/wp-json\/wp\/v2\/product"}],"about":[{"href":"https:\/\/thequeenhouse.co.uk\/lt\/wp-json\/wp\/v2\/types\/product"}],"replies":[{"embeddable":true,"href":"https:\/\/thequeenhouse.co.uk\/lt\/wp-json\/wp\/v2\/comments?post=16448"}],"wp:featuredmedia":[{"embeddable":true,"href":"https:\/\/thequeenhouse.co.uk\/lt\/wp-json\/wp\/v2\/media\/16446"}],"wp:attachment":[{"href":"https:\/\/thequeenhouse.co.uk\/lt\/wp-json\/wp\/v2\/media?parent=16448"}],"wp:term":[{"taxonomy":"product_brand","embeddable":true,"href":"https:\/\/thequeenhouse.co.uk\/lt\/wp-json\/wp\/v2\/product_brand?post=16448"},{"taxonomy":"product_cat","embeddable":true,"href":"https:\/\/thequeenhouse.co.uk\/lt\/wp-json\/wp\/v2\/product_cat?post=16448"},{"taxonomy":"product_tag","embeddable":true,"href":"https:\/\/thequeenhouse.co.uk\/lt\/wp-json\/wp\/v2\/product_tag?post=16448"}],"curies":[{"name":"wp","href":"https:\/\/api.w.org\/{rel}","templated":true}]}}