{"id":16452,"date":"2025-12-10T16:07:26","date_gmt":"2025-12-10T15:07:26","guid":{"rendered":"https:\/\/thequeenhouse.co.uk\/?post_type=product&#038;p=16452"},"modified":"2025-12-10T16:16:39","modified_gmt":"2025-12-10T15:16:39","slug":"agiva-dubai-chocolate-duso-gelis-500ml-copy","status":"publish","type":"product","link":"https:\/\/thequeenhouse.co.uk\/lt\/produktas\/agiva-dubai-chocolate-duso-gelis-500ml-copy\/","title":{"rendered":"Agiva &#8211; Ylang Ylang Liposomed C \u0160amp\u016bnas &#8211; 500ml"},"content":{"rendered":"<p data-start=\"121\" data-end=\"202\"><strong data-start=\"121\" data-end=\"202\">AGIVA YLANG YLANG LIPOSOMED C \u0160AMP\u016aNAS \u2013 INTENSYVI REGENERACIJA J\u016aS\u0172 PLAUKAMS<\/strong><\/p>\n<p data-start=\"204\" data-end=\"492\">Atkurt\u0173, stipri\u0173 ir gyvybing\u0173 plauk\u0173 paslaptis \u2013 pa\u017eangi <strong data-start=\"261\" data-end=\"294\">AGIVA Ylang Ylang Liposomed C<\/strong> \u0161amp\u016bno formul\u0117. Sukurtas specialiai <strong data-start=\"332\" data-end=\"381\">pa\u017eeistiems ir chemi\u0161kai paveiktiems plaukams<\/strong>, \u0161is \u0161amp\u016bnas ne tik \u0161velniai valo, bet ir giliai maitina bei stiprina plauk\u0173 strukt\u016br\u0105 nuo \u0161akn\u0173 iki galiuk\u0173.<\/p>\n<p data-start=\"494\" data-end=\"770\">Jo sud\u0117tyje esantis <strong data-start=\"514\" data-end=\"541\">liposominis vitaminas C<\/strong> skatina kolageno gamyb\u0105 ir stiprina plaukus, o <strong data-start=\"589\" data-end=\"612\">augalinis keratinas<\/strong> padeda atkurti prarast\u0105 lankstum\u0105 bei apsaugo nuo l\u016b\u017ein\u0117jimo. <strong data-start=\"675\" data-end=\"693\">Argano aliejus<\/strong> ir <strong data-start=\"697\" data-end=\"712\">vitaminas E<\/strong> u\u017etikrina gil\u0173 maitinim\u0105, \u017evilges\u012f ir sveik\u0105 galvos od\u0105.<\/p>\n<p data-start=\"772\" data-end=\"855\">Tinka naudoti tiek <strong data-start=\"791\" data-end=\"810\">kasdien namuose<\/strong>, tiek profesionaliuose <strong data-start=\"834\" data-end=\"854\">gro\u017eio salonuose<\/strong>.<\/p>\n<p data-start=\"857\" data-end=\"887\">\u2705 <strong data-start=\"859\" data-end=\"887\">Pagrindiniai privalumai:<\/strong><\/p>\n<ul data-start=\"888\" data-end=\"1028\">\n<li data-start=\"888\" data-end=\"916\">\n<p data-start=\"890\" data-end=\"916\">Atkuria plauk\u0173 strukt\u016br\u0105<\/p>\n<\/li>\n<li data-start=\"917\" data-end=\"962\">\n<p data-start=\"919\" data-end=\"962\">Maitina ir stiprina nuo \u0161akn\u0173 iki galiuk\u0173<\/p>\n<\/li>\n<li data-start=\"963\" data-end=\"1000\">\n<p data-start=\"965\" data-end=\"1000\">Saugo nuo l\u016b\u017ein\u0117jimo ir saus\u0117jimo<\/p>\n<\/li>\n<li data-start=\"1001\" data-end=\"1028\">\n<p data-start=\"1003\" data-end=\"1028\">Be silikon\u0173 ir paraben\u0173<\/p>\n<\/li>\n<\/ul>\n<p data-start=\"1030\" data-end=\"1234\"><strong data-start=\"1030\" data-end=\"1045\">Naudojimas:<\/strong> Nedidel\u012f kiek\u012f \u0161amp\u016bno \u012fmasa\u017euokite \u012f dr\u0117gnus plaukus ir galvos od\u0105, palikite kelioms minut\u0117ms ir gerai nuskalaukite vandeniu. Reguliariai naudojant \u2013 matomi rezultatai jau po keli\u0173 kart\u0173.<\/p>\n","protected":false},"excerpt":{"rendered":"<p data-start=\"121\" data-end=\"202\"><strong data-start=\"121\" data-end=\"202\">AGIVA YLANG YLANG LIPOSOMED C \u0160AMP\u016aNAS \u2013 INTENSYVI REGENERACIJA J\u016aS\u0172 PLAUKAMS<\/strong><\/p>\n<p data-start=\"204\" data-end=\"492\">Atkurt\u0173, stipri\u0173 ir gyvybing\u0173 plauk\u0173 paslaptis \u2013 pa\u017eangi <strong data-start=\"261\" data-end=\"294\">AGIVA Ylang Ylang Liposomed C<\/strong> \u0161amp\u016bno formul\u0117. Sukurtas specialiai <strong data-start=\"332\" data-end=\"381\">pa\u017eeistiems ir chemi\u0161kai paveiktiems plaukams<\/strong>, \u0161is \u0161amp\u016bnas ne tik \u0161velniai valo, bet ir giliai maitina bei stiprina plauk\u0173 strukt\u016br\u0105 nuo \u0161akn\u0173 iki galiuk\u0173.<\/p>\n<p data-start=\"494\" data-end=\"770\">Jo sud\u0117tyje esantis <strong data-start=\"514\" data-end=\"541\">liposominis vitaminas C<\/strong> skatina kolageno gamyb\u0105 ir stiprina plaukus, o <strong data-start=\"589\" data-end=\"612\">augalinis keratinas<\/strong> padeda atkurti prarast\u0105 lankstum\u0105 bei apsaugo nuo l\u016b\u017ein\u0117jimo. <strong data-start=\"675\" data-end=\"693\">Argano aliejus<\/strong> ir <strong data-start=\"697\" data-end=\"712\">vitaminas E<\/strong> u\u017etikrina gil\u0173 maitinim\u0105, \u017evilges\u012f ir sveik\u0105 galvos od\u0105.<\/p>\n<p data-start=\"772\" data-end=\"855\">Tinka naudoti tiek <strong data-start=\"791\" data-end=\"810\">kasdien namuose<\/strong>, tiek profesionaliuose <strong data-start=\"834\" data-end=\"854\">gro\u017eio salonuose<\/strong>.<\/p>\n<p data-start=\"857\" data-end=\"887\">\u2705 <strong data-start=\"859\" data-end=\"887\">Pagrindiniai privalumai:<\/strong><\/p>\n<ul data-start=\"888\" data-end=\"1028\">\n<li data-start=\"888\" data-end=\"916\">\n<p data-start=\"890\" data-end=\"916\">Atkuria plauk\u0173 strukt\u016br\u0105<\/p>\n<\/li>\n<li data-start=\"917\" data-end=\"962\">\n<p data-start=\"919\" data-end=\"962\">Maitina ir stiprina nuo \u0161akn\u0173 iki galiuk\u0173<\/p>\n<\/li>\n<li data-start=\"963\" data-end=\"1000\">\n<p data-start=\"965\" data-end=\"1000\">Saugo nuo l\u016b\u017ein\u0117jimo ir saus\u0117jimo<\/p>\n<\/li>\n<li data-start=\"1001\" data-end=\"1028\">\n<p data-start=\"1003\" data-end=\"1028\">Be silikon\u0173 ir paraben\u0173<\/p>\n<\/li>\n<\/ul>\n<p data-start=\"1030\" data-end=\"1234\"><strong data-start=\"1030\" data-end=\"1045\">Naudojimas:<\/strong> Nedidel\u012f kiek\u012f \u0161amp\u016bno \u012fmasa\u017euokite \u012f dr\u0117gnus plaukus ir galvos od\u0105, palikite kelioms minut\u0117ms ir gerai nuskalaukite vandeniu. Reguliariai naudojant \u2013 matomi rezultatai jau po keli\u0173 kart\u0173.<\/p>\n","protected":false},"featured_media":16456,"comment_status":"open","ping_status":"closed","template":"","meta":[],"product_brand":[],"product_cat":[43,222],"product_tag":[],"class_list":{"0":"post-16452","1":"product","2":"type-product","3":"status-publish","4":"has-post-thumbnail","6":"product_cat-grozis","7":"product_cat-plauku-prieziuros-priemones","9":"first","10":"instock","11":"taxable","12":"shipping-taxable","13":"purchasable","14":"product-type-simple"},"_links":{"self":[{"href":"https:\/\/thequeenhouse.co.uk\/lt\/wp-json\/wp\/v2\/product\/16452","targetHints":{"allow":["GET"]}}],"collection":[{"href":"https:\/\/thequeenhouse.co.uk\/lt\/wp-json\/wp\/v2\/product"}],"about":[{"href":"https:\/\/thequeenhouse.co.uk\/lt\/wp-json\/wp\/v2\/types\/product"}],"replies":[{"embeddable":true,"href":"https:\/\/thequeenhouse.co.uk\/lt\/wp-json\/wp\/v2\/comments?post=16452"}],"wp:featuredmedia":[{"embeddable":true,"href":"https:\/\/thequeenhouse.co.uk\/lt\/wp-json\/wp\/v2\/media\/16456"}],"wp:attachment":[{"href":"https:\/\/thequeenhouse.co.uk\/lt\/wp-json\/wp\/v2\/media?parent=16452"}],"wp:term":[{"taxonomy":"product_brand","embeddable":true,"href":"https:\/\/thequeenhouse.co.uk\/lt\/wp-json\/wp\/v2\/product_brand?post=16452"},{"taxonomy":"product_cat","embeddable":true,"href":"https:\/\/thequeenhouse.co.uk\/lt\/wp-json\/wp\/v2\/product_cat?post=16452"},{"taxonomy":"product_tag","embeddable":true,"href":"https:\/\/thequeenhouse.co.uk\/lt\/wp-json\/wp\/v2\/product_tag?post=16452"}],"curies":[{"name":"wp","href":"https:\/\/api.w.org\/{rel}","templated":true}]}}