{"id":16458,"date":"2025-12-10T16:10:48","date_gmt":"2025-12-10T15:10:48","guid":{"rendered":"https:\/\/thequeenhouse.co.uk\/?post_type=product&#038;p=16458"},"modified":"2025-12-10T16:14:49","modified_gmt":"2025-12-10T15:14:49","slug":"agiva-dubai-chocolate-duso-gelis-500ml-copy-copy","status":"publish","type":"product","link":"https:\/\/thequeenhouse.co.uk\/lt\/produktas\/agiva-dubai-chocolate-duso-gelis-500ml-copy-copy\/","title":{"rendered":"Agiva &#8211; Ylang Ylang Liposomed C Plauk\u0173 Kauk\u0117 300ml"},"content":{"rendered":"<h3 data-start=\"127\" data-end=\"179\"><strong data-start=\"131\" data-end=\"177\">AGIVA YLANG YLANG LIPOSOMED C PLAUK\u0172 KAUK\u0116<\/strong><\/h3>\n<p data-start=\"180\" data-end=\"244\"><strong data-start=\"180\" data-end=\"244\">Gili regeneracija \u2013 tikriems poky\u010diams nuo \u0161akn\u0173 iki galiuk\u0173<\/strong><\/p>\n<p data-start=\"246\" data-end=\"612\">AGIVA Ylang Ylang <strong data-start=\"264\" data-end=\"279\">Liposomed C<\/strong> plauk\u0173 kauk\u0117 \u2013 tai intensyviai veikianti atkuriamoji priemon\u0117, sukurta specialiai <strong data-start=\"362\" data-end=\"418\">pa\u017eeistiems, nusilpusiems ir l\u016b\u017ein\u0117jantiems plaukams<\/strong>. Jos <strong data-start=\"424\" data-end=\"445\">inovatyvi formul\u0117<\/strong> su <strong data-start=\"449\" data-end=\"475\">liposominiu vitaminu C<\/strong>, <strong data-start=\"477\" data-end=\"499\">augaliniu keratinu<\/strong>, <strong data-start=\"501\" data-end=\"515\">vitaminu E<\/strong> ir <strong data-start=\"519\" data-end=\"538\">argano aliejumi<\/strong> veikia tiesiogiai plauko viduje \u2013 maitina, stiprina ir atstato strukt\u016br\u0105.<\/p>\n<p data-start=\"614\" data-end=\"885\">\u0160i kauk\u0117 padeda <strong data-start=\"630\" data-end=\"662\">atkurti prarast\u0105 elastingum\u0105<\/strong>, <strong data-start=\"664\" data-end=\"687\">suma\u017eina l\u016b\u017ein\u0117jim\u0105<\/strong>, suteikia <strong data-start=\"698\" data-end=\"722\">nat\u016bralaus \u017evilgesio<\/strong> ir saugo plaukus nuo i\u0161orini\u0173 pa\u017eeidim\u0173. Be to, ji <strong data-start=\"774\" data-end=\"801\">be paraben\u0173 ir silikon\u0173<\/strong>, tod\u0117l puikiai tinka tiek profesionaliam naudojimui gro\u017eio salonuose, tiek namuose.<\/p>\n<p data-start=\"887\" data-end=\"917\">\u2705 <strong data-start=\"889\" data-end=\"917\">Pagrindiniai privalumai:<\/strong><\/p>\n<ul data-start=\"918\" data-end=\"1101\">\n<li data-start=\"918\" data-end=\"970\">\n<p data-start=\"920\" data-end=\"970\">Intensyviai atkuria ir stiprina plauk\u0173 strukt\u016br\u0105<\/p>\n<\/li>\n<li data-start=\"971\" data-end=\"1000\">\n<p data-start=\"973\" data-end=\"1000\">Giliai dr\u0117kina ir maitina<\/p>\n<\/li>\n<li data-start=\"1001\" data-end=\"1038\">\n<p data-start=\"1003\" data-end=\"1038\">Saugo nuo l\u016b\u017ein\u0117jimo ir saus\u0117jimo<\/p>\n<\/li>\n<li data-start=\"1039\" data-end=\"1073\">\n<p data-start=\"1041\" data-end=\"1073\">Suteikia glotnumo ir \u017evilgesio<\/p>\n<\/li>\n<li data-start=\"1074\" data-end=\"1101\">\n<p data-start=\"1076\" data-end=\"1101\">Be silikon\u0173 ir paraben\u0173<\/p>\n<\/li>\n<\/ul>\n<p data-start=\"1103\" data-end=\"1132\">\ud83d\udd2c <strong data-start=\"1106\" data-end=\"1132\">Veikliosios med\u017eiagos:<\/strong><\/p>\n<ul data-start=\"1133\" data-end=\"1401\">\n<li data-start=\"1133\" data-end=\"1209\">\n<p data-start=\"1135\" data-end=\"1209\"><strong data-start=\"1135\" data-end=\"1162\">Liposominis vitaminas C<\/strong> \u2013 skatina kolageno sintez\u0119, stiprina plaukus<\/p>\n<\/li>\n<li data-start=\"1210\" data-end=\"1276\">\n<p data-start=\"1212\" data-end=\"1276\"><strong data-start=\"1212\" data-end=\"1235\">Augalinis keratinas<\/strong> \u2013 atkuria ir apsaugo pa\u017eeistus plaukus<\/p>\n<\/li>\n<li data-start=\"1277\" data-end=\"1329\">\n<p data-start=\"1279\" data-end=\"1329\"><strong data-start=\"1279\" data-end=\"1294\">Vitaminas E<\/strong> \u2013 gerina kraujotak\u0105 galvos odoje<\/p>\n<\/li>\n<li data-start=\"1330\" data-end=\"1401\">\n<p data-start=\"1332\" data-end=\"1401\"><strong data-start=\"1332\" data-end=\"1350\">Argano aliejus<\/strong> \u2013 maitina, lygina galiukus ir suteikia elastingumo<\/p>\n<\/li>\n<\/ul>\n<p data-start=\"1403\" data-end=\"1423\">\ud83d\udccc <strong data-start=\"1406\" data-end=\"1421\">Naudojimas:<\/strong><\/p>\n<ol data-start=\"1424\" data-end=\"1594\">\n<li data-start=\"1424\" data-end=\"1491\">\n<p data-start=\"1427\" data-end=\"1491\">Tepkite kauk\u0119 ant \u0161vari\u0173, dr\u0117gn\u0173 plauk\u0173 nuo \u0161akn\u0173 iki galiuk\u0173.<\/p>\n<\/li>\n<li data-start=\"1492\" data-end=\"1549\">\n<p data-start=\"1495\" data-end=\"1549\">Tolygiai paskirstykite ir palaikykite 10\u201315 minu\u010di\u0173.<\/p>\n<\/li>\n<li data-start=\"1550\" data-end=\"1594\">\n<p data-start=\"1553\" data-end=\"1594\">Kruop\u0161\u010diai nuskalaukite drungnu vandeniu.<\/p>\n<\/li>\n<\/ol>\n<p data-start=\"1596\" data-end=\"1671\">\ud83d\udd01 Naudokite <strong data-start=\"1609\" data-end=\"1635\">1\u20132 kartus per savait\u0119<\/strong> \u2013 maksimaliam atkuriamajam efektui.<\/p>\n","protected":false},"excerpt":{"rendered":"<h3 data-start=\"127\" data-end=\"179\"><strong data-start=\"131\" data-end=\"177\">AGIVA YLANG YLANG LIPOSOMED C PLAUK\u0172 KAUK\u0116<\/strong><\/h3>\n<p data-start=\"180\" data-end=\"244\"><strong data-start=\"180\" data-end=\"244\">Gili regeneracija \u2013 tikriems poky\u010diams nuo \u0161akn\u0173 iki galiuk\u0173<\/strong><\/p>\n<p data-start=\"246\" data-end=\"612\">AGIVA Ylang Ylang <strong data-start=\"264\" data-end=\"279\">Liposomed C<\/strong> plauk\u0173 kauk\u0117 \u2013 tai intensyviai veikianti atkuriamoji priemon\u0117, sukurta specialiai <strong data-start=\"362\" data-end=\"418\">pa\u017eeistiems, nusilpusiems ir l\u016b\u017ein\u0117jantiems plaukams<\/strong>. Jos <strong data-start=\"424\" data-end=\"445\">inovatyvi formul\u0117<\/strong> su <strong data-start=\"449\" data-end=\"475\">liposominiu vitaminu C<\/strong>, <strong data-start=\"477\" data-end=\"499\">augaliniu keratinu<\/strong>, <strong data-start=\"501\" data-end=\"515\">vitaminu E<\/strong> ir <strong data-start=\"519\" data-end=\"538\">argano aliejumi<\/strong> veikia tiesiogiai plauko viduje \u2013 maitina, stiprina ir atstato strukt\u016br\u0105.<\/p>\n<p data-start=\"614\" data-end=\"885\">\u0160i kauk\u0117 padeda <strong data-start=\"630\" data-end=\"662\">atkurti prarast\u0105 elastingum\u0105<\/strong>, <strong data-start=\"664\" data-end=\"687\">suma\u017eina l\u016b\u017ein\u0117jim\u0105<\/strong>, suteikia <strong data-start=\"698\" data-end=\"722\">nat\u016bralaus \u017evilgesio<\/strong> ir saugo plaukus nuo i\u0161orini\u0173 pa\u017eeidim\u0173. Be to, ji <strong data-start=\"774\" data-end=\"801\">be paraben\u0173 ir silikon\u0173<\/strong>, tod\u0117l puikiai tinka tiek profesionaliam naudojimui gro\u017eio salonuose, tiek namuose.<\/p>\n<p data-start=\"887\" data-end=\"917\">\u2705 <strong data-start=\"889\" data-end=\"917\">Pagrindiniai privalumai:<\/strong><\/p>\n<ul data-start=\"918\" data-end=\"1101\">\n<li data-start=\"918\" data-end=\"970\">\n<p data-start=\"920\" data-end=\"970\">Intensyviai atkuria ir stiprina plauk\u0173 strukt\u016br\u0105<\/p>\n<\/li>\n<li data-start=\"971\" data-end=\"1000\">\n<p data-start=\"973\" data-end=\"1000\">Giliai dr\u0117kina ir maitina<\/p>\n<\/li>\n<li data-start=\"1001\" data-end=\"1038\">\n<p data-start=\"1003\" data-end=\"1038\">Saugo nuo l\u016b\u017ein\u0117jimo ir saus\u0117jimo<\/p>\n<\/li>\n<li data-start=\"1039\" data-end=\"1073\">\n<p data-start=\"1041\" data-end=\"1073\">Suteikia glotnumo ir \u017evilgesio<\/p>\n<\/li>\n<li data-start=\"1074\" data-end=\"1101\">\n<p data-start=\"1076\" data-end=\"1101\">Be silikon\u0173 ir paraben\u0173<\/p>\n<\/li>\n<\/ul>\n<p data-start=\"1103\" data-end=\"1132\">\ud83d\udd2c <strong data-start=\"1106\" data-end=\"1132\">Veikliosios med\u017eiagos:<\/strong><\/p>\n<ul data-start=\"1133\" data-end=\"1401\">\n<li data-start=\"1133\" data-end=\"1209\">\n<p data-start=\"1135\" data-end=\"1209\"><strong data-start=\"1135\" data-end=\"1162\">Liposominis vitaminas C<\/strong> \u2013 skatina kolageno sintez\u0119, stiprina plaukus<\/p>\n<\/li>\n<li data-start=\"1210\" data-end=\"1276\">\n<p data-start=\"1212\" data-end=\"1276\"><strong data-start=\"1212\" data-end=\"1235\">Augalinis keratinas<\/strong> \u2013 atkuria ir apsaugo pa\u017eeistus plaukus<\/p>\n<\/li>\n<li data-start=\"1277\" data-end=\"1329\">\n<p data-start=\"1279\" data-end=\"1329\"><strong data-start=\"1279\" data-end=\"1294\">Vitaminas E<\/strong> \u2013 gerina kraujotak\u0105 galvos odoje<\/p>\n<\/li>\n<li data-start=\"1330\" data-end=\"1401\">\n<p data-start=\"1332\" data-end=\"1401\"><strong data-start=\"1332\" data-end=\"1350\">Argano aliejus<\/strong> \u2013 maitina, lygina galiukus ir suteikia elastingumo<\/p>\n<\/li>\n<\/ul>\n<p data-start=\"1403\" data-end=\"1423\">\ud83d\udccc <strong data-start=\"1406\" data-end=\"1421\">Naudojimas:<\/strong><\/p>\n<ol data-start=\"1424\" data-end=\"1594\">\n<li data-start=\"1424\" data-end=\"1491\">\n<p data-start=\"1427\" data-end=\"1491\">Tepkite kauk\u0119 ant \u0161vari\u0173, dr\u0117gn\u0173 plauk\u0173 nuo \u0161akn\u0173 iki galiuk\u0173.<\/p>\n<\/li>\n<li data-start=\"1492\" data-end=\"1549\">\n<p data-start=\"1495\" data-end=\"1549\">Tolygiai paskirstykite ir palaikykite 10\u201315 minu\u010di\u0173.<\/p>\n<\/li>\n<li data-start=\"1550\" data-end=\"1594\">\n<p data-start=\"1553\" data-end=\"1594\">Kruop\u0161\u010diai nuskalaukite drungnu vandeniu.<\/p>\n<\/li>\n<\/ol>\n<p data-start=\"1596\" data-end=\"1671\">\ud83d\udd01 Naudokite <strong data-start=\"1609\" data-end=\"1635\">1\u20132 kartus per savait\u0119<\/strong> \u2013 maksimaliam atkuriamajam efektui.<\/p>\n","protected":false},"featured_media":16454,"comment_status":"open","ping_status":"closed","template":"","meta":[],"product_brand":[],"product_cat":[43,222],"product_tag":[],"class_list":{"0":"post-16458","1":"product","2":"type-product","3":"status-publish","4":"has-post-thumbnail","6":"product_cat-grozis","7":"product_cat-plauku-prieziuros-priemones","9":"first","10":"instock","11":"taxable","12":"shipping-taxable","13":"purchasable","14":"product-type-simple"},"_links":{"self":[{"href":"https:\/\/thequeenhouse.co.uk\/lt\/wp-json\/wp\/v2\/product\/16458","targetHints":{"allow":["GET"]}}],"collection":[{"href":"https:\/\/thequeenhouse.co.uk\/lt\/wp-json\/wp\/v2\/product"}],"about":[{"href":"https:\/\/thequeenhouse.co.uk\/lt\/wp-json\/wp\/v2\/types\/product"}],"replies":[{"embeddable":true,"href":"https:\/\/thequeenhouse.co.uk\/lt\/wp-json\/wp\/v2\/comments?post=16458"}],"wp:featuredmedia":[{"embeddable":true,"href":"https:\/\/thequeenhouse.co.uk\/lt\/wp-json\/wp\/v2\/media\/16454"}],"wp:attachment":[{"href":"https:\/\/thequeenhouse.co.uk\/lt\/wp-json\/wp\/v2\/media?parent=16458"}],"wp:term":[{"taxonomy":"product_brand","embeddable":true,"href":"https:\/\/thequeenhouse.co.uk\/lt\/wp-json\/wp\/v2\/product_brand?post=16458"},{"taxonomy":"product_cat","embeddable":true,"href":"https:\/\/thequeenhouse.co.uk\/lt\/wp-json\/wp\/v2\/product_cat?post=16458"},{"taxonomy":"product_tag","embeddable":true,"href":"https:\/\/thequeenhouse.co.uk\/lt\/wp-json\/wp\/v2\/product_tag?post=16458"}],"curies":[{"name":"wp","href":"https:\/\/api.w.org\/{rel}","templated":true}]}}