{"id":16462,"date":"2025-12-10T17:42:05","date_gmt":"2025-12-10T16:42:05","guid":{"rendered":"https:\/\/thequeenhouse.co.uk\/?post_type=product&#038;p=16462"},"modified":"2025-12-10T19:49:55","modified_gmt":"2025-12-10T18:49:55","slug":"agiva-ylang-ylang-liposomed-c-sampunas-500ml-copy","status":"publish","type":"product","link":"https:\/\/thequeenhouse.co.uk\/lt\/produktas\/agiva-ylang-ylang-liposomed-c-sampunas-500ml-copy\/","title":{"rendered":"Agiva &#8211; 8D HYALURON \u0160amp\u016bnas &#8211; 500ml"},"content":{"rendered":"<h3 data-start=\"82\" data-end=\"118\"><strong data-start=\"86\" data-end=\"116\">AGIVA 8D HYALURON \u0160amp\u016bnas<\/strong><\/h3>\n<p data-start=\"119\" data-end=\"198\"><strong data-start=\"119\" data-end=\"198\">Gilus dr\u0117kinimas ir apsauga sausiems, silpniems bei l\u016b\u017ein\u0117jantiems plaukams<\/strong><\/p>\n<p data-start=\"200\" data-end=\"495\">AGIVA 8D HYALURON \u0161amp\u016bnas \u2013 tai intensyviai dr\u0117kinanti priemon\u0117, praturtinta <strong data-start=\"278\" data-end=\"329\">daugiasluoksniu 8D hialurono r\u016bg\u0161ties kompleksu<\/strong> bei augaliniais ekstraktais. Sukurtas specialiai sausiems ir gyvybingum\u0105 praradusiems plaukams, jis padeda atkurti j\u0173 <strong data-start=\"448\" data-end=\"494\">elastingum\u0105, \u0161velnum\u0105 ir nat\u016bral\u0173 spindes\u012f<\/strong>.<\/p>\n<p data-start=\"497\" data-end=\"718\">Hialurono r\u016bg\u0161tis efektyviai <strong data-start=\"526\" data-end=\"558\">sulaiko dr\u0117gm\u0119 plauko viduje<\/strong>, suteikdama ilgalaik\u012f dr\u0117kinimo efekt\u0105. Augalin\u0117s kilm\u0117s ingredientai maitina, stiprina plaukus nuo \u0161akn\u0173 iki galiuk\u0173 ir apsaugo nuo \u017ealingo aplinkos poveikio.<\/p>\n<p data-start=\"720\" data-end=\"752\">\u2705 <strong data-start=\"722\" data-end=\"750\">Pagrindiniai privalumai:<\/strong><\/p>\n<ul data-start=\"753\" data-end=\"947\">\n<li data-start=\"753\" data-end=\"801\">\n<p data-start=\"755\" data-end=\"801\">Dr\u0117kina ir atgaivina net itin sausus plaukus<\/p>\n<\/li>\n<li data-start=\"802\" data-end=\"844\">\n<p data-start=\"804\" data-end=\"844\">Padeda suma\u017einti l\u016b\u017ein\u0117jim\u0105 ir sausum\u0105<\/p>\n<\/li>\n<li data-start=\"845\" data-end=\"887\">\n<p data-start=\"847\" data-end=\"887\">Gr\u0105\u017eina \u0161velnum\u0105, glotnum\u0105 ir \u017evilges\u012f<\/p>\n<\/li>\n<li data-start=\"888\" data-end=\"919\">\n<p data-start=\"890\" data-end=\"919\">Tinka kasdieniam naudojimui<\/p>\n<\/li>\n<li data-start=\"920\" data-end=\"947\">\n<p data-start=\"922\" data-end=\"947\">Be paraben\u0173 ir silikon\u0173<\/p>\n<\/li>\n<\/ul>\n<p data-start=\"949\" data-end=\"1129\">\ud83d\udccc <strong data-start=\"952\" data-end=\"967\">Naudojimas:<\/strong><br data-start=\"967\" data-end=\"970\" \/>Nedidel\u012f kiek\u012f \u0161amp\u016bno paskirstykite ant dr\u0117gn\u0173 plauk\u0173. \u0160velniai \u012fmasa\u017euokite \u012f galvos od\u0105 ir plaukus, trumpam palaikykite, tuomet gerai nuskalaukite vandeniu.<\/p>\n<p data-start=\"1131\" data-end=\"1201\">\ud83d\udd01 Rekomenduojama naudoti <strong data-start=\"1157\" data-end=\"1172\">reguliariai<\/strong> maksimaliai naudai pasiekti.<\/p>\n","protected":false},"excerpt":{"rendered":"<h3 data-start=\"82\" data-end=\"118\"><strong data-start=\"86\" data-end=\"116\">AGIVA 8D HYALURON \u0160amp\u016bnas<\/strong><\/h3>\n<p data-start=\"119\" data-end=\"198\"><strong data-start=\"119\" data-end=\"198\">Gilus dr\u0117kinimas ir apsauga sausiems, silpniems bei l\u016b\u017ein\u0117jantiems plaukams<\/strong><\/p>\n<p data-start=\"200\" data-end=\"495\">AGIVA 8D HYALURON \u0161amp\u016bnas \u2013 tai intensyviai dr\u0117kinanti priemon\u0117, praturtinta <strong data-start=\"278\" data-end=\"329\">daugiasluoksniu 8D hialurono r\u016bg\u0161ties kompleksu<\/strong> bei augaliniais ekstraktais. Sukurtas specialiai sausiems ir gyvybingum\u0105 praradusiems plaukams, jis padeda atkurti j\u0173 <strong data-start=\"448\" data-end=\"494\">elastingum\u0105, \u0161velnum\u0105 ir nat\u016bral\u0173 spindes\u012f<\/strong>.<\/p>\n<p data-start=\"497\" data-end=\"718\">Hialurono r\u016bg\u0161tis efektyviai <strong data-start=\"526\" data-end=\"558\">sulaiko dr\u0117gm\u0119 plauko viduje<\/strong>, suteikdama ilgalaik\u012f dr\u0117kinimo efekt\u0105. Augalin\u0117s kilm\u0117s ingredientai maitina, stiprina plaukus nuo \u0161akn\u0173 iki galiuk\u0173 ir apsaugo nuo \u017ealingo aplinkos poveikio.<\/p>\n<p data-start=\"720\" data-end=\"752\">\u2705 <strong data-start=\"722\" data-end=\"750\">Pagrindiniai privalumai:<\/strong><\/p>\n<ul data-start=\"753\" data-end=\"947\">\n<li data-start=\"753\" data-end=\"801\">\n<p data-start=\"755\" data-end=\"801\">Dr\u0117kina ir atgaivina net itin sausus plaukus<\/p>\n<\/li>\n<li data-start=\"802\" data-end=\"844\">\n<p data-start=\"804\" data-end=\"844\">Padeda suma\u017einti l\u016b\u017ein\u0117jim\u0105 ir sausum\u0105<\/p>\n<\/li>\n<li data-start=\"845\" data-end=\"887\">\n<p data-start=\"847\" data-end=\"887\">Gr\u0105\u017eina \u0161velnum\u0105, glotnum\u0105 ir \u017evilges\u012f<\/p>\n<\/li>\n<li data-start=\"888\" data-end=\"919\">\n<p data-start=\"890\" data-end=\"919\">Tinka kasdieniam naudojimui<\/p>\n<\/li>\n<li data-start=\"920\" data-end=\"947\">\n<p data-start=\"922\" data-end=\"947\">Be paraben\u0173 ir silikon\u0173<\/p>\n<\/li>\n<\/ul>\n<p data-start=\"949\" data-end=\"1129\">\ud83d\udccc <strong data-start=\"952\" data-end=\"967\">Naudojimas:<\/strong><br data-start=\"967\" data-end=\"970\" \/>Nedidel\u012f kiek\u012f \u0161amp\u016bno paskirstykite ant dr\u0117gn\u0173 plauk\u0173. \u0160velniai \u012fmasa\u017euokite \u012f galvos od\u0105 ir plaukus, trumpam palaikykite, tuomet gerai nuskalaukite vandeniu.<\/p>\n<p data-start=\"1131\" data-end=\"1201\">\ud83d\udd01 Rekomenduojama naudoti <strong data-start=\"1157\" data-end=\"1172\">reguliariai<\/strong> maksimaliai naudai pasiekti.<\/p>\n","protected":false},"featured_media":16466,"comment_status":"open","ping_status":"closed","template":"","meta":[],"product_brand":[],"product_cat":[43,222],"product_tag":[],"class_list":{"0":"post-16462","1":"product","2":"type-product","3":"status-publish","4":"has-post-thumbnail","6":"product_cat-grozis","7":"product_cat-plauku-prieziuros-priemones","9":"first","10":"instock","11":"taxable","12":"shipping-taxable","13":"purchasable","14":"product-type-simple"},"_links":{"self":[{"href":"https:\/\/thequeenhouse.co.uk\/lt\/wp-json\/wp\/v2\/product\/16462","targetHints":{"allow":["GET"]}}],"collection":[{"href":"https:\/\/thequeenhouse.co.uk\/lt\/wp-json\/wp\/v2\/product"}],"about":[{"href":"https:\/\/thequeenhouse.co.uk\/lt\/wp-json\/wp\/v2\/types\/product"}],"replies":[{"embeddable":true,"href":"https:\/\/thequeenhouse.co.uk\/lt\/wp-json\/wp\/v2\/comments?post=16462"}],"wp:featuredmedia":[{"embeddable":true,"href":"https:\/\/thequeenhouse.co.uk\/lt\/wp-json\/wp\/v2\/media\/16466"}],"wp:attachment":[{"href":"https:\/\/thequeenhouse.co.uk\/lt\/wp-json\/wp\/v2\/media?parent=16462"}],"wp:term":[{"taxonomy":"product_brand","embeddable":true,"href":"https:\/\/thequeenhouse.co.uk\/lt\/wp-json\/wp\/v2\/product_brand?post=16462"},{"taxonomy":"product_cat","embeddable":true,"href":"https:\/\/thequeenhouse.co.uk\/lt\/wp-json\/wp\/v2\/product_cat?post=16462"},{"taxonomy":"product_tag","embeddable":true,"href":"https:\/\/thequeenhouse.co.uk\/lt\/wp-json\/wp\/v2\/product_tag?post=16462"}],"curies":[{"name":"wp","href":"https:\/\/api.w.org\/{rel}","templated":true}]}}