{"id":16471,"date":"2025-12-10T20:05:12","date_gmt":"2025-12-10T19:05:12","guid":{"rendered":"https:\/\/thequeenhouse.co.uk\/?post_type=product&#038;p=16471"},"modified":"2025-12-10T20:11:38","modified_gmt":"2025-12-10T19:11:38","slug":"agiva-8d-hyaluron-sampunas-500ml-copy","status":"publish","type":"product","link":"https:\/\/thequeenhouse.co.uk\/lt\/produktas\/agiva-8d-hyaluron-sampunas-500ml-copy\/","title":{"rendered":"Agiva &#8211; Milk Protein \u0160amp\u016bnas &#8211; 500ml"},"content":{"rendered":"<h3 data-start=\"150\" data-end=\"190\">\ud83e\uddf4 <strong data-start=\"157\" data-end=\"188\">AGIVA MILK PROTEIN \u0160AMP\u016aNAS<\/strong><\/h3>\n<p data-start=\"191\" data-end=\"227\"><strong data-start=\"191\" data-end=\"227\">Sausiems ir pa\u017eeistiems plaukams<\/strong><\/p>\n<p data-start=\"250\" data-end=\"512\">AGIVA \u0161amp\u016bnas <strong data-start=\"265\" data-end=\"281\">MILK PROTEIN<\/strong> \u2013 tai atkuriamoji prie\u017ei\u016bra sausiems ir pa\u017eeistiems plaukams. Praturtintas <strong data-start=\"357\" data-end=\"376\">pieno baltymais<\/strong>, jis suteikia plaukams gyvybi\u0161kai svarbi\u0173 maistini\u0173 med\u017eiag\u0173, kurios padeda atkurti pa\u017eeist\u0105 strukt\u016br\u0105, stiprina ir gerina elastingum\u0105.<\/p>\n<p data-start=\"514\" data-end=\"684\">Reguliariai naudojant, plaukai tampa <strong data-start=\"551\" data-end=\"590\">mink\u0161tesni, stipresni ir \u017evilgantys<\/strong>, o l\u016b\u017ein\u0117jimas \u2013 suma\u017e\u0117ja. \u0160amp\u016bnas valo \u0161velniai, tod\u0117l puikiai tinka kasdieniam naudojimui.<\/p>\n<p data-start=\"686\" data-end=\"830\"><strong data-start=\"686\" data-end=\"701\">Naudojimas:<\/strong> Nedidel\u012f kiek\u012f \u0161amp\u016bno u\u017etepkite ant dr\u0117gn\u0173 plauk\u0173, \u0161velniai \u012fmasa\u017euokite, palikite kelioms akimirkoms ir i\u0161skalaukite vandeniu.<\/p>\n","protected":false},"excerpt":{"rendered":"<h3 data-start=\"150\" data-end=\"190\">\ud83e\uddf4 <strong data-start=\"157\" data-end=\"188\">AGIVA MILK PROTEIN \u0160AMP\u016aNAS<\/strong><\/h3>\n<p data-start=\"191\" data-end=\"227\"><strong data-start=\"191\" data-end=\"227\">Sausiems ir pa\u017eeistiems plaukams<\/strong><\/p>\n<p data-start=\"250\" data-end=\"512\">AGIVA \u0161amp\u016bnas <strong data-start=\"265\" data-end=\"281\">MILK PROTEIN<\/strong> \u2013 tai atkuriamoji prie\u017ei\u016bra sausiems ir pa\u017eeistiems plaukams. Praturtintas <strong data-start=\"357\" data-end=\"376\">pieno baltymais<\/strong>, jis suteikia plaukams gyvybi\u0161kai svarbi\u0173 maistini\u0173 med\u017eiag\u0173, kurios padeda atkurti pa\u017eeist\u0105 strukt\u016br\u0105, stiprina ir gerina elastingum\u0105.<\/p>\n<p data-start=\"514\" data-end=\"684\">Reguliariai naudojant, plaukai tampa <strong data-start=\"551\" data-end=\"590\">mink\u0161tesni, stipresni ir \u017evilgantys<\/strong>, o l\u016b\u017ein\u0117jimas \u2013 suma\u017e\u0117ja. \u0160amp\u016bnas valo \u0161velniai, tod\u0117l puikiai tinka kasdieniam naudojimui.<\/p>\n<p data-start=\"686\" data-end=\"830\"><strong data-start=\"686\" data-end=\"701\">Naudojimas:<\/strong> Nedidel\u012f kiek\u012f \u0161amp\u016bno u\u017etepkite ant dr\u0117gn\u0173 plauk\u0173, \u0161velniai \u012fmasa\u017euokite, palikite kelioms akimirkoms ir i\u0161skalaukite vandeniu.<\/p>\n","protected":false},"featured_media":16475,"comment_status":"open","ping_status":"closed","template":"","meta":[],"product_brand":[],"product_cat":[43,222],"product_tag":[],"class_list":{"0":"post-16471","1":"product","2":"type-product","3":"status-publish","4":"has-post-thumbnail","6":"product_cat-grozis","7":"product_cat-plauku-prieziuros-priemones","9":"first","10":"outofstock","11":"taxable","12":"shipping-taxable","13":"purchasable","14":"product-type-simple"},"_links":{"self":[{"href":"https:\/\/thequeenhouse.co.uk\/lt\/wp-json\/wp\/v2\/product\/16471","targetHints":{"allow":["GET"]}}],"collection":[{"href":"https:\/\/thequeenhouse.co.uk\/lt\/wp-json\/wp\/v2\/product"}],"about":[{"href":"https:\/\/thequeenhouse.co.uk\/lt\/wp-json\/wp\/v2\/types\/product"}],"replies":[{"embeddable":true,"href":"https:\/\/thequeenhouse.co.uk\/lt\/wp-json\/wp\/v2\/comments?post=16471"}],"wp:featuredmedia":[{"embeddable":true,"href":"https:\/\/thequeenhouse.co.uk\/lt\/wp-json\/wp\/v2\/media\/16475"}],"wp:attachment":[{"href":"https:\/\/thequeenhouse.co.uk\/lt\/wp-json\/wp\/v2\/media?parent=16471"}],"wp:term":[{"taxonomy":"product_brand","embeddable":true,"href":"https:\/\/thequeenhouse.co.uk\/lt\/wp-json\/wp\/v2\/product_brand?post=16471"},{"taxonomy":"product_cat","embeddable":true,"href":"https:\/\/thequeenhouse.co.uk\/lt\/wp-json\/wp\/v2\/product_cat?post=16471"},{"taxonomy":"product_tag","embeddable":true,"href":"https:\/\/thequeenhouse.co.uk\/lt\/wp-json\/wp\/v2\/product_tag?post=16471"}],"curies":[{"name":"wp","href":"https:\/\/api.w.org\/{rel}","templated":true}]}}