{"id":16477,"date":"2025-12-10T20:07:44","date_gmt":"2025-12-10T19:07:44","guid":{"rendered":"https:\/\/thequeenhouse.co.uk\/?post_type=product&#038;p=16477"},"modified":"2025-12-10T20:16:21","modified_gmt":"2025-12-10T19:16:21","slug":"agiva-8d-hyaluron-sampunas-500ml-copy-copy","status":"publish","type":"product","link":"https:\/\/thequeenhouse.co.uk\/lt\/produktas\/agiva-8d-hyaluron-sampunas-500ml-copy-copy\/","title":{"rendered":"Agiva &#8211; Milk Protein Plauk\u0173 Kauk\u0117 300ml"},"content":{"rendered":"<h3 data-start=\"1478\" data-end=\"1522\">\ud83e\uddf4 <strong data-start=\"1485\" data-end=\"1520\">AGIVA MILK PROTEIN PLAUK\u0172 KAUK\u0116<\/strong><\/h3>\n<p data-start=\"1523\" data-end=\"1581\"><strong data-start=\"1523\" data-end=\"1581\">Intensyvus atstatymas sausiems ir pa\u017eeistiems plaukams<\/strong><\/p>\n<p data-start=\"1604\" data-end=\"1913\">AGIVA plauk\u0173 kauk\u0117 <strong data-start=\"1623\" data-end=\"1639\">MILK PROTEIN<\/strong> \u2013 intensyviai <strong data-start=\"1654\" data-end=\"1682\">maitinanti ir atkurianti<\/strong> formul\u0117, skirta sausiems, pa\u017eeistiems ir l\u016b\u017ein\u0117jantiems plaukams. Sud\u0117tyje esantys <strong data-start=\"1766\" data-end=\"1822\">pieno baltymai, aminor\u016bg\u0161tys, vitaminai ir argininas<\/strong> padeda atkurti plauko strukt\u016br\u0105 i\u0161 vidaus, gerina elastingum\u0105 ir suteikia sveik\u0105 \u017evilges\u012f.<\/p>\n<p data-start=\"1915\" data-end=\"2021\">Po naudojimo plaukai tampa <strong data-start=\"1942\" data-end=\"1984\">\u0161velnesni, glotnesni, lengviau valdomi<\/strong> ir apsaugoti nuo tolesnio pa\u017eeidimo.<\/p>\n<p data-start=\"2023\" data-end=\"2057\">\u2705 <strong data-start=\"2025\" data-end=\"2055\">Pagrindiniai ingredientai:<\/strong><\/p>\n<ul data-start=\"2058\" data-end=\"2238\">\n<li data-start=\"2058\" data-end=\"2103\">\n<p data-start=\"2060\" data-end=\"2103\"><strong data-start=\"2060\" data-end=\"2078\">Pieno baltymai<\/strong> \u2013 dr\u0117kina ir stiprina.<\/p>\n<\/li>\n<li data-start=\"2104\" data-end=\"2145\">\n<p data-start=\"2106\" data-end=\"2145\"><strong data-start=\"2106\" data-end=\"2122\">Aminor\u016bg\u0161tys<\/strong> \u2013 suteikia glotnumo.<\/p>\n<\/li>\n<li data-start=\"2146\" data-end=\"2185\">\n<p data-start=\"2148\" data-end=\"2185\"><strong data-start=\"2148\" data-end=\"2161\">Argininas<\/strong> \u2013 stimuliuoja augim\u0105.<\/p>\n<\/li>\n<li data-start=\"2186\" data-end=\"2238\">\n<p data-start=\"2188\" data-end=\"2238\"><strong data-start=\"2188\" data-end=\"2201\">Vitaminai<\/strong> \u2013 suteikia spindesio ir gyvybingumo.<\/p>\n<\/li>\n<\/ul>\n<p data-start=\"2240\" data-end=\"2364\"><strong data-start=\"2240\" data-end=\"2255\">Naudojimas:<\/strong> Tepkite ant \u0161vari\u0173, dr\u0117gn\u0173 plauk\u0173, palaikykite 10\u201315 min. ir i\u0161skalaukite. Naudokite 1\u20132 kartus per savait\u0119.<\/p>\n","protected":false},"excerpt":{"rendered":"<h3 data-start=\"1478\" data-end=\"1522\">\ud83e\uddf4 <strong data-start=\"1485\" data-end=\"1520\">AGIVA MILK PROTEIN PLAUK\u0172 KAUK\u0116<\/strong><\/h3>\n<p data-start=\"1523\" data-end=\"1581\"><strong data-start=\"1523\" data-end=\"1581\">Intensyvus atstatymas sausiems ir pa\u017eeistiems plaukams<\/strong><\/p>\n<p data-start=\"1604\" data-end=\"1913\">AGIVA plauk\u0173 kauk\u0117 <strong data-start=\"1623\" data-end=\"1639\">MILK PROTEIN<\/strong> \u2013 intensyviai <strong data-start=\"1654\" data-end=\"1682\">maitinanti ir atkurianti<\/strong> formul\u0117, skirta sausiems, pa\u017eeistiems ir l\u016b\u017ein\u0117jantiems plaukams. Sud\u0117tyje esantys <strong data-start=\"1766\" data-end=\"1822\">pieno baltymai, aminor\u016bg\u0161tys, vitaminai ir argininas<\/strong> padeda atkurti plauko strukt\u016br\u0105 i\u0161 vidaus, gerina elastingum\u0105 ir suteikia sveik\u0105 \u017evilges\u012f.<\/p>\n<p data-start=\"1915\" data-end=\"2021\">Po naudojimo plaukai tampa <strong data-start=\"1942\" data-end=\"1984\">\u0161velnesni, glotnesni, lengviau valdomi<\/strong> ir apsaugoti nuo tolesnio pa\u017eeidimo.<\/p>\n<p data-start=\"2023\" data-end=\"2057\">\u2705 <strong data-start=\"2025\" data-end=\"2055\">Pagrindiniai ingredientai:<\/strong><\/p>\n<ul data-start=\"2058\" data-end=\"2238\">\n<li data-start=\"2058\" data-end=\"2103\">\n<p data-start=\"2060\" data-end=\"2103\"><strong data-start=\"2060\" data-end=\"2078\">Pieno baltymai<\/strong> \u2013 dr\u0117kina ir stiprina.<\/p>\n<\/li>\n<li data-start=\"2104\" data-end=\"2145\">\n<p data-start=\"2106\" data-end=\"2145\"><strong data-start=\"2106\" data-end=\"2122\">Aminor\u016bg\u0161tys<\/strong> \u2013 suteikia glotnumo.<\/p>\n<\/li>\n<li data-start=\"2146\" data-end=\"2185\">\n<p data-start=\"2148\" data-end=\"2185\"><strong data-start=\"2148\" data-end=\"2161\">Argininas<\/strong> \u2013 stimuliuoja augim\u0105.<\/p>\n<\/li>\n<li data-start=\"2186\" data-end=\"2238\">\n<p data-start=\"2188\" data-end=\"2238\"><strong data-start=\"2188\" data-end=\"2201\">Vitaminai<\/strong> \u2013 suteikia spindesio ir gyvybingumo.<\/p>\n<\/li>\n<\/ul>\n<p data-start=\"2240\" data-end=\"2364\"><strong data-start=\"2240\" data-end=\"2255\">Naudojimas:<\/strong> Tepkite ant \u0161vari\u0173, dr\u0117gn\u0173 plauk\u0173, palaikykite 10\u201315 min. ir i\u0161skalaukite. Naudokite 1\u20132 kartus per savait\u0119.<\/p>\n","protected":false},"featured_media":16473,"comment_status":"open","ping_status":"closed","template":"","meta":[],"product_brand":[],"product_cat":[43,222],"product_tag":[],"class_list":{"0":"post-16477","1":"product","2":"type-product","3":"status-publish","4":"has-post-thumbnail","6":"product_cat-grozis","7":"product_cat-plauku-prieziuros-priemones","9":"first","10":"instock","11":"taxable","12":"shipping-taxable","13":"purchasable","14":"product-type-simple"},"_links":{"self":[{"href":"https:\/\/thequeenhouse.co.uk\/lt\/wp-json\/wp\/v2\/product\/16477","targetHints":{"allow":["GET"]}}],"collection":[{"href":"https:\/\/thequeenhouse.co.uk\/lt\/wp-json\/wp\/v2\/product"}],"about":[{"href":"https:\/\/thequeenhouse.co.uk\/lt\/wp-json\/wp\/v2\/types\/product"}],"replies":[{"embeddable":true,"href":"https:\/\/thequeenhouse.co.uk\/lt\/wp-json\/wp\/v2\/comments?post=16477"}],"wp:featuredmedia":[{"embeddable":true,"href":"https:\/\/thequeenhouse.co.uk\/lt\/wp-json\/wp\/v2\/media\/16473"}],"wp:attachment":[{"href":"https:\/\/thequeenhouse.co.uk\/lt\/wp-json\/wp\/v2\/media?parent=16477"}],"wp:term":[{"taxonomy":"product_brand","embeddable":true,"href":"https:\/\/thequeenhouse.co.uk\/lt\/wp-json\/wp\/v2\/product_brand?post=16477"},{"taxonomy":"product_cat","embeddable":true,"href":"https:\/\/thequeenhouse.co.uk\/lt\/wp-json\/wp\/v2\/product_cat?post=16477"},{"taxonomy":"product_tag","embeddable":true,"href":"https:\/\/thequeenhouse.co.uk\/lt\/wp-json\/wp\/v2\/product_tag?post=16477"}],"curies":[{"name":"wp","href":"https:\/\/api.w.org\/{rel}","templated":true}]}}