{"id":16479,"date":"2025-12-10T20:18:23","date_gmt":"2025-12-10T19:18:23","guid":{"rendered":"https:\/\/thequeenhouse.co.uk\/?post_type=product&#038;p=16479"},"modified":"2025-12-10T20:21:22","modified_gmt":"2025-12-10T19:21:22","slug":"cherry-paradise-eau-de-parfum-100-ml-copy","status":"publish","type":"product","link":"https:\/\/thequeenhouse.co.uk\/lt\/produktas\/cherry-paradise-eau-de-parfum-100-ml-copy\/","title":{"rendered":"Saphir &#8211; Expresso Noir EDP Parfum 100 ml"},"content":{"rendered":"<h3 data-start=\"144\" data-end=\"209\"><strong data-start=\"148\" data-end=\"209\">SAPHIR Expresso Noir \u2013 I\u0161rai\u0161kingas kvapas be \u017eod\u017ei\u0173<\/strong><\/h3>\n<p data-start=\"211\" data-end=\"543\">Ie\u0161kote kvapo, kuris atskleist\u0173 j\u016bs\u0173 unikalum\u0105 ir stili\u0173 be \u017eod\u017ei\u0173? <strong data-start=\"279\" data-end=\"303\">SAPHIR Expresso Noir<\/strong> \u2013 tai unikalus unisex kvapas, kuriame susilieja <strong data-start=\"352\" data-end=\"428\">tamsi espreso kava, jausminga oda, \u0161ildantys prieskoniai ir saldi vanil\u0117<\/strong>. Gili, \u0161ilta ir ilgai i\u0161liekanti kvap\u0173 kompozicija puikiai tiks <strong data-start=\"493\" data-end=\"542\">v\u0117sesniam orui, vakarui ar ypatingoms progoms<\/strong>.<\/p>\n<p data-start=\"545\" data-end=\"709\">\u0160is aromatas spinduliuoja <strong data-start=\"571\" data-end=\"616\">brand\u0105, pasitik\u0117jim\u0105 savimi ir elegancij\u0105<\/strong>, tod\u0117l puikiai tinka tiek vyrams, tiek moterims, ie\u0161kantiems kvapo, kuris nepaliks abejing\u0173.<\/p>\n<p data-start=\"711\" data-end=\"887\">\ud83d\udda4 <strong data-start=\"714\" data-end=\"730\">Kvapo natos:<\/strong><br data-start=\"730\" data-end=\"733\" \/>\u2022 <strong data-start=\"735\" data-end=\"750\">Vir\u0161utin\u0117s:<\/strong> kardamonas, citrusai<br data-start=\"771\" data-end=\"774\" \/>\u2022 <strong data-start=\"776\" data-end=\"790\">Vidurin\u0117s:<\/strong> espreso kava, \u0161alavijas, santalas<br data-start=\"824\" data-end=\"827\" \/>\u2022 <strong data-start=\"829\" data-end=\"842\">Apatin\u0117s:<\/strong> ambra, pa\u010diulis, vanil\u0117, d\u016bmas, nat\u016brali oda<\/p>\n<p data-start=\"889\" data-end=\"1125\">\ud83d\udd39 <strong data-start=\"892\" data-end=\"915\">Eau de Parfum (EDP)<\/strong> koncentracija \u2013 tai rei\u0161kia, kad kvapas i\u0161liks ilgiau ant odos, drabu\u017ei\u0173 ar plauk\u0173.<br data-start=\"999\" data-end=\"1002\" \/>\ud83d\udd39 Stilingas 100 ml buteliukas su purk\u0161tuku \u2013 tiksliai ir patogiai dozavimui.<br data-start=\"1079\" data-end=\"1082\" \/>\ud83d\udd39 Sukurtas tiems, kurie nebijo i\u0161siskirti.<\/p>\n","protected":false},"excerpt":{"rendered":"<h3 data-start=\"144\" data-end=\"209\"><strong data-start=\"148\" data-end=\"209\">SAPHIR Expresso Noir \u2013 I\u0161rai\u0161kingas kvapas be \u017eod\u017ei\u0173<\/strong><\/h3>\n<p data-start=\"211\" data-end=\"543\">Ie\u0161kote kvapo, kuris atskleist\u0173 j\u016bs\u0173 unikalum\u0105 ir stili\u0173 be \u017eod\u017ei\u0173? <strong data-start=\"279\" data-end=\"303\">SAPHIR Expresso Noir<\/strong> \u2013 tai unikalus unisex kvapas, kuriame susilieja <strong data-start=\"352\" data-end=\"428\">tamsi espreso kava, jausminga oda, \u0161ildantys prieskoniai ir saldi vanil\u0117<\/strong>. Gili, \u0161ilta ir ilgai i\u0161liekanti kvap\u0173 kompozicija puikiai tiks <strong data-start=\"493\" data-end=\"542\">v\u0117sesniam orui, vakarui ar ypatingoms progoms<\/strong>.<\/p>\n<p data-start=\"545\" data-end=\"709\">\u0160is aromatas spinduliuoja <strong data-start=\"571\" data-end=\"616\">brand\u0105, pasitik\u0117jim\u0105 savimi ir elegancij\u0105<\/strong>, tod\u0117l puikiai tinka tiek vyrams, tiek moterims, ie\u0161kantiems kvapo, kuris nepaliks abejing\u0173.<\/p>\n<p data-start=\"711\" data-end=\"887\">\ud83d\udda4 <strong data-start=\"714\" data-end=\"730\">Kvapo natos:<\/strong><br data-start=\"730\" data-end=\"733\" \/>\u2022 <strong data-start=\"735\" data-end=\"750\">Vir\u0161utin\u0117s:<\/strong> kardamonas, citrusai<br data-start=\"771\" data-end=\"774\" \/>\u2022 <strong data-start=\"776\" data-end=\"790\">Vidurin\u0117s:<\/strong> espreso kava, \u0161alavijas, santalas<br data-start=\"824\" data-end=\"827\" \/>\u2022 <strong data-start=\"829\" data-end=\"842\">Apatin\u0117s:<\/strong> ambra, pa\u010diulis, vanil\u0117, d\u016bmas, nat\u016brali oda<\/p>\n<p data-start=\"889\" data-end=\"1125\">\ud83d\udd39 <strong data-start=\"892\" data-end=\"915\">Eau de Parfum (EDP)<\/strong> koncentracija \u2013 tai rei\u0161kia, kad kvapas i\u0161liks ilgiau ant odos, drabu\u017ei\u0173 ar plauk\u0173.<br data-start=\"999\" data-end=\"1002\" \/>\ud83d\udd39 Stilingas 100 ml buteliukas su purk\u0161tuku \u2013 tiksliai ir patogiai dozavimui.<br data-start=\"1079\" data-end=\"1082\" \/>\ud83d\udd39 Sukurtas tiems, kurie nebijo i\u0161siskirti.<\/p>\n","protected":false},"featured_media":16481,"comment_status":"open","ping_status":"closed","template":"","meta":[],"product_brand":[],"product_cat":[173,43,319],"product_tag":[],"class_list":{"0":"post-16479","1":"product","2":"type-product","3":"status-publish","4":"has-post-thumbnail","6":"product_cat-best-sellers-lt","7":"product_cat-grozis","8":"product_cat-kvepalai","10":"first","11":"instock","12":"taxable","13":"shipping-taxable","14":"purchasable","15":"product-type-simple"},"_links":{"self":[{"href":"https:\/\/thequeenhouse.co.uk\/lt\/wp-json\/wp\/v2\/product\/16479","targetHints":{"allow":["GET"]}}],"collection":[{"href":"https:\/\/thequeenhouse.co.uk\/lt\/wp-json\/wp\/v2\/product"}],"about":[{"href":"https:\/\/thequeenhouse.co.uk\/lt\/wp-json\/wp\/v2\/types\/product"}],"replies":[{"embeddable":true,"href":"https:\/\/thequeenhouse.co.uk\/lt\/wp-json\/wp\/v2\/comments?post=16479"}],"wp:featuredmedia":[{"embeddable":true,"href":"https:\/\/thequeenhouse.co.uk\/lt\/wp-json\/wp\/v2\/media\/16481"}],"wp:attachment":[{"href":"https:\/\/thequeenhouse.co.uk\/lt\/wp-json\/wp\/v2\/media?parent=16479"}],"wp:term":[{"taxonomy":"product_brand","embeddable":true,"href":"https:\/\/thequeenhouse.co.uk\/lt\/wp-json\/wp\/v2\/product_brand?post=16479"},{"taxonomy":"product_cat","embeddable":true,"href":"https:\/\/thequeenhouse.co.uk\/lt\/wp-json\/wp\/v2\/product_cat?post=16479"},{"taxonomy":"product_tag","embeddable":true,"href":"https:\/\/thequeenhouse.co.uk\/lt\/wp-json\/wp\/v2\/product_tag?post=16479"}],"curies":[{"name":"wp","href":"https:\/\/api.w.org\/{rel}","templated":true}]}}