{"id":16483,"date":"2025-12-10T20:24:09","date_gmt":"2025-12-10T19:24:09","guid":{"rendered":"https:\/\/thequeenhouse.co.uk\/?post_type=product&#038;p=16483"},"modified":"2025-12-10T20:28:31","modified_gmt":"2025-12-10T19:28:31","slug":"mesauda-piestukinis-maskuoklis-one-stroke-concealer-s02-3-g-copy-2","status":"publish","type":"product","link":"https:\/\/thequeenhouse.co.uk\/lt\/produktas\/mesauda-piestukinis-maskuoklis-one-stroke-concealer-s02-3-g-copy-2\/","title":{"rendered":"NEJHA &#8211; Daugiafunkc\u0117 la\u0161o formos makia\u017eo kempin\u0117l\u0117"},"content":{"rendered":"<h3 data-start=\"146\" data-end=\"201\"><strong data-start=\"155\" data-end=\"201\">Daugiafunkc\u0117 la\u0161o formos makia\u017eo kempin\u0117l\u0117<\/strong><\/h3>\n<p data-start=\"203\" data-end=\"560\">Atraskite nepriekai\u0161ting\u0105 makia\u017eo padengim\u0105 su \u0161ia <strong data-start=\"254\" data-end=\"292\">daugiafunkce la\u0161o formos kempin\u0117le<\/strong>, skirta <strong data-start=\"301\" data-end=\"344\">skystiems, kreminiams ir biri\u0173 tekst\u016br\u0173<\/strong> produktams. D\u0117l savo <strong data-start=\"366\" data-end=\"389\">ergonomi\u0161kos formos<\/strong> ir <strong data-start=\"393\" data-end=\"427\">mink\u0161tos, elastingos med\u017eiagos<\/strong>, \u0161i kempin\u0117l\u0117 puikiai tinka tiek <strong data-start=\"461\" data-end=\"497\">dideliems veido plotams padengti<\/strong>, tiek <strong data-start=\"504\" data-end=\"527\">tiksliai kont\u016bruoti<\/strong> nosies, paaki\u0173 ar smakro sritis.<\/p>\n<ul data-start=\"562\" data-end=\"691\">\n<li data-start=\"562\" data-end=\"599\">\n<p data-start=\"564\" data-end=\"599\">Tobulas \u012frankis kasdieniam makia\u017eui<\/p>\n<\/li>\n<li data-start=\"600\" data-end=\"645\">\n<p data-start=\"602\" data-end=\"645\">U\u017etikrina lyg\u0173, nat\u016bral\u0173 padengim\u0105 be ruo\u017e\u0173<\/p>\n<\/li>\n<li data-start=\"646\" data-end=\"691\">\n<p data-start=\"648\" data-end=\"691\">Tinka naudoti tiek sausai, tiek sudr\u0117kintai<\/p>\n<\/li>\n<\/ul>\n<p data-start=\"693\" data-end=\"934\"><strong data-start=\"693\" data-end=\"708\">Naudojimas:<\/strong><br data-start=\"708\" data-end=\"711\" \/>Kiekvien\u0105 kart\u0105 prie\u0161 naudojim\u0105 kempin\u0117l\u0119 sudr\u0117kinkite ir \u0161velniai i\u0161spauskite vandens pertekli\u0173. Naudokite norimiems produktams tepti ir \u012ftap\u0161noti \u012f od\u0105. Po kiekvieno naudojimo rekomenduojama kempin\u0117l\u0119 kruop\u0161\u010diai i\u0161plauti.<\/p>\n","protected":false},"excerpt":{"rendered":"<h3 data-start=\"146\" data-end=\"201\"><strong data-start=\"155\" data-end=\"201\">Daugiafunkc\u0117 la\u0161o formos makia\u017eo kempin\u0117l\u0117<\/strong><\/h3>\n<p data-start=\"203\" data-end=\"560\">Atraskite nepriekai\u0161ting\u0105 makia\u017eo padengim\u0105 su \u0161ia <strong data-start=\"254\" data-end=\"292\">daugiafunkce la\u0161o formos kempin\u0117le<\/strong>, skirta <strong data-start=\"301\" data-end=\"344\">skystiems, kreminiams ir biri\u0173 tekst\u016br\u0173<\/strong> produktams. D\u0117l savo <strong data-start=\"366\" data-end=\"389\">ergonomi\u0161kos formos<\/strong> ir <strong data-start=\"393\" data-end=\"427\">mink\u0161tos, elastingos med\u017eiagos<\/strong>, \u0161i kempin\u0117l\u0117 puikiai tinka tiek <strong data-start=\"461\" data-end=\"497\">dideliems veido plotams padengti<\/strong>, tiek <strong data-start=\"504\" data-end=\"527\">tiksliai kont\u016bruoti<\/strong> nosies, paaki\u0173 ar smakro sritis.<\/p>\n<ul data-start=\"562\" data-end=\"691\">\n<li data-start=\"562\" data-end=\"599\">\n<p data-start=\"564\" data-end=\"599\">Tobulas \u012frankis kasdieniam makia\u017eui<\/p>\n<\/li>\n<li data-start=\"600\" data-end=\"645\">\n<p data-start=\"602\" data-end=\"645\">U\u017etikrina lyg\u0173, nat\u016bral\u0173 padengim\u0105 be ruo\u017e\u0173<\/p>\n<\/li>\n<li data-start=\"646\" data-end=\"691\">\n<p data-start=\"648\" data-end=\"691\">Tinka naudoti tiek sausai, tiek sudr\u0117kintai<\/p>\n<\/li>\n<\/ul>\n<p data-start=\"693\" data-end=\"934\"><strong data-start=\"693\" data-end=\"708\">Naudojimas:<\/strong><br data-start=\"708\" data-end=\"711\" \/>Kiekvien\u0105 kart\u0105 prie\u0161 naudojim\u0105 kempin\u0117l\u0119 sudr\u0117kinkite ir \u0161velniai i\u0161spauskite vandens pertekli\u0173. Naudokite norimiems produktams tepti ir \u012ftap\u0161noti \u012f od\u0105. Po kiekvieno naudojimo rekomenduojama kempin\u0117l\u0119 kruop\u0161\u010diai i\u0161plauti.<\/p>\n","protected":false},"featured_media":16485,"comment_status":"open","ping_status":"closed","template":"","meta":[],"product_brand":[],"product_cat":[312,43],"product_tag":[],"class_list":{"0":"post-16483","1":"product","2":"type-product","3":"status-publish","4":"has-post-thumbnail","6":"product_cat-dekoratyvine-kosmetika","7":"product_cat-grozis","9":"first","10":"instock","11":"taxable","12":"shipping-taxable","13":"purchasable","14":"product-type-simple"},"_links":{"self":[{"href":"https:\/\/thequeenhouse.co.uk\/lt\/wp-json\/wp\/v2\/product\/16483","targetHints":{"allow":["GET"]}}],"collection":[{"href":"https:\/\/thequeenhouse.co.uk\/lt\/wp-json\/wp\/v2\/product"}],"about":[{"href":"https:\/\/thequeenhouse.co.uk\/lt\/wp-json\/wp\/v2\/types\/product"}],"replies":[{"embeddable":true,"href":"https:\/\/thequeenhouse.co.uk\/lt\/wp-json\/wp\/v2\/comments?post=16483"}],"wp:featuredmedia":[{"embeddable":true,"href":"https:\/\/thequeenhouse.co.uk\/lt\/wp-json\/wp\/v2\/media\/16485"}],"wp:attachment":[{"href":"https:\/\/thequeenhouse.co.uk\/lt\/wp-json\/wp\/v2\/media?parent=16483"}],"wp:term":[{"taxonomy":"product_brand","embeddable":true,"href":"https:\/\/thequeenhouse.co.uk\/lt\/wp-json\/wp\/v2\/product_brand?post=16483"},{"taxonomy":"product_cat","embeddable":true,"href":"https:\/\/thequeenhouse.co.uk\/lt\/wp-json\/wp\/v2\/product_cat?post=16483"},{"taxonomy":"product_tag","embeddable":true,"href":"https:\/\/thequeenhouse.co.uk\/lt\/wp-json\/wp\/v2\/product_tag?post=16483"}],"curies":[{"name":"wp","href":"https:\/\/api.w.org\/{rel}","templated":true}]}}