{"id":16507,"date":"2025-12-28T23:46:20","date_gmt":"2025-12-28T22:46:20","guid":{"rendered":"https:\/\/thequeenhouse.co.uk\/?post_type=product&#038;p=16507"},"modified":"2025-12-28T23:50:25","modified_gmt":"2025-12-28T22:50:25","slug":"agiva-milk-protein-sampunas-500ml-copy","status":"publish","type":"product","link":"https:\/\/thequeenhouse.co.uk\/lt\/produktas\/agiva-milk-protein-sampunas-500ml-copy\/","title":{"rendered":"ANAPLASIS &#8211; Galvos Odos \u0160veitiklis &#8211; Su Probiotikais 200 ml"},"content":{"rendered":"<h2 data-start=\"1253\" data-end=\"1312\"><strong data-start=\"1256\" data-end=\"1312\">ANAPLASIS galvos odos \u0161veitiklis SCALP SCRUB, 200 ml<\/strong><\/h2>\n<p data-start=\"1314\" data-end=\"1686\">Atgaivinkite ir i\u0161valykite galvos od\u0105 su ANAPLASIS galvos odos \u0161veitikliu \u2014 \u0161velniu, ta\u010diau labai veiksmingu produktu, padedan\u010diu pa\u0161alinti susikaupusias negyvas odos l\u0105steles, riebal\u0173 pertekli\u0173 bei ne\u0161varumus. Formul\u0117, papildyta ramun\u0117l\u0117mis, alaviju, vitaminais B3, E, D-pantenoliu ir prebiotikais, ramina, dr\u0117kina ir stiprina galvos od\u0105, skatindama sveik\u0105 plauk\u0173 augim\u0105.<\/p>\n<h3 data-start=\"1688\" data-end=\"1706\"><strong data-start=\"1692\" data-end=\"1706\">Privalumai<\/strong><\/h3>\n<ul data-start=\"1707\" data-end=\"2042\">\n<li data-start=\"1707\" data-end=\"1805\">\n<p data-start=\"1709\" data-end=\"1805\"><strong data-start=\"1709\" data-end=\"1743\">Pa\u0161alina negyvas odos l\u0105steles<\/strong> \u2013 giliai valo galvos od\u0105, suteikia \u0161varos ir gaivos poj\u016bt\u012f.<\/p>\n<\/li>\n<li data-start=\"1806\" data-end=\"1908\">\n<p data-start=\"1808\" data-end=\"1908\"><strong data-start=\"1808\" data-end=\"1829\">Ramina ir maitina<\/strong> \u2013 ramun\u0117l\u0117s ir alavijas \u0161velniai dr\u0117kina, ma\u017eina sudirgim\u0105 ir mink\u0161tina od\u0105.<\/p>\n<\/li>\n<li data-start=\"1909\" data-end=\"2042\">\n<p data-start=\"1911\" data-end=\"2042\"><strong data-start=\"1911\" data-end=\"1951\">Padeda skatinti sveik\u0105 plauk\u0173 augim\u0105<\/strong> \u2013 vitaminai ir prebiotikai palaiko sveik\u0105 galvos odos mikroflor\u0105 ir stiprina odos barjer\u0105.<\/p>\n<\/li>\n<\/ul>\n<h3 data-start=\"2044\" data-end=\"2062\"><strong data-start=\"2048\" data-end=\"2062\">Naudojimas<\/strong><\/h3>\n<p data-start=\"2063\" data-end=\"2279\">\u012emasa\u017euokite \u0161veitikl\u012f \u012f dr\u0117gn\u0105 galvos od\u0105 \u0161velniais sukamaisiais judesiais. Palikite kelioms minut\u0117ms, kad veikliosios med\u017eiagos \u012fsigert\u0173, tuomet kruop\u0161\u010diai i\u0161plaukite. Rekomenduojama naudoti 1\u20132 kartus per savait\u0119.<\/p>\n","protected":false},"excerpt":{"rendered":"<h2 data-start=\"1253\" data-end=\"1312\"><strong data-start=\"1256\" data-end=\"1312\">ANAPLASIS galvos odos \u0161veitiklis SCALP SCRUB, 200 ml<\/strong><\/h2>\n<p data-start=\"1314\" data-end=\"1686\">Atgaivinkite ir i\u0161valykite galvos od\u0105 su ANAPLASIS galvos odos \u0161veitikliu \u2014 \u0161velniu, ta\u010diau labai veiksmingu produktu, padedan\u010diu pa\u0161alinti susikaupusias negyvas odos l\u0105steles, riebal\u0173 pertekli\u0173 bei ne\u0161varumus. Formul\u0117, papildyta ramun\u0117l\u0117mis, alaviju, vitaminais B3, E, D-pantenoliu ir prebiotikais, ramina, dr\u0117kina ir stiprina galvos od\u0105, skatindama sveik\u0105 plauk\u0173 augim\u0105.<\/p>\n<h3 data-start=\"1688\" data-end=\"1706\"><strong data-start=\"1692\" data-end=\"1706\">Privalumai<\/strong><\/h3>\n<ul data-start=\"1707\" data-end=\"2042\">\n<li data-start=\"1707\" data-end=\"1805\">\n<p data-start=\"1709\" data-end=\"1805\"><strong data-start=\"1709\" data-end=\"1743\">Pa\u0161alina negyvas odos l\u0105steles<\/strong> \u2013 giliai valo galvos od\u0105, suteikia \u0161varos ir gaivos poj\u016bt\u012f.<\/p>\n<\/li>\n<li data-start=\"1806\" data-end=\"1908\">\n<p data-start=\"1808\" data-end=\"1908\"><strong data-start=\"1808\" data-end=\"1829\">Ramina ir maitina<\/strong> \u2013 ramun\u0117l\u0117s ir alavijas \u0161velniai dr\u0117kina, ma\u017eina sudirgim\u0105 ir mink\u0161tina od\u0105.<\/p>\n<\/li>\n<li data-start=\"1909\" data-end=\"2042\">\n<p data-start=\"1911\" data-end=\"2042\"><strong data-start=\"1911\" data-end=\"1951\">Padeda skatinti sveik\u0105 plauk\u0173 augim\u0105<\/strong> \u2013 vitaminai ir prebiotikai palaiko sveik\u0105 galvos odos mikroflor\u0105 ir stiprina odos barjer\u0105.<\/p>\n<\/li>\n<\/ul>\n<h3 data-start=\"2044\" data-end=\"2062\"><strong data-start=\"2048\" data-end=\"2062\">Naudojimas<\/strong><\/h3>\n<p data-start=\"2063\" data-end=\"2279\">\u012emasa\u017euokite \u0161veitikl\u012f \u012f dr\u0117gn\u0105 galvos od\u0105 \u0161velniais sukamaisiais judesiais. Palikite kelioms minut\u0117ms, kad veikliosios med\u017eiagos \u012fsigert\u0173, tuomet kruop\u0161\u010diai i\u0161plaukite. Rekomenduojama naudoti 1\u20132 kartus per savait\u0119.<\/p>\n","protected":false},"featured_media":16509,"comment_status":"open","ping_status":"closed","template":"","meta":[],"product_brand":[],"product_cat":[43,222],"product_tag":[],"class_list":{"0":"post-16507","1":"product","2":"type-product","3":"status-publish","4":"has-post-thumbnail","6":"product_cat-grozis","7":"product_cat-plauku-prieziuros-priemones","9":"first","10":"instock","11":"taxable","12":"shipping-taxable","13":"purchasable","14":"product-type-simple"},"_links":{"self":[{"href":"https:\/\/thequeenhouse.co.uk\/lt\/wp-json\/wp\/v2\/product\/16507","targetHints":{"allow":["GET"]}}],"collection":[{"href":"https:\/\/thequeenhouse.co.uk\/lt\/wp-json\/wp\/v2\/product"}],"about":[{"href":"https:\/\/thequeenhouse.co.uk\/lt\/wp-json\/wp\/v2\/types\/product"}],"replies":[{"embeddable":true,"href":"https:\/\/thequeenhouse.co.uk\/lt\/wp-json\/wp\/v2\/comments?post=16507"}],"wp:featuredmedia":[{"embeddable":true,"href":"https:\/\/thequeenhouse.co.uk\/lt\/wp-json\/wp\/v2\/media\/16509"}],"wp:attachment":[{"href":"https:\/\/thequeenhouse.co.uk\/lt\/wp-json\/wp\/v2\/media?parent=16507"}],"wp:term":[{"taxonomy":"product_brand","embeddable":true,"href":"https:\/\/thequeenhouse.co.uk\/lt\/wp-json\/wp\/v2\/product_brand?post=16507"},{"taxonomy":"product_cat","embeddable":true,"href":"https:\/\/thequeenhouse.co.uk\/lt\/wp-json\/wp\/v2\/product_cat?post=16507"},{"taxonomy":"product_tag","embeddable":true,"href":"https:\/\/thequeenhouse.co.uk\/lt\/wp-json\/wp\/v2\/product_tag?post=16507"}],"curies":[{"name":"wp","href":"https:\/\/api.w.org\/{rel}","templated":true}]}}