{"id":16511,"date":"2025-12-28T23:51:27","date_gmt":"2025-12-28T22:51:27","guid":{"rendered":"https:\/\/thequeenhouse.co.uk\/?post_type=product&#038;p=16511"},"modified":"2025-12-28T23:55:41","modified_gmt":"2025-12-28T22:55:41","slug":"anaplasis-galvos-odos-sveitiklis-su-probiotikais-200-ml-copy","status":"publish","type":"product","link":"https:\/\/thequeenhouse.co.uk\/lt\/produktas\/anaplasis-galvos-odos-sveitiklis-su-probiotikais-200-ml-copy\/","title":{"rendered":"PETITE MAISON &#8211; Apimties Suteikiantis Sausas \u0160amp\u016bnas COCONUT MILK, 100 ml"},"content":{"rendered":"","protected":false},"excerpt":{"rendered":"<h2 data-start=\"155\" data-end=\"234\"><strong data-start=\"158\" data-end=\"234\">PETITE MAISON apimties suteikiantis sausas \u0161amp\u016bnas COCONUT MILK, 100 ml<\/strong><\/h2>\n<p data-start=\"236\" data-end=\"632\">PETITE MAISON apimties suteikiantis sausas \u0161amp\u016bnas <strong data-start=\"288\" data-end=\"304\">Coconut Milk<\/strong> \u2013 tai greitas ir patogus b\u016bdas atgaivinti plaukus be vandens. Kokos\u0173 pieno ekstraktas ir speciali riebalus sugerianti formul\u0117 padeda pa\u0161alinti ne\u0161varumus bei perteklin\u012f riebal\u0173 kiek\u012f, suteikdama plaukams gaivumo ir \u0161varos poj\u016bt\u012f. Hialiurono r\u016bg\u0161tis intensyviai dr\u0117kina, o aminor\u016bg\u0161\u010di\u0173 kompleksas suteikia purumo ir gyvybingumo.<\/p>\n<h3 data-start=\"634\" data-end=\"652\"><strong data-start=\"638\" data-end=\"652\">Privalumai<\/strong><\/h3>\n<ul data-start=\"653\" data-end=\"894\">\n<li data-start=\"653\" data-end=\"719\">\n<p data-start=\"655\" data-end=\"719\"><strong data-start=\"655\" data-end=\"684\">Sugeria riebal\u0173 pertekli\u0173<\/strong> ir atgaivina plaukus be vandens.<\/p>\n<\/li>\n<li data-start=\"720\" data-end=\"777\">\n<p data-start=\"722\" data-end=\"777\"><strong data-start=\"722\" data-end=\"741\">Dr\u0117kina plaukus<\/strong> d\u0117l hialiurono r\u016bg\u0161ties poveikio.<\/p>\n<\/li>\n<li data-start=\"778\" data-end=\"846\">\n<p data-start=\"780\" data-end=\"846\"><strong data-start=\"780\" data-end=\"811\">Suteikia apimties ir purumo<\/strong>, tod\u0117l plaukai atrodo gyvybingi.<\/p>\n<\/li>\n<li data-start=\"847\" data-end=\"894\">\n<p data-start=\"849\" data-end=\"894\"><strong data-start=\"849\" data-end=\"876\">Malonus kokos\u0173 aromatas<\/strong> suteikia gaivumo.<\/p>\n<\/li>\n<\/ul>\n<h3 data-start=\"896\" data-end=\"914\"><strong data-start=\"900\" data-end=\"914\">Naudojimas<\/strong><\/h3>\n<ol data-start=\"915\" data-end=\"1193\">\n<li data-start=\"915\" data-end=\"952\">\n<p data-start=\"918\" data-end=\"952\">Prie\u0161 naudojim\u0105 gerai suplakite.<\/p>\n<\/li>\n<li data-start=\"953\" data-end=\"1080\">\n<p data-start=\"956\" data-end=\"1080\">Laikykite buteliuk\u0105 10\u201315 cm atstumu nuo galvos odos ir purk\u0161kite ant atskirt\u0173 plauk\u0173 sruog\u0173 (po 1 paspaudim\u0105 kiekvienai).<\/p>\n<\/li>\n<li data-start=\"1081\" data-end=\"1193\">\n<p data-start=\"1084\" data-end=\"1193\">\u0160velniai \u012fmasa\u017euokite, paskirstykite priemon\u0117s pertekli\u0173 ir suformuokite \u0161ukuosen\u0105.<br data-start=\"1167\" data-end=\"1170\" \/>Nereikalauja skalavimo.<\/p>\n<\/li>\n<\/ol>\n","protected":false},"featured_media":16513,"comment_status":"open","ping_status":"closed","template":"","meta":[],"product_brand":[],"product_cat":[43,222],"product_tag":[],"class_list":{"0":"post-16511","1":"product","2":"type-product","3":"status-publish","4":"has-post-thumbnail","6":"product_cat-grozis","7":"product_cat-plauku-prieziuros-priemones","9":"first","10":"instock","11":"taxable","12":"shipping-taxable","13":"purchasable","14":"product-type-simple"},"_links":{"self":[{"href":"https:\/\/thequeenhouse.co.uk\/lt\/wp-json\/wp\/v2\/product\/16511","targetHints":{"allow":["GET"]}}],"collection":[{"href":"https:\/\/thequeenhouse.co.uk\/lt\/wp-json\/wp\/v2\/product"}],"about":[{"href":"https:\/\/thequeenhouse.co.uk\/lt\/wp-json\/wp\/v2\/types\/product"}],"replies":[{"embeddable":true,"href":"https:\/\/thequeenhouse.co.uk\/lt\/wp-json\/wp\/v2\/comments?post=16511"}],"wp:featuredmedia":[{"embeddable":true,"href":"https:\/\/thequeenhouse.co.uk\/lt\/wp-json\/wp\/v2\/media\/16513"}],"wp:attachment":[{"href":"https:\/\/thequeenhouse.co.uk\/lt\/wp-json\/wp\/v2\/media?parent=16511"}],"wp:term":[{"taxonomy":"product_brand","embeddable":true,"href":"https:\/\/thequeenhouse.co.uk\/lt\/wp-json\/wp\/v2\/product_brand?post=16511"},{"taxonomy":"product_cat","embeddable":true,"href":"https:\/\/thequeenhouse.co.uk\/lt\/wp-json\/wp\/v2\/product_cat?post=16511"},{"taxonomy":"product_tag","embeddable":true,"href":"https:\/\/thequeenhouse.co.uk\/lt\/wp-json\/wp\/v2\/product_tag?post=16511"}],"curies":[{"name":"wp","href":"https:\/\/api.w.org\/{rel}","templated":true}]}}