{"id":16520,"date":"2025-12-29T00:03:44","date_gmt":"2025-12-28T23:03:44","guid":{"rendered":"https:\/\/thequeenhouse.co.uk\/?post_type=product&#038;p=16520"},"modified":"2025-12-29T00:09:10","modified_gmt":"2025-12-28T23:09:10","slug":"once-vyru-kvepalu-rinkinys-courield-edp-100-ml-10-ml-kosmetine-copy-2","status":"publish","type":"product","link":"https:\/\/thequeenhouse.co.uk\/lt\/produktas\/once-vyru-kvepalu-rinkinys-courield-edp-100-ml-10-ml-kosmetine-copy-2\/","title":{"rendered":"ONCE &#8211; Kvepalai Desight \u2013 Paslaptinga Svajon\u0117 I\u0161sipildo 100ml"},"content":{"rendered":"","protected":false},"excerpt":{"rendered":"<h2 data-start=\"172\" data-end=\"248\"><strong data-start=\"175\" data-end=\"248\">ONCE kvepalai Desight \u2013 Paslaptinga svajon\u0117 i\u0161sipildo (Made in Italy)<\/strong><\/h2>\n<p data-start=\"250\" data-end=\"535\"><strong data-start=\"250\" data-end=\"266\">ONCE Desight<\/strong> \u2013 tai aromatas, sukurtas paslaptingai svajonei, kuri pagaliau tampa realybe. Egzoti\u0161k\u0173 medienos ir tabako lap\u0173 nat\u0173 derinys \u010dia susilieja su \u0161velnia kakavos ir vanil\u0117s pupeli\u0173 \u0161iluma. Tai kvepalai, kurie apgaubia, \u012fkvepia ir leid\u017eia pajusti i\u0161skirtin\u0119 emocin\u0119 kelion\u0119.<\/p>\n<h3 data-start=\"537\" data-end=\"559\"><strong data-start=\"541\" data-end=\"559\">Kvap\u0173 piramid\u0117<\/strong><\/h3>\n<ul data-start=\"560\" data-end=\"750\">\n<li data-start=\"560\" data-end=\"631\">\n<p data-start=\"562\" data-end=\"631\"><strong data-start=\"562\" data-end=\"583\">Vir\u0161utin\u0117s natos:<\/strong> tabako lapai, \u201eSpicy accord\u201c, ro\u017einis pipiras<\/p>\n<\/li>\n<li data-start=\"632\" data-end=\"683\">\n<p data-start=\"634\" data-end=\"683\"><strong data-start=\"634\" data-end=\"654\">Vidurin\u0117s natos:<\/strong> kvapioji tongapup\u0117, vanil\u0117<\/p>\n<\/li>\n<li data-start=\"684\" data-end=\"750\">\n<p data-start=\"686\" data-end=\"750\"><strong data-start=\"686\" data-end=\"704\">Bazin\u0117s natos:<\/strong> kakavos pupel\u0117s, bly\u0161kusis kietis, pa\u010diulis<\/p>\n<\/li>\n<\/ul>\n<p data-start=\"752\" data-end=\"981\">Kvepalus suk\u016br\u0117 parfumer\u0117 <strong data-start=\"778\" data-end=\"799\">Angeline Leporini<\/strong> \u2013 k\u016br\u0117ja, gars\u0117janti savo dosnumu, k\u016brybi\u0161kumu ir smalsumu. Jos kelias \u012f parfumerij\u0105 prasid\u0117jo vos \u0161e\u0161iolikos, kai ro\u017ei\u0173 aliejaus gamykloje Egipte ji atrado kvap\u0173 pasaulio magij\u0105.<\/p>\n<p data-start=\"983\" data-end=\"1194\">\u201eKurdama kvepalus leid\u017eiu sau b\u016bti \u012fkv\u0117ptai visko, kas pa\u017eadina k\u016brybi\u0161kum\u0105. Mane \u012fkv\u0117pia kelion\u0117s, kult\u016briniai atradimai ir netik\u0117ti deriniai, kurie virsta naujomis parfumuotomis simfonijomis\u201c, \u2013 sako Angeline.<\/p>\n<h3 data-start=\"1196\" data-end=\"1244\"><strong data-start=\"1200\" data-end=\"1244\">ONCE filosofija \u2013 pasakoti J\u016bs\u0173 istorij\u0105<\/strong><\/h3>\n<p data-start=\"1245\" data-end=\"1437\">Kiekvienas ONCE kvepal\u0173 la\u0161as gali perteikti prisiminim\u0105, emocij\u0105 ar bruo\u017e\u0105, kuris apib\u016bdina Jus. Kiekviena kompozicija \u2013 unikalus, originalus kvapas, kuriantis emocin\u012f ry\u0161\u012f su savo ne\u0161iotoju.<\/p>\n<p data-start=\"1439\" data-end=\"1619\">Aromatai atskleid\u017eia <strong data-start=\"1460\" data-end=\"1531\">meil\u0119, d\u017eiaugsm\u0105, tro\u0161kim\u0105, pasitik\u0117jim\u0105, jausmingum\u0105 ir staigmenas<\/strong>. Tai ne tik kvapas \u2013 tai patirtis, kuri lydi vis\u0105 dien\u0105 savo ilgai i\u0161liekan\u010dia formule.<\/p>\n<p data-start=\"1621\" data-end=\"1695\"><strong data-start=\"1621\" data-end=\"1695\">Prabangioje d\u0117\u017eut\u0117je supakuoti kvepalai \u2013 puiki dovana mylimam \u017emogui.<\/strong><\/p>\n<p data-start=\"1697\" data-end=\"1721\"><strong data-start=\"1697\" data-end=\"1721\">Pagaminta Italijoje.<\/strong><\/p>\n","protected":false},"featured_media":16524,"comment_status":"open","ping_status":"closed","template":"","meta":[],"product_brand":[],"product_cat":[43,319],"product_tag":[],"class_list":{"0":"post-16520","1":"product","2":"type-product","3":"status-publish","4":"has-post-thumbnail","6":"product_cat-grozis","7":"product_cat-kvepalai","9":"first","10":"instock","11":"taxable","12":"shipping-taxable","13":"purchasable","14":"product-type-simple"},"_links":{"self":[{"href":"https:\/\/thequeenhouse.co.uk\/lt\/wp-json\/wp\/v2\/product\/16520","targetHints":{"allow":["GET"]}}],"collection":[{"href":"https:\/\/thequeenhouse.co.uk\/lt\/wp-json\/wp\/v2\/product"}],"about":[{"href":"https:\/\/thequeenhouse.co.uk\/lt\/wp-json\/wp\/v2\/types\/product"}],"replies":[{"embeddable":true,"href":"https:\/\/thequeenhouse.co.uk\/lt\/wp-json\/wp\/v2\/comments?post=16520"}],"wp:featuredmedia":[{"embeddable":true,"href":"https:\/\/thequeenhouse.co.uk\/lt\/wp-json\/wp\/v2\/media\/16524"}],"wp:attachment":[{"href":"https:\/\/thequeenhouse.co.uk\/lt\/wp-json\/wp\/v2\/media?parent=16520"}],"wp:term":[{"taxonomy":"product_brand","embeddable":true,"href":"https:\/\/thequeenhouse.co.uk\/lt\/wp-json\/wp\/v2\/product_brand?post=16520"},{"taxonomy":"product_cat","embeddable":true,"href":"https:\/\/thequeenhouse.co.uk\/lt\/wp-json\/wp\/v2\/product_cat?post=16520"},{"taxonomy":"product_tag","embeddable":true,"href":"https:\/\/thequeenhouse.co.uk\/lt\/wp-json\/wp\/v2\/product_tag?post=16520"}],"curies":[{"name":"wp","href":"https:\/\/api.w.org\/{rel}","templated":true}]}}