{"id":16528,"date":"2025-12-29T00:13:50","date_gmt":"2025-12-28T23:13:50","guid":{"rendered":"https:\/\/thequeenhouse.co.uk\/?post_type=product&#038;p=16528"},"modified":"2025-12-29T00:32:02","modified_gmt":"2025-12-28T23:32:02","slug":"saphir-expresso-noir-edp-parfum-100-ml-copy","status":"publish","type":"product","link":"https:\/\/thequeenhouse.co.uk\/lt\/produktas\/saphir-expresso-noir-edp-parfum-100-ml-copy\/","title":{"rendered":"SAPHIR &#8211; Glamorous Elegance EDP Parfum 100ml"},"content":{"rendered":"","protected":false},"excerpt":{"rendered":"<h2 data-start=\"193\" data-end=\"281\"><strong data-start=\"196\" data-end=\"281\">SAPHIR Glamorous Elegance \u2013 rafinuoto \u017eavesio ir i\u0161skirtinio moteri\u0161kumo aromatas<\/strong><\/h2>\n<p data-start=\"283\" data-end=\"578\"><strong data-start=\"283\" data-end=\"312\">SAPHIR Glamorous Elegance<\/strong> \u2013 tai prabangus kvapas moteriai, kuri \u017eengia per gyvenim\u0105 su pasitik\u0117jimu, grak\u0161tumu ir nat\u016bralia elegancija. Aromatas \u0161velnus kaip \u0161ilkas, bet kartu turintis ry\u0161k\u0173 charakter\u012f, kuris subtiliai \u012fsigeria \u012f od\u0105 ir i\u0161lieka kaip eleganti\u0161kas, d\u0117mes\u012f traukiantis \u0161leifas.<\/p>\n<h3 data-start=\"580\" data-end=\"599\"><strong data-start=\"584\" data-end=\"599\">Kvapo natos \ud83d\udda4<\/strong><\/h3>\n<ul data-start=\"600\" data-end=\"787\">\n<li data-start=\"600\" data-end=\"668\">\n<p data-start=\"602\" data-end=\"668\"><strong data-start=\"602\" data-end=\"623\">Vir\u0161utin\u0117s natos:<\/strong> kiau\u0161\u0117, lazdyno rie\u0161utai, smilkalin\u0117 derva<\/p>\n<\/li>\n<li data-start=\"669\" data-end=\"728\">\n<p data-start=\"671\" data-end=\"728\"><strong data-start=\"671\" data-end=\"691\">Vidurin\u0117s natos:<\/strong> osmantas, ro\u017e\u0117, \u0161afranas, jazminas<\/p>\n<\/li>\n<li data-start=\"729\" data-end=\"787\">\n<p data-start=\"731\" data-end=\"787\"><strong data-start=\"731\" data-end=\"749\">Bazin\u0117s natos:<\/strong> sandalmedis, vanil\u0117, ambra, ladanas<\/p>\n<\/li>\n<\/ul>\n<h3 data-start=\"789\" data-end=\"814\"><strong data-start=\"793\" data-end=\"814\">Kvapo charakteris<\/strong><\/h3>\n<p data-start=\"815\" data-end=\"1028\">Prabangus, \u0161iltas, gundantis ir kupinas modernios elegancijos. Tai kvapas, kuris puikiai tinka vakarui, ypatingoms progoms ar toms akimirkoms, kai norisi pasijusti unikalai, i\u0161skirtinai ir neabejotinai moteri\u0161kai.<\/p>\n<p data-start=\"1030\" data-end=\"1182\"><strong data-start=\"1030\" data-end=\"1059\">SAPHIR Glamorous Elegance<\/strong> \u2013 tai aromatas, kuris palieka nepakartojam\u0105 \u012fsp\u016bd\u012f ir grak\u0161\u010diai seka paskui tarsi kvapnus \u0161leifas, priversdamas atsisukti.<\/p>\n<p>&nbsp;<\/p>\n","protected":false},"featured_media":16530,"comment_status":"open","ping_status":"closed","template":"","meta":[],"product_brand":[],"product_cat":[43,319],"product_tag":[],"class_list":{"0":"post-16528","1":"product","2":"type-product","3":"status-publish","4":"has-post-thumbnail","6":"product_cat-grozis","7":"product_cat-kvepalai","9":"first","10":"instock","11":"taxable","12":"shipping-taxable","13":"purchasable","14":"product-type-simple"},"_links":{"self":[{"href":"https:\/\/thequeenhouse.co.uk\/lt\/wp-json\/wp\/v2\/product\/16528","targetHints":{"allow":["GET"]}}],"collection":[{"href":"https:\/\/thequeenhouse.co.uk\/lt\/wp-json\/wp\/v2\/product"}],"about":[{"href":"https:\/\/thequeenhouse.co.uk\/lt\/wp-json\/wp\/v2\/types\/product"}],"replies":[{"embeddable":true,"href":"https:\/\/thequeenhouse.co.uk\/lt\/wp-json\/wp\/v2\/comments?post=16528"}],"wp:featuredmedia":[{"embeddable":true,"href":"https:\/\/thequeenhouse.co.uk\/lt\/wp-json\/wp\/v2\/media\/16530"}],"wp:attachment":[{"href":"https:\/\/thequeenhouse.co.uk\/lt\/wp-json\/wp\/v2\/media?parent=16528"}],"wp:term":[{"taxonomy":"product_brand","embeddable":true,"href":"https:\/\/thequeenhouse.co.uk\/lt\/wp-json\/wp\/v2\/product_brand?post=16528"},{"taxonomy":"product_cat","embeddable":true,"href":"https:\/\/thequeenhouse.co.uk\/lt\/wp-json\/wp\/v2\/product_cat?post=16528"},{"taxonomy":"product_tag","embeddable":true,"href":"https:\/\/thequeenhouse.co.uk\/lt\/wp-json\/wp\/v2\/product_tag?post=16528"}],"curies":[{"name":"wp","href":"https:\/\/api.w.org\/{rel}","templated":true}]}}