{"id":16533,"date":"2025-12-29T21:57:08","date_gmt":"2025-12-29T20:57:08","guid":{"rendered":"https:\/\/thequeenhouse.co.uk\/?post_type=product&#038;p=16533"},"modified":"2025-12-29T22:00:27","modified_gmt":"2025-12-29T21:00:27","slug":"nunu-stiklu-ir-veidrodziu-valiklis-500ml-copy","status":"publish","type":"product","link":"https:\/\/thequeenhouse.co.uk\/lt\/produktas\/nunu-stiklu-ir-veidrodziu-valiklis-500ml-copy\/","title":{"rendered":"NUNU &#8211; D\u0117mi\u0173 \u0160alinimo Putos, 200 ml"},"content":{"rendered":"","protected":false},"excerpt":{"rendered":"<h2 data-start=\"226\" data-end=\"329\"><strong data-start=\"229\" data-end=\"329\">NUNU d\u0117mi\u0173 \u0161alinimo putos, 200 ml \u2013 greitas ir veiksmingas sprendimas sunkiai \u012fveikiamoms d\u0117m\u0117ms<\/strong><\/h2>\n<p data-start=\"331\" data-end=\"624\"><strong data-start=\"331\" data-end=\"360\">NUNU d\u0117mi\u0173 \u0161alinimo putos<\/strong> \u2013 tai inovatyvus produktas, sukurtas greitai ir efektyviai pa\u0161alinti \u012fvairias d\u0117mes dar prie\u0161 skalbim\u0105. Unikali formul\u0117 giliai \u012fsiskverbia \u012f audinio pluo\u0161t\u0105 ir padeda lengvai pa\u0161alinti <strong data-start=\"546\" data-end=\"587\">maisto, g\u0117rim\u0173, riebal\u0173, purvo, \u017eol\u0117s<\/strong> ir kitas sunkiai \u012fveikiamas d\u0117mes.<\/p>\n<p data-start=\"626\" data-end=\"876\">\u0160velnios, bet itin veiksmingos putos tinka <strong data-start=\"669\" data-end=\"721\">spalvotiems, baltiems ir net jautriems audiniams<\/strong>, nepa\u017eeid\u017eiant j\u0173 strukt\u016bros. Paprasta naudoti, o rezultatas pastebimas i\u0161 karto \u2013 tobula pagalba norint i\u0161laikyti skalbinius \u0161varius be dideli\u0173 pastang\u0173.<\/p>\n<h3 data-start=\"878\" data-end=\"896\"><strong data-start=\"882\" data-end=\"896\">Privalumai<\/strong><\/h3>\n<ul data-start=\"897\" data-end=\"1124\">\n<li data-start=\"897\" data-end=\"939\">\n<p data-start=\"899\" data-end=\"939\">Greitai ir giliai \u012fsiskverbia \u012f audin\u012f<\/p>\n<\/li>\n<li data-start=\"940\" data-end=\"985\">\n<p data-start=\"942\" data-end=\"985\">Efektyviai pa\u0161alina \u012fvairios kilm\u0117s d\u0117mes<\/p>\n<\/li>\n<li data-start=\"986\" data-end=\"1040\">\n<p data-start=\"988\" data-end=\"1040\">Tinka jautriems, spalvotiems ir baltiems audiniams<\/p>\n<\/li>\n<li data-start=\"1041\" data-end=\"1092\">\n<p data-start=\"1043\" data-end=\"1092\">\u0160velni formul\u0117, apsauganti audin\u012f nuo pa\u017eeidim\u0173<\/p>\n<\/li>\n<li data-start=\"1093\" data-end=\"1124\">\n<p data-start=\"1095\" data-end=\"1124\">Patogus ir lengvas naudojimas<\/p>\n<\/li>\n<\/ul>\n<h3 data-start=\"1126\" data-end=\"1144\"><strong data-start=\"1130\" data-end=\"1144\">Naudojimas<\/strong><\/h3>\n<ol data-start=\"1145\" data-end=\"1412\">\n<li data-start=\"1145\" data-end=\"1177\">\n<p data-start=\"1148\" data-end=\"1177\">Sudr\u0117kinkite d\u0117m\u0119 vandeniu.<\/p>\n<\/li>\n<li data-start=\"1178\" data-end=\"1218\">\n<p data-start=\"1181\" data-end=\"1218\">U\u017epur\u0161kite putas tiesiai ant d\u0117m\u0117s.<\/p>\n<\/li>\n<li data-start=\"1219\" data-end=\"1283\">\n<p data-start=\"1222\" data-end=\"1283\">\u0160velniai patrinkite audin\u012f ir palikite, kad putos \u012fsigert\u0173.<\/p>\n<\/li>\n<li data-start=\"1284\" data-end=\"1412\">\n<p data-start=\"1287\" data-end=\"1412\">Po apdorojimo i\u0161skalbkite pagal gamintojo rekomendacijas.<br data-start=\"1344\" data-end=\"1347\" \/><em data-start=\"1347\" data-end=\"1412\">Veikimo laikas gali skirtis pagal d\u0117m\u0117s senum\u0105 ir audinio tip\u0105.<\/em><\/p>\n<\/li>\n<\/ol>\n<h3 data-start=\"1414\" data-end=\"1429\"><strong data-start=\"1418\" data-end=\"1429\">Sud\u0117tis<\/strong><\/h3>\n<p data-start=\"1430\" data-end=\"1601\">5\u201315 % anijonini\u0173 PAM, &lt;5 % nejonini\u0173 PAM, &lt;5 % amfoterini\u0173 PAM, natrio karbonatas, d-limonenas, denat\u016bruotas etanolis, citrinos r\u016bg\u0161tis, konservantas (2-fenoksietanolis).<\/p>\n<h3 data-start=\"1603\" data-end=\"1630\"><strong data-start=\"1607\" data-end=\"1630\">Saugumo informacija<\/strong><\/h3>\n<p data-start=\"1631\" data-end=\"2061\"><strong data-start=\"1631\" data-end=\"1645\">Pavojinga.<\/strong> Dirgina od\u0105, smarkiai pa\u017eeid\u017eia akis. Laikyti vaikams nepasiekiamoje vietoje.<br data-start=\"1723\" data-end=\"1726\" \/>Patekus ant odos \u2013 nuplauti muilu ir vandeniu. Sudirgus odai \u2013 kreiptis \u012f gydytoj\u0105.<br data-start=\"1809\" data-end=\"1812\" \/>Patekus \u012f akis \u2013 kelias minutes atsargiai plauti vandeniu, i\u0161imti kontaktinius l\u0119\u0161ius (jei \u012fmanoma), t\u0119sti plovim\u0105 ir nedelsiant kreiptis \u012f gydytoj\u0105 arba Apsinuodijim\u0173 Kontrol\u0117s Biur\u0105.<br data-start=\"1996\" data-end=\"1999\" \/>Sud\u0117tyje yra <strong data-start=\"2012\" data-end=\"2026\">D-limoneno<\/strong>, gali sukelti alergin\u0119 reakcij\u0105.<\/p>\n<p data-start=\"2063\" data-end=\"2131\">Talpykl\u0105 i\u0161mesti pagal teis\u0117s akt\u0173 reikalavimus.<br data-start=\"2111\" data-end=\"2114\" \/><strong data-start=\"2114\" data-end=\"2131\">Talpa: 200 ml<\/strong><\/p>\n","protected":false},"featured_media":16535,"comment_status":"open","ping_status":"closed","template":"","meta":[],"product_brand":[],"product_cat":[44],"product_tag":[],"class_list":{"0":"post-16533","1":"product","2":"type-product","3":"status-publish","4":"has-post-thumbnail","6":"product_cat-namams","8":"first","9":"instock","10":"taxable","11":"shipping-taxable","12":"purchasable","13":"product-type-simple"},"_links":{"self":[{"href":"https:\/\/thequeenhouse.co.uk\/lt\/wp-json\/wp\/v2\/product\/16533","targetHints":{"allow":["GET"]}}],"collection":[{"href":"https:\/\/thequeenhouse.co.uk\/lt\/wp-json\/wp\/v2\/product"}],"about":[{"href":"https:\/\/thequeenhouse.co.uk\/lt\/wp-json\/wp\/v2\/types\/product"}],"replies":[{"embeddable":true,"href":"https:\/\/thequeenhouse.co.uk\/lt\/wp-json\/wp\/v2\/comments?post=16533"}],"wp:featuredmedia":[{"embeddable":true,"href":"https:\/\/thequeenhouse.co.uk\/lt\/wp-json\/wp\/v2\/media\/16535"}],"wp:attachment":[{"href":"https:\/\/thequeenhouse.co.uk\/lt\/wp-json\/wp\/v2\/media?parent=16533"}],"wp:term":[{"taxonomy":"product_brand","embeddable":true,"href":"https:\/\/thequeenhouse.co.uk\/lt\/wp-json\/wp\/v2\/product_brand?post=16533"},{"taxonomy":"product_cat","embeddable":true,"href":"https:\/\/thequeenhouse.co.uk\/lt\/wp-json\/wp\/v2\/product_cat?post=16533"},{"taxonomy":"product_tag","embeddable":true,"href":"https:\/\/thequeenhouse.co.uk\/lt\/wp-json\/wp\/v2\/product_tag?post=16533"}],"curies":[{"name":"wp","href":"https:\/\/api.w.org\/{rel}","templated":true}]}}