{"id":16539,"date":"2025-12-29T22:07:44","date_gmt":"2025-12-29T21:07:44","guid":{"rendered":"https:\/\/thequeenhouse.co.uk\/?post_type=product&#038;p=16539"},"modified":"2025-12-29T22:12:47","modified_gmt":"2025-12-29T21:12:47","slug":"reedle-shot-1000-2-step-mask-1-vnt-copy-2","status":"publish","type":"product","link":"https:\/\/thequeenhouse.co.uk\/lt\/produktas\/reedle-shot-1000-2-step-mask-1-vnt-copy-2\/","title":{"rendered":"VT Pro Cica Reedle Shot 100 2-Step Hydrogel Mask (1 vnt.)"},"content":{"rendered":"","protected":false},"excerpt":{"rendered":"<h2 data-start=\"75\" data-end=\"240\"><strong data-start=\"78\" data-end=\"240\"><span class=\"entity-underline hover:entity-accent inline cursor-pointer align-baseline\"><span class=\"whitespace-normal\">VT Cosmetics Pro Cica Reedle Shot 100 2-Step Hydrogel Mask<\/span><\/span> \u2013 dvikartinis Cica Reedle hialurono ir hydrogel lak\u0161t\u0173 kompleksas intensyviai raminan\u010diai ir atstatomai veido prie\u017ei\u016brai<\/strong><\/h2>\n<p data-start=\"242\" data-end=\"630\"><strong data-start=\"242\" data-end=\"294\">VT Pro Cica Reedle Shot 100 2-Step Hydrogel Mask<\/strong> \u2013 tai <strong data-start=\"301\" data-end=\"362\">intensyvi dviej\u0173 \u017eingsni\u0173 veido odos prie\u017ei\u016bros proced\u016bra<\/strong>, sukurta nuraminti sudirgusi\u0105, jautri\u0105 ar pa\u017eeist\u0105 od\u0105 vieno naudojimo metu. \u0160is inovatyvus rinkinys sujungia PRO CICA REEDLE technologij\u0105 ir gaus\u0173 raminan\u010di\u0173 ingredient\u0173 komplekt\u0105, kad oda tapt\u0173 lygesn\u0117, dr\u0117gnesn\u0117 ir atsparesn\u0117.<\/p>\n<h3 data-start=\"632\" data-end=\"652\"><strong data-start=\"636\" data-end=\"652\">Kas tai yra?<\/strong><\/h3>\n<p data-start=\"653\" data-end=\"715\">Tai <strong data-start=\"657\" data-end=\"702\">2 \u017eingsni\u0173 intensyvios prie\u017ei\u016bros sistema<\/strong>, kuri apima:<\/p>\n<ol data-start=\"716\" data-end=\"1098\">\n<li data-start=\"716\" data-end=\"916\">\n<p data-start=\"719\" data-end=\"916\"><strong data-start=\"719\" data-end=\"755\">Pro Cica Reedle Shot 100 serumas<\/strong> \u2013 su mikroskal\u0117s Cica Reedle technologija ir cica kompleksu, kuris ruo\u0161i\u0105 od\u0105 ir gerina aktyvi\u0173j\u0173 med\u017eiag\u0173 \u012fsiskverbim\u0105.<\/p>\n<\/li>\n<li data-start=\"917\" data-end=\"1098\">\n<p data-start=\"920\" data-end=\"1098\"><strong data-start=\"920\" data-end=\"953\">Hydrogel lak\u0161tin\u0117 veido kauk\u0117<\/strong>, prisotinta raminam\u0173j\u0173 ir dr\u0117kinan\u010di\u0173 ingredient\u0173, kurie u\u017etikrina maksimal\u0173 komfort\u0105 ir odos atgaivinim\u0105.<\/p>\n<\/li>\n<\/ol>\n<h3 data-start=\"1100\" data-end=\"1131\"><strong data-start=\"1104\" data-end=\"1131\">Pagrindiniai privalumai<\/strong><\/h3>\n<ul data-start=\"1132\" data-end=\"1697\">\n<li data-start=\"1132\" data-end=\"1254\">\n<p data-start=\"1134\" data-end=\"1254\"><strong data-start=\"1134\" data-end=\"1182\">Intensyviai ramina sudirgusi\u0105 ar jautri\u0105 od\u0105<\/strong> \u2013 ma\u017eina paraudim\u0105 ir jautrum\u0105.<\/p>\n<\/li>\n<li data-start=\"1255\" data-end=\"1397\">\n<p data-start=\"1257\" data-end=\"1397\"><strong data-start=\"1257\" data-end=\"1299\">Gilina dr\u0117kinim\u0105 ir u\u017etikrina komfort\u0105<\/strong> \u2013 hydrogel lak\u0161tai efektyviai \u201eu\u017esandarina\u201c dr\u0117gm\u0119 odoje.<\/p>\n<\/li>\n<li data-start=\"1398\" data-end=\"1565\">\n<p data-start=\"1400\" data-end=\"1565\"><strong data-start=\"1400\" data-end=\"1448\">Suteikia odai \u0161velnumo ir atgaivina tekst\u016br\u0105<\/strong> \u2013 aktyv\u016bs augaliniai ekstraktai ir niacinamidas padeda pagerinti odos b\u016bkl\u0119.<\/p>\n<\/li>\n<li data-start=\"1566\" data-end=\"1697\">\n<p data-start=\"1568\" data-end=\"1697\"><strong data-start=\"1568\" data-end=\"1602\">Skatina odos barjero atstatym\u0105<\/strong>, kad oda b\u016bt\u0173 tvirtesn\u0117 ir ma\u017eiau reaguot\u0173 \u012f dirgiklius.<\/p>\n<\/li>\n<\/ul>\n<h3 data-start=\"1699\" data-end=\"1719\"><strong data-start=\"1703\" data-end=\"1719\">Kaip naudoti<\/strong><\/h3>\n<ol data-start=\"1720\" data-end=\"2131\">\n<li data-start=\"1720\" data-end=\"1882\">\n<p data-start=\"1723\" data-end=\"1882\"><strong data-start=\"1723\" data-end=\"1738\">\u017dingsnis 1:<\/strong> Po veido valymo tolygiai u\u017etepkite <em data-start=\"1774\" data-end=\"1800\">Pro Cica Reedle Shot 100<\/em> serumo sluoksn\u012f ir \u0161velniai \u012fmasa\u017euokite.<\/p>\n<\/li>\n<li data-start=\"1883\" data-end=\"2008\">\n<p data-start=\"1886\" data-end=\"2008\"><strong data-start=\"1886\" data-end=\"1901\">\u017dingsnis 2:<\/strong> U\u017ed\u0117kite <em data-start=\"1911\" data-end=\"1926\">Hydrogel mask<\/em> ant veido, prisitaikydami prie kont\u016br\u0173.<\/p>\n<\/li>\n<li data-start=\"2009\" data-end=\"2131\">\n<p data-start=\"2012\" data-end=\"2131\">Palikite 15-20 minu\u010di\u0173, tuomet nuimkite ir \u0161velniai \u012fmasa\u017euokite likus\u012f serum\u0105.<\/p>\n<\/li>\n<\/ol>\n<h3 data-start=\"2133\" data-end=\"2151\"><strong data-start=\"2137\" data-end=\"2151\">Kam tinka?<\/strong><\/h3>\n<p data-start=\"2152\" data-end=\"2172\">Puikus pasirinkimas:<\/p>\n<ul data-start=\"2173\" data-end=\"2388\">\n<li data-start=\"2173\" data-end=\"2205\">\n<p data-start=\"2175\" data-end=\"2205\">jautriai ar sudirgusiai odai<\/p>\n<\/li>\n<li data-start=\"2206\" data-end=\"2227\">\n<p data-start=\"2208\" data-end=\"2227\">odai po proced\u016br\u0173<\/p>\n<\/li>\n<li data-start=\"2228\" data-end=\"2298\">\n<p data-start=\"2230\" data-end=\"2298\">norintiems intensyviai dr\u0117kinti, raminti ir atstatyti odos barjer\u0105<\/p>\n<\/li>\n<li data-start=\"2299\" data-end=\"2388\">\n<p data-start=\"2301\" data-end=\"2388\">odai, kuri linkusi \u012f paraudim\u0105 arba i\u0161saus\u0117jim\u0105<\/p>\n<\/li>\n<\/ul>\n","protected":false},"featured_media":16545,"comment_status":"open","ping_status":"closed","template":"","meta":[],"product_brand":[],"product_cat":[43,212],"product_tag":[],"class_list":{"0":"post-16539","1":"product","2":"type-product","3":"status-publish","4":"has-post-thumbnail","6":"product_cat-grozis","7":"product_cat-veido-prieziuros-priemones","9":"first","10":"instock","11":"taxable","12":"shipping-taxable","13":"purchasable","14":"product-type-simple"},"_links":{"self":[{"href":"https:\/\/thequeenhouse.co.uk\/lt\/wp-json\/wp\/v2\/product\/16539","targetHints":{"allow":["GET"]}}],"collection":[{"href":"https:\/\/thequeenhouse.co.uk\/lt\/wp-json\/wp\/v2\/product"}],"about":[{"href":"https:\/\/thequeenhouse.co.uk\/lt\/wp-json\/wp\/v2\/types\/product"}],"replies":[{"embeddable":true,"href":"https:\/\/thequeenhouse.co.uk\/lt\/wp-json\/wp\/v2\/comments?post=16539"}],"wp:featuredmedia":[{"embeddable":true,"href":"https:\/\/thequeenhouse.co.uk\/lt\/wp-json\/wp\/v2\/media\/16545"}],"wp:attachment":[{"href":"https:\/\/thequeenhouse.co.uk\/lt\/wp-json\/wp\/v2\/media?parent=16539"}],"wp:term":[{"taxonomy":"product_brand","embeddable":true,"href":"https:\/\/thequeenhouse.co.uk\/lt\/wp-json\/wp\/v2\/product_brand?post=16539"},{"taxonomy":"product_cat","embeddable":true,"href":"https:\/\/thequeenhouse.co.uk\/lt\/wp-json\/wp\/v2\/product_cat?post=16539"},{"taxonomy":"product_tag","embeddable":true,"href":"https:\/\/thequeenhouse.co.uk\/lt\/wp-json\/wp\/v2\/product_tag?post=16539"}],"curies":[{"name":"wp","href":"https:\/\/api.w.org\/{rel}","templated":true}]}}