{"id":16572,"date":"2026-01-07T14:15:13","date_gmt":"2026-01-07T13:15:13","guid":{"rendered":"https:\/\/thequeenhouse.co.uk\/?post_type=product&#038;p=16572"},"modified":"2026-01-07T14:21:24","modified_gmt":"2026-01-07T13:21:24","slug":"vt-pro-cica-reedle-shot-100-2-step-hydrogel-mask-1-vnt-copy","status":"publish","type":"product","link":"https:\/\/thequeenhouse.co.uk\/lt\/produktas\/vt-pro-cica-reedle-shot-100-2-step-hydrogel-mask-1-vnt-copy\/","title":{"rendered":"Namu Kvapo Lazdeles &#8211; 10vnt pakuote 60cm"},"content":{"rendered":"","protected":false},"excerpt":{"rendered":"<p data-start=\"75\" data-end=\"351\">M\u016bs\u0173 pakuot\u0117je rasite <strong data-start=\"97\" data-end=\"141\">10 itin stor\u0173 juod\u0173 difuzoriaus lazdeli\u0173<\/strong>, kuri\u0173 kiekvienos ilgis \u2013 <strong data-start=\"168\" data-end=\"177\">60 cm<\/strong>. Jos specialiai sukurtos naudoti su m\u016bs\u0173 <strong data-start=\"219\" data-end=\"256\">Kvap\u0173 ypa\u010d dideliais difuzoriais<\/strong>.<br data-start=\"257\" data-end=\"260\" \/>Optimaliam kvapo skleidimui rekomenduojame <strong data-start=\"303\" data-end=\"332\">kart\u0105 per savait\u0119 apsukti<\/strong> lazdel\u0117s krypt\u012f.<\/p>\n<p data-start=\"353\" data-end=\"616\">\u0160ios lazdel\u0117s yra <strong data-start=\"371\" data-end=\"384\">storesn\u0117s<\/strong> nei tos, kurios komplektuojamos su didesniais difuzoriais, tod\u0117l puikiai tinka tiems, kurie pageidauja <strong data-start=\"488\" data-end=\"543\">tankesni\u0173, intensyviau kvap\u0105 skleid\u017eian\u010di\u0173 lazdeli\u0173<\/strong>.<br data-start=\"544\" data-end=\"547\" \/>Geriausiam rezultatui pasiekti rekomenduojama naudoti <strong data-start=\"601\" data-end=\"615\">7 lazdeles<\/strong>.<\/p>\n<p data-start=\"618\" data-end=\"670\"><strong data-start=\"618\" data-end=\"634\">I\u0161matavimai:<\/strong><br data-start=\"634\" data-end=\"637\" \/>\u2022 Ilgis: 60 cm<br data-start=\"651\" data-end=\"654\" \/>\u2022 Storis: 5 mm<\/p>\n<p data-start=\"672\" data-end=\"742\"><strong data-start=\"672\" data-end=\"691\">Specifikacijos:<\/strong><br data-start=\"691\" data-end=\"694\" \/>\u2022 Med\u017eiaga: pluo\u0161to lazdel\u0117s<br data-start=\"722\" data-end=\"725\" \/>\u2022 Spalva: juoda<\/p>\n","protected":false},"featured_media":16576,"comment_status":"open","ping_status":"closed","template":"","meta":[],"product_brand":[],"product_cat":[44,65,303],"product_tag":[],"class_list":{"0":"post-16572","1":"product","2":"type-product","3":"status-publish","4":"has-post-thumbnail","6":"product_cat-namams","7":"product_cat-namu-kvapai","8":"product_cat-priedai","10":"first","11":"instock","12":"taxable","13":"shipping-taxable","14":"purchasable","15":"product-type-simple"},"_links":{"self":[{"href":"https:\/\/thequeenhouse.co.uk\/lt\/wp-json\/wp\/v2\/product\/16572","targetHints":{"allow":["GET"]}}],"collection":[{"href":"https:\/\/thequeenhouse.co.uk\/lt\/wp-json\/wp\/v2\/product"}],"about":[{"href":"https:\/\/thequeenhouse.co.uk\/lt\/wp-json\/wp\/v2\/types\/product"}],"replies":[{"embeddable":true,"href":"https:\/\/thequeenhouse.co.uk\/lt\/wp-json\/wp\/v2\/comments?post=16572"}],"wp:featuredmedia":[{"embeddable":true,"href":"https:\/\/thequeenhouse.co.uk\/lt\/wp-json\/wp\/v2\/media\/16576"}],"wp:attachment":[{"href":"https:\/\/thequeenhouse.co.uk\/lt\/wp-json\/wp\/v2\/media?parent=16572"}],"wp:term":[{"taxonomy":"product_brand","embeddable":true,"href":"https:\/\/thequeenhouse.co.uk\/lt\/wp-json\/wp\/v2\/product_brand?post=16572"},{"taxonomy":"product_cat","embeddable":true,"href":"https:\/\/thequeenhouse.co.uk\/lt\/wp-json\/wp\/v2\/product_cat?post=16572"},{"taxonomy":"product_tag","embeddable":true,"href":"https:\/\/thequeenhouse.co.uk\/lt\/wp-json\/wp\/v2\/product_tag?post=16572"}],"curies":[{"name":"wp","href":"https:\/\/api.w.org\/{rel}","templated":true}]}}