{"id":16578,"date":"2026-01-07T14:22:45","date_gmt":"2026-01-07T13:22:45","guid":{"rendered":"https:\/\/thequeenhouse.co.uk\/?post_type=product&#038;p=16578"},"modified":"2026-01-07T14:30:21","modified_gmt":"2026-01-07T13:30:21","slug":"namu-kvapo-lazdeles-10vnt-pakuote-60cm-copy","status":"publish","type":"product","link":"https:\/\/thequeenhouse.co.uk\/lt\/produktas\/namu-kvapo-lazdeles-10vnt-pakuote-60cm-copy\/","title":{"rendered":"Namu Kvapo Naturalios Bamboo Lazdeles &#8211; 10vnt pakuote 30cm"},"content":{"rendered":"","protected":false},"excerpt":{"rendered":"<p data-start=\"104\" data-end=\"462\"><strong data-start=\"104\" data-end=\"170\">Auk\u0161tos kokyb\u0117s nat\u016bralus ratanas optimaliam kvap\u0173 sklaidymui:<\/strong><br data-start=\"170\" data-end=\"173\" \/>I\u0161 auk\u0161tos kokyb\u0117s nat\u016bralaus ratano pagamintos difuzoriaus lazdel\u0117s u\u017etikrina puik\u0173 kvapo aliejaus \u012fsig\u0117rim\u0105 ir tolygi\u0105 sklaid\u0105. Nat\u016bralios medienos pluo\u0161to konstrukcija leid\u017eia kvapui skleistis ilgai ir tolygiai, tod\u0117l \u0161ios lazdel\u0117s puikiai tinka naudoti namuose, SPA aplinkoje ar biure.<\/p>\n<p data-start=\"464\" data-end=\"813\"><strong data-start=\"464\" data-end=\"517\">Universalios ir ilgai veikian\u010dios kvap\u0173 lazdel\u0117s:<\/strong><br data-start=\"517\" data-end=\"520\" \/>\u0160is <strong data-start=\"524\" data-end=\"538\">10 vienet\u0173<\/strong> rinkinys yra ekologi\u0161kas ir patogus sprendimas j\u016bs\u0173 kvap\u0173 difuzoriams. Nat\u016bralaus ratano lazdel\u0117s puikiai tinka naudoti su bet kokiais eteriniais aliejais ar difuzori\u0173 papildymais, suteikdamos pastovi\u0105 aromato sklaid\u0105 kelioms savait\u0117ms (priklausomai nuo naudojamo aliejaus).<\/p>\n<p data-start=\"815\" data-end=\"1102\"><strong data-start=\"815\" data-end=\"854\">Tobulas ilgis ir lankstus dizainas:<\/strong><br data-start=\"854\" data-end=\"857\" \/>Kiekvienos lazdel\u0117s ilgis yra <strong data-start=\"887\" data-end=\"896\">30 cm<\/strong>, o storis \u2014 <strong data-start=\"909\" data-end=\"917\">3 mm<\/strong>, tod\u0117l jos turi pakankam\u0105 pavir\u0161iaus plot\u0105 efektyviam kvapo sklidimui. Lazdel\u0117s tinka \u012fvairaus dyd\u017eio difuzori\u0173 buteliukams ir erdv\u0117ms, kuriose norisi juntamesnio, pastovesnio aromato.<\/p>\n<p data-start=\"1104\" data-end=\"1430\"><strong data-start=\"1104\" data-end=\"1135\">Lengva naudoti ir pakeisti:<\/strong><br data-start=\"1135\" data-end=\"1138\" \/>Tiesiog \u012fd\u0117kite lazdeles \u012f pasirinkto kvapo aliej\u0173, o nat\u016bralus ratanas absorbuos kvap\u0105 ir prad\u0117s j\u012f skleisti. Siekiant geresnio aromato sklidimo, lazdeles rekomenduojama apversti kas kelias dienas. Jas paprasta pakeisti, tod\u0117l galite m\u0117gautis nuolatiniu ir be r\u016bpes\u010di\u0173 aromaterapijos efektu.<\/p>\n<p data-start=\"1432\" data-end=\"1746\"><strong data-start=\"1432\" data-end=\"1475\">Ekologi\u0161kas ir esteti\u0161kas pasirinkimas:<\/strong><br data-start=\"1475\" data-end=\"1478\" \/>Pagamintos i\u0161 tvaraus nat\u016bralaus ratano med\u017eio, \u0161ios difuzoriaus lazdel\u0117s yra ne tik efektyvios, bet ir draugi\u0161kos aplinkai. J\u0173 minimalistinis dizainas suteikia elegancijos bet kuriai erdvei, tod\u0117l tai \u2014 funkcionalus ir stilingas nam\u0173, biuro ar SPA interjero akcentas.<\/p>\n","protected":false},"featured_media":16582,"comment_status":"open","ping_status":"closed","template":"","meta":[],"product_brand":[],"product_cat":[44,65,303],"product_tag":[],"class_list":{"0":"post-16578","1":"product","2":"type-product","3":"status-publish","4":"has-post-thumbnail","6":"product_cat-namams","7":"product_cat-namu-kvapai","8":"product_cat-priedai","10":"first","11":"instock","12":"taxable","13":"shipping-taxable","14":"purchasable","15":"product-type-simple"},"_links":{"self":[{"href":"https:\/\/thequeenhouse.co.uk\/lt\/wp-json\/wp\/v2\/product\/16578","targetHints":{"allow":["GET"]}}],"collection":[{"href":"https:\/\/thequeenhouse.co.uk\/lt\/wp-json\/wp\/v2\/product"}],"about":[{"href":"https:\/\/thequeenhouse.co.uk\/lt\/wp-json\/wp\/v2\/types\/product"}],"replies":[{"embeddable":true,"href":"https:\/\/thequeenhouse.co.uk\/lt\/wp-json\/wp\/v2\/comments?post=16578"}],"wp:featuredmedia":[{"embeddable":true,"href":"https:\/\/thequeenhouse.co.uk\/lt\/wp-json\/wp\/v2\/media\/16582"}],"wp:attachment":[{"href":"https:\/\/thequeenhouse.co.uk\/lt\/wp-json\/wp\/v2\/media?parent=16578"}],"wp:term":[{"taxonomy":"product_brand","embeddable":true,"href":"https:\/\/thequeenhouse.co.uk\/lt\/wp-json\/wp\/v2\/product_brand?post=16578"},{"taxonomy":"product_cat","embeddable":true,"href":"https:\/\/thequeenhouse.co.uk\/lt\/wp-json\/wp\/v2\/product_cat?post=16578"},{"taxonomy":"product_tag","embeddable":true,"href":"https:\/\/thequeenhouse.co.uk\/lt\/wp-json\/wp\/v2\/product_tag?post=16578"}],"curies":[{"name":"wp","href":"https:\/\/api.w.org\/{rel}","templated":true}]}}